{"id":1270,"date":"2020-08-25T06:03:57","date_gmt":"2020-08-25T06:03:57","guid":{"rendered":"http:\/\/newhome.mtgqn.org\/?page_id=1270"},"modified":"2023-09-05T22:12:28","modified_gmt":"2023-09-05T22:12:28","slug":"dac-sung","status":"publish","type":"page","link":"https:\/\/mtgqn.org\/en_us\/dac-sung\/","title":{"rendered":"Charism"},"content":{"rendered":"\t\t<div data-elementor-type=\"wp-page\" data-elementor-id=\"1270\" class=\"elementor elementor-1270\">\n\t\t\t\t\t\t<section class=\"elementor-section elementor-top-section elementor-element elementor-element-b5dcb10 elementor-section-boxed elementor-section-height-default elementor-section-height-default\" data-id=\"b5dcb10\" data-element_type=\"section\" data-no-translation=\"\">\n\t\t\t\t\t\t<div class=\"elementor-container elementor-column-gap-default\">\n\t\t\t\t\t<div class=\"elementor-column elementor-col-100 elementor-top-column elementor-element elementor-element-2e4f19f\" data-id=\"2e4f19f\" data-element_type=\"column\">\n\t\t\t<div class=\"elementor-widget-wrap elementor-element-populated\">\n\t\t\t\t\t\t<div class=\"elementor-element elementor-element-7322971 elementor-widget elementor-widget-heading\" data-id=\"7322971\" data-element_type=\"widget\" data-widget_type=\"heading.default\">\n\t\t\t\t<div class=\"elementor-widget-container\">\n\t\t\t\t\t<h1 class=\"elementor-heading-title elementor-size-default\">Charism<\/h1>\t\t\t\t<\/div>\n\t\t\t\t<\/div>\n\t\t\t\t<div class=\"elementor-element elementor-element-1e3328b elementor-widget-divider--view-line elementor-widget elementor-widget-divider\" data-id=\"1e3328b\" data-element_type=\"widget\" data-widget_type=\"divider.default\">\n\t\t\t\t<div class=\"elementor-widget-container\">\n\t\t\t\t\t\t\t<div class=\"elementor-divider\">\n\t\t\t<span class=\"elementor-divider-separator\">\n\t\t\t\t\t\t<\/span>\n\t\t<\/div>\n\t\t\t\t\t\t<\/div>\n\t\t\t\t<\/div>\n\t\t\t\t<div class=\"elementor-element elementor-element-1fb97f5 elementor-widget-divider--view-line elementor-widget elementor-widget-divider\" data-id=\"1fb97f5\" data-element_type=\"widget\" data-widget_type=\"divider.default\">\n\t\t\t\t<div class=\"elementor-widget-container\">\n\t\t\t\t\t\t\t<div class=\"elementor-divider\">\n\t\t\t<span class=\"elementor-divider-separator\">\n\t\t\t\t\t\t<\/span>\n\t\t<\/div>\n\t\t\t\t\t\t<\/div>\n\t\t\t\t<\/div>\n\t\t\t\t<div class=\"elementor-element elementor-element-aa53196 elementor-widget elementor-widget-text-editor\" data-id=\"aa53196\" data-element_type=\"widget\" data-widget_type=\"text-editor.default\">\n\t\t\t\t<div class=\"elementor-widget-container\">\n\t\t\t\t\t\t\t\t\t<p>Our Charism is to love Christ Crucified which manifested through the <strong>purpose<\/strong> and <strong>mission<\/strong> of our Congregation.<\/p>\t\t\t\t\t\t\t\t<\/div>\n\t\t\t\t<\/div>\n\t\t\t\t<div class=\"elementor-element elementor-element-c1c682b elementor-widget elementor-widget-heading\" data-id=\"c1c682b\" data-element_type=\"widget\" data-widget_type=\"heading.default\">\n\t\t\t\t<div class=\"elementor-widget-container\">\n\t\t\t\t\t<h2 class=\"elementor-heading-title elementor-size-default\">Purpose<\/h2>\t\t\t\t<\/div>\n\t\t\t\t<\/div>\n\t\t\t\t<div class=\"elementor-element elementor-element-dfeeef3 elementor-widget__width-initial elementor-widget elementor-widget-text-editor\" data-id=\"dfeeef3\" data-element_type=\"widget\" data-widget_type=\"text-editor.default\">\n\t\t\t\t<div class=\"elementor-widget-container\">\n\t\t\t\t\t\t\t\t\t<p>Our sisters are called to remember and imitate the passion of Christ to fully acquire the understanding of and love for Christ Crucified.<\/p><p>\u00a0<\/p>\t\t\t\t\t\t\t\t<\/div>\n\t\t\t\t<\/div>\n\t\t\t\t<div class=\"elementor-element elementor-element-e9ab720 elementor-widget elementor-widget-heading\" data-id=\"e9ab720\" data-element_type=\"widget\" data-widget_type=\"heading.default\">\n\t\t\t\t<div class=\"elementor-widget-container\">\n\t\t\t\t\t<h2 class=\"elementor-heading-title elementor-size-default\">Mission<\/h2>\t\t\t\t<\/div>\n\t\t\t\t<\/div>\n\t\t\t\t<div class=\"elementor-element elementor-element-3f702ad elementor-widget__width-initial elementor-widget elementor-widget-text-editor\" data-id=\"3f702ad\" data-element_type=\"widget\" data-widget_type=\"text-editor.default\">\n\t\t\t\t<div class=\"elementor-widget-container\">\n\t\t\t\t\t\t\t\t\t<p>Our mission is to unite with the sacrifice of Christ on the cross:<\/p>\n<ul>\n<li>through intercessory prayers for the conversion of those who have gone astray from the love of God and for unbelievers to know God.<\/li>\n<li>through living witness and service in the areas of faith, morality, education, social service and health care given priority to women.<\/li>\n<\/ul>\t\t\t\t\t\t\t\t<\/div>\n\t\t\t\t<\/div>\n\t\t\t\t\t<\/div>\n\t\t<\/div>\n\t\t\t\t\t<\/div>\n\t\t<\/section>\n\t\t\t\t<\/div>\n\t\t","protected":false},"excerpt":{"rendered":"<p>\u0110\u1eb7c s\u1ee7ng c\u1ee7a H\u1ed9i D\u00f2ng M\u1ebfn Th\u00e1nh Gi\u00e1 l\u00e0 y\u00eau m\u1ebfn Ch\u00faa Gi\u00easu Kit\u00f4 ch\u1ecbu \u0111\u00f3ng \u0111inh \u0111\u01b0\u1ee3c th\u1ec3 hi\u1ec7n qua m\u1ee5c \u0111\u00edch v\u00e0 s\u1ee9 m\u1ea1ng c\u1ee7a H\u1ed9i D\u00f2ng M\u1ebfn Th\u00e1nh Gia: M\u1ee5c \u0110\u00edch: Suy ni\u1ec7m m\u1ed7i ng\u00e0y nh\u1eefng \u0111au kh\u1ed5 c\u1ee7a Ch\u00faa Gi\u00easu Kit\u00f4, nh\u01b0 ph\u01b0\u01a1ng th\u1ebf h\u1eefu \u00edch nh\u1ea5t \u0111\u1ec3 \u0111\u1ea1t t\u1edbi s\u1ef1 &hellip;<\/p>\n<p class=\"read-more\"> <a class=\"\" href=\"https:\/\/mtgqn.org\/en_us\/dac-sung\/\"> <span class=\"screen-reader-text\">Charism<\/span> Read More &raquo;<\/a><\/p>\n","protected":false},"author":1,"featured_media":0,"parent":0,"menu_order":0,"comment_status":"closed","ping_status":"closed","template":"","meta":{"site-sidebar-layout":"no-sidebar","site-content-layout":"page-builder","ast-global-header-display":"","ast-banner-title-visibility":"","ast-main-header-display":"","ast-hfb-above-header-display":"","ast-hfb-below-header-display":"","ast-hfb-mobile-header-display":"","site-post-title":"disabled","ast-breadcrumbs-content":"","ast-featured-img":"disabled","footer-sml-layout":"","theme-transparent-header-meta":"default","adv-header-id-meta":"","stick-header-meta":"","header-above-stick-meta":"","header-main-stick-meta":"","header-below-stick-meta":"","footnotes":""},"class_list":["post-1270","page","type-page","status-publish","hentry"],"_links":{"self":[{"href":"https:\/\/mtgqn.org\/en_us\/wp-json\/wp\/v2\/pages\/1270","targetHints":{"allow":["GET"]}}],"collection":[{"href":"https:\/\/mtgqn.org\/en_us\/wp-json\/wp\/v2\/pages"}],"about":[{"href":"https:\/\/mtgqn.org\/en_us\/wp-json\/wp\/v2\/types\/page"}],"author":[{"embeddable":true,"href":"https:\/\/mtgqn.org\/en_us\/wp-json\/wp\/v2\/users\/1"}],"replies":[{"embeddable":true,"href":"https:\/\/mtgqn.org\/en_us\/wp-json\/wp\/v2\/comments?post=1270"}],"version-history":[{"count":66,"href":"https:\/\/mtgqn.org\/en_us\/wp-json\/wp\/v2\/pages\/1270\/revisions"}],"predecessor-version":[{"id":7616,"href":"https:\/\/mtgqn.org\/en_us\/wp-json\/wp\/v2\/pages\/1270\/revisions\/7616"}],"wp:attachment":[{"href":"https:\/\/mtgqn.org\/en_us\/wp-json\/wp\/v2\/media?parent=1270"}],"curies":[{"name":"wp","href":"https:\/\/api.w.org\/{rel}","templated":true}]}}