{"id":1272,"date":"2020-08-25T06:04:35","date_gmt":"2020-08-25T06:04:35","guid":{"rendered":"http:\/\/newhome.mtgqn.org\/?page_id=1272"},"modified":"2022-01-27T07:05:05","modified_gmt":"2022-01-27T07:05:05","slug":"su-mang","status":"publish","type":"page","link":"https:\/\/mtgqn.org\/en_us\/su-mang\/","title":{"rendered":"Spirituality"},"content":{"rendered":"\t\t<div data-elementor-type=\"wp-page\" data-elementor-id=\"1272\" class=\"elementor elementor-1272\">\n\t\t\t\t\t\t<section class=\"elementor-section elementor-top-section elementor-element elementor-element-081ec3c elementor-section-boxed elementor-section-height-default elementor-section-height-default\" data-id=\"081ec3c\" data-element_type=\"section\" data-no-translation=\"\">\n\t\t\t\t\t\t<div class=\"elementor-container elementor-column-gap-default\">\n\t\t\t\t\t<div class=\"elementor-column elementor-col-100 elementor-top-column elementor-element elementor-element-7123344\" data-id=\"7123344\" data-element_type=\"column\">\n\t\t\t<div class=\"elementor-widget-wrap elementor-element-populated\">\n\t\t\t\t\t\t<div class=\"elementor-element elementor-element-c52c851 elementor-widget elementor-widget-heading\" data-id=\"c52c851\" data-element_type=\"widget\" data-widget_type=\"heading.default\">\n\t\t\t\t<div class=\"elementor-widget-container\">\n\t\t\t\t\t<h1 class=\"elementor-heading-title elementor-size-default\">Lambertian Spirituality<\/h1>\t\t\t\t<\/div>\n\t\t\t\t<\/div>\n\t\t\t\t<div class=\"elementor-element elementor-element-37b2170 elementor-widget-divider--view-line elementor-widget elementor-widget-divider\" data-id=\"37b2170\" data-element_type=\"widget\" data-widget_type=\"divider.default\">\n\t\t\t\t<div class=\"elementor-widget-container\">\n\t\t\t\t\t\t\t<div class=\"elementor-divider\">\n\t\t\t<span class=\"elementor-divider-separator\">\n\t\t\t\t\t\t<\/span>\n\t\t<\/div>\n\t\t\t\t\t\t<\/div>\n\t\t\t\t<\/div>\n\t\t\t\t<div class=\"elementor-element elementor-element-02c8c89 elementor-widget elementor-widget-text-editor\" data-id=\"02c8c89\" data-element_type=\"widget\" data-widget_type=\"text-editor.default\">\n\t\t\t\t<div class=\"elementor-widget-container\">\n\t\t\t\t\t\t\t\t\t<p>The Lambertian Spirituality is centered on the mystery of the cross of salvation of Jesus Christ. It is manifested through the deep contemplative life, an austere life, and zealous apostolate life of our Founder, Bishop Lambert de la Motte. It is the spiritual path that our founder aspire the Lovers of the Holy Cross to perform daily: contemplation, mortification and apostolate work..&nbsp;<\/p>\t\t\t\t\t\t\t\t<\/div>\n\t\t\t\t<\/div>\n\t\t\t\t\t<\/div>\n\t\t<\/div>\n\t\t\t\t\t<\/div>\n\t\t<\/section>\n\t\t\t\t<section class=\"elementor-section elementor-top-section elementor-element elementor-element-6d98679 elementor-section-boxed elementor-section-height-default elementor-section-height-default\" data-id=\"6d98679\" data-element_type=\"section\" data-no-translation=\"\">\n\t\t\t\t\t\t<div class=\"elementor-container elementor-column-gap-default\">\n\t\t\t\t\t<div class=\"elementor-column elementor-col-33 elementor-top-column elementor-element elementor-element-3b3ceee\" data-id=\"3b3ceee\" data-element_type=\"column\">\n\t\t\t<div class=\"elementor-widget-wrap elementor-element-populated\">\n\t\t\t\t\t\t<div class=\"elementor-element elementor-element-94be401 elementor-widget elementor-widget-heading\" data-id=\"94be401\" data-element_type=\"widget\" data-widget_type=\"heading.default\">\n\t\t\t\t<div class=\"elementor-widget-container\">\n\t\t\t\t\t<h2 class=\"elementor-heading-title elementor-size-default\">Contemplation<\/h2>\t\t\t\t<\/div>\n\t\t\t\t<\/div>\n\t\t\t\t<div class=\"elementor-element elementor-element-ccd0aa7 elementor-widget__width-initial elementor-widget elementor-widget-text-editor\" data-id=\"ccd0aa7\" data-element_type=\"widget\" data-widget_type=\"text-editor.default\">\n\t\t\t\t<div class=\"elementor-widget-container\">\n\t\t\t\t\t\t\t\t\t<p>Earnestly meditate on and love Jesus Christ on the cross who sacrificed his life for the greatest love given to God the Father and all human kind.<\/p>\n<p><\/p>\t\t\t\t\t\t\t\t<\/div>\n\t\t\t\t<\/div>\n\t\t\t\t<div class=\"elementor-element elementor-element-240ae2c elementor-widget elementor-widget-image\" data-id=\"240ae2c\" data-element_type=\"widget\" data-widget_type=\"image.default\">\n\t\t\t\t<div class=\"elementor-widget-container\">\n\t\t\t\t\t\t\t\t\t\t\t\t\t\t\t<img fetchpriority=\"high\" decoding=\"async\" width=\"1024\" height=\"604\" src=\"https:\/\/mtgqn.org\/wp-content\/uploads\/2020\/11\/Praying-1024x604.jpg\" class=\"attachment-large size-large wp-image-2857\" alt=\"\" srcset=\"https:\/\/mtgqn.org\/wp-content\/uploads\/2020\/11\/Praying-1024x604.jpg 1024w, https:\/\/mtgqn.org\/wp-content\/uploads\/2020\/11\/Praying-300x177.jpg 300w, https:\/\/mtgqn.org\/wp-content\/uploads\/2020\/11\/Praying-768x453.jpg 768w, https:\/\/mtgqn.org\/wp-content\/uploads\/2020\/11\/Praying-1536x906.jpg 1536w, https:\/\/mtgqn.org\/wp-content\/uploads\/2020\/11\/Praying-2048x1208.jpg 2048w\" sizes=\"(max-width: 1024px) 100vw, 1024px\" \/>\t\t\t\t\t\t\t\t\t\t\t\t\t\t\t<\/div>\n\t\t\t\t<\/div>\n\t\t\t\t\t<\/div>\n\t\t<\/div>\n\t\t\t\t<div class=\"elementor-column elementor-col-33 elementor-top-column elementor-element elementor-element-97b956e\" data-id=\"97b956e\" data-element_type=\"column\">\n\t\t\t<div class=\"elementor-widget-wrap elementor-element-populated\">\n\t\t\t\t\t\t<div class=\"elementor-element elementor-element-d411311 elementor-widget elementor-widget-heading\" data-id=\"d411311\" data-element_type=\"widget\" data-widget_type=\"heading.default\">\n\t\t\t\t<div class=\"elementor-widget-container\">\n\t\t\t\t\t<h2 class=\"elementor-heading-title elementor-size-default\">Mortification<\/h2>\t\t\t\t<\/div>\n\t\t\t\t<\/div>\n\t\t\t\t<div class=\"elementor-element elementor-element-d0b6804 elementor-widget__width-initial elementor-widget elementor-widget-text-editor\" data-id=\"d0b6804\" data-element_type=\"widget\" data-widget_type=\"text-editor.default\">\n\t\t\t\t<div class=\"elementor-widget-container\">\n\t\t\t\t\t\t\t\t\t<p>Foster the spirit of sacrifice and yearn to be united with the mystery of Christ&#8217;s suffering.<\/p>\t\t\t\t\t\t\t\t<\/div>\n\t\t\t\t<\/div>\n\t\t\t\t<div class=\"elementor-element elementor-element-71c594a elementor-widget elementor-widget-image\" data-id=\"71c594a\" data-element_type=\"widget\" data-widget_type=\"image.default\">\n\t\t\t\t<div class=\"elementor-widget-container\">\n\t\t\t\t\t\t\t\t\t\t\t\t\t\t\t<img decoding=\"async\" width=\"1024\" height=\"576\" src=\"https:\/\/mtgqn.org\/wp-content\/uploads\/2020\/09\/DSC08914-1024x576.jpg\" class=\"attachment-large size-large wp-image-2442\" alt=\"\" srcset=\"https:\/\/mtgqn.org\/wp-content\/uploads\/2020\/09\/DSC08914-1024x576.jpg 1024w, https:\/\/mtgqn.org\/wp-content\/uploads\/2020\/09\/DSC08914-300x169.jpg 300w, https:\/\/mtgqn.org\/wp-content\/uploads\/2020\/09\/DSC08914-768x432.jpg 768w, https:\/\/mtgqn.org\/wp-content\/uploads\/2020\/09\/DSC08914-1536x864.jpg 1536w, https:\/\/mtgqn.org\/wp-content\/uploads\/2020\/09\/DSC08914.jpg 1920w\" sizes=\"(max-width: 1024px) 100vw, 1024px\" \/>\t\t\t\t\t\t\t\t\t\t\t\t\t\t\t<\/div>\n\t\t\t\t<\/div>\n\t\t\t\t\t<\/div>\n\t\t<\/div>\n\t\t\t\t<div class=\"elementor-column elementor-col-33 elementor-top-column elementor-element elementor-element-beef00b\" data-id=\"beef00b\" data-element_type=\"column\">\n\t\t\t<div class=\"elementor-widget-wrap elementor-element-populated\">\n\t\t\t\t\t\t<div class=\"elementor-element elementor-element-f50deae elementor-widget elementor-widget-heading\" data-id=\"f50deae\" data-element_type=\"widget\" data-widget_type=\"heading.default\">\n\t\t\t\t<div class=\"elementor-widget-container\">\n\t\t\t\t\t<h2 class=\"elementor-heading-title elementor-size-default\">Apostolate <\/h2>\t\t\t\t<\/div>\n\t\t\t\t<\/div>\n\t\t\t\t<div class=\"elementor-element elementor-element-d69667d elementor-widget__width-initial elementor-widget elementor-widget-text-editor\" data-id=\"d69667d\" data-element_type=\"widget\" data-widget_type=\"text-editor.default\">\n\t\t\t\t<div class=\"elementor-widget-container\">\n\t\t\t\t\t\t\t\t\t<p style=\"text-align: left;\">Live the spirit of the Gospel and zealously commit to the mission of saving souls.<\/p>\t\t\t\t\t\t\t\t<\/div>\n\t\t\t\t<\/div>\n\t\t\t\t<div class=\"elementor-element elementor-element-5692a1f elementor-widget elementor-widget-image\" data-id=\"5692a1f\" data-element_type=\"widget\" data-widget_type=\"image.default\">\n\t\t\t\t<div class=\"elementor-widget-container\">\n\t\t\t\t\t\t\t\t\t\t\t\t\t\t\t<img decoding=\"async\" width=\"551\" height=\"328\" src=\"https:\/\/mtgqn.org\/wp-content\/uploads\/2020\/11\/Confirmation-.jpg\" class=\"attachment-large size-large wp-image-2859\" alt=\"\" srcset=\"https:\/\/mtgqn.org\/wp-content\/uploads\/2020\/11\/Confirmation-.jpg 551w, https:\/\/mtgqn.org\/wp-content\/uploads\/2020\/11\/Confirmation--300x179.jpg 300w\" sizes=\"(max-width: 551px) 100vw, 551px\" \/>\t\t\t\t\t\t\t\t\t\t\t\t\t\t\t<\/div>\n\t\t\t\t<\/div>\n\t\t\t\t\t<\/div>\n\t\t<\/div>\n\t\t\t\t\t<\/div>\n\t\t<\/section>\n\t\t\t\t<\/div>\n\t\t","protected":false},"excerpt":{"rendered":"<p>Linh \u0110\u1ea1o L\u00e2m B\u00edch Linh \u0111a\u0323o Do\u0300ng M\u00ea\u0301n Tha\u0301nh Gia\u0301 t\u00e2\u0323p trung va\u0300o m\u00e2\u0300u nhi\u00ea\u0323m th\u00e2\u0323p gia\u0301 c\u01b0\u0301u \u0111\u00f4\u0323 cu\u0309a Chu\u0301a Gi\u00easu Kit\u00f4, \u0111\u01b0\u01a1\u0323c th\u00ea\u0309 hi\u00ea\u0323n qua ba chi\u00ea\u0300u ki\u0301ch: Chi\u00eam Ni\u1ec7m Chuy\u00ean t\u00e2m suy ni\u00ea\u0323m va\u0300 y\u00eau m\u00ea\u0301n Chu\u0301a Gi\u00easu Kit\u00f4 Chi\u0323u \u0110o\u0301ng \u0110inh tr\u00ean th\u00e2\u0323p gia\u0301, \u0110\u00e2\u0301ng \u0111a\u0303 thi\u0301 ma\u0323ng s\u00f4\u0301ng mi\u0300nh vi\u0300 &hellip;<\/p>\n<p class=\"read-more\"> <a class=\"\" href=\"https:\/\/mtgqn.org\/en_us\/su-mang\/\"> <span class=\"screen-reader-text\">Spirituality<\/span> Read More &raquo;<\/a><\/p>\n","protected":false},"author":1,"featured_media":0,"parent":0,"menu_order":0,"comment_status":"closed","ping_status":"closed","template":"","meta":{"site-sidebar-layout":"no-sidebar","site-content-layout":"page-builder","ast-global-header-display":"","ast-banner-title-visibility":"","ast-main-header-display":"","ast-hfb-above-header-display":"","ast-hfb-below-header-display":"","ast-hfb-mobile-header-display":"","site-post-title":"disabled","ast-breadcrumbs-content":"","ast-featured-img":"disabled","footer-sml-layout":"","theme-transparent-header-meta":"default","adv-header-id-meta":"","stick-header-meta":"","header-above-stick-meta":"","header-main-stick-meta":"","header-below-stick-meta":"","footnotes":""},"class_list":["post-1272","page","type-page","status-publish","hentry"],"_links":{"self":[{"href":"https:\/\/mtgqn.org\/en_us\/wp-json\/wp\/v2\/pages\/1272","targetHints":{"allow":["GET"]}}],"collection":[{"href":"https:\/\/mtgqn.org\/en_us\/wp-json\/wp\/v2\/pages"}],"about":[{"href":"https:\/\/mtgqn.org\/en_us\/wp-json\/wp\/v2\/types\/page"}],"author":[{"embeddable":true,"href":"https:\/\/mtgqn.org\/en_us\/wp-json\/wp\/v2\/users\/1"}],"replies":[{"embeddable":true,"href":"https:\/\/mtgqn.org\/en_us\/wp-json\/wp\/v2\/comments?post=1272"}],"version-history":[{"count":53,"href":"https:\/\/mtgqn.org\/en_us\/wp-json\/wp\/v2\/pages\/1272\/revisions"}],"predecessor-version":[{"id":6882,"href":"https:\/\/mtgqn.org\/en_us\/wp-json\/wp\/v2\/pages\/1272\/revisions\/6882"}],"wp:attachment":[{"href":"https:\/\/mtgqn.org\/en_us\/wp-json\/wp\/v2\/media?parent=1272"}],"curies":[{"name":"wp","href":"https:\/\/api.w.org\/{rel}","templated":true}]}}