{"id":1280,"date":"2020-08-25T06:10:41","date_gmt":"2020-08-25T06:10:41","guid":{"rendered":"http:\/\/newhome.mtgqn.org\/?page_id=1280"},"modified":"2025-08-21T18:01:47","modified_gmt":"2025-08-21T18:01:47","slug":"luoc-su-tinh-dong","status":"publish","type":"page","link":"https:\/\/mtgqn.org\/en_us\/luoc-su-tinh-dong\/","title":{"rendered":"Province History"},"content":{"rendered":"\t\t<div data-elementor-type=\"wp-page\" data-elementor-id=\"1280\" class=\"elementor elementor-1280\">\n\t\t\t\t\t\t<section class=\"elementor-section elementor-top-section elementor-element elementor-element-38e4679 elementor-section-boxed elementor-section-height-default elementor-section-height-default\" data-id=\"38e4679\" data-element_type=\"section\" data-no-translation=\"\">\n\t\t\t\t\t\t<div class=\"elementor-container elementor-column-gap-default\">\n\t\t\t\t\t<div class=\"elementor-column elementor-col-100 elementor-top-column elementor-element elementor-element-55954da\" data-id=\"55954da\" data-element_type=\"column\">\n\t\t\t<div class=\"elementor-widget-wrap elementor-element-populated\">\n\t\t\t\t\t\t<div class=\"elementor-element elementor-element-6c82daf elementor-widget elementor-widget-heading\" data-id=\"6c82daf\" data-element_type=\"widget\" data-widget_type=\"heading.default\">\n\t\t\t\t<div class=\"elementor-widget-container\">\n\t\t\t\t\t<h1 class=\"elementor-heading-title elementor-size-default\">Province History<\/h1>\t\t\t\t<\/div>\n\t\t\t\t<\/div>\n\t\t\t\t<div class=\"elementor-element elementor-element-4c3f8f0 elementor-widget-divider--view-line elementor-widget elementor-widget-divider\" data-id=\"4c3f8f0\" data-element_type=\"widget\" data-widget_type=\"divider.default\">\n\t\t\t\t<div class=\"elementor-widget-container\">\n\t\t\t\t\t\t\t<div class=\"elementor-divider\">\n\t\t\t<span class=\"elementor-divider-separator\">\n\t\t\t\t\t\t<\/span>\n\t\t<\/div>\n\t\t\t\t\t\t<\/div>\n\t\t\t\t<\/div>\n\t\t\t\t<div class=\"elementor-element elementor-element-82f387d elementor-widget-divider--view-line elementor-widget elementor-widget-divider\" data-id=\"82f387d\" data-element_type=\"widget\" data-widget_type=\"divider.default\">\n\t\t\t\t<div class=\"elementor-widget-container\">\n\t\t\t\t\t\t\t<div class=\"elementor-divider\">\n\t\t\t<span class=\"elementor-divider-separator\">\n\t\t\t\t\t\t<\/span>\n\t\t<\/div>\n\t\t\t\t\t\t<\/div>\n\t\t\t\t<\/div>\n\t\t\t\t\t<\/div>\n\t\t<\/div>\n\t\t\t\t\t<\/div>\n\t\t<\/section>\n\t\t\t\t<section class=\"elementor-section elementor-top-section elementor-element elementor-element-296db72 elementor-section-boxed elementor-section-height-default elementor-section-height-default\" data-id=\"296db72\" data-element_type=\"section\" data-no-translation=\"\">\n\t\t\t\t\t\t<div class=\"elementor-container elementor-column-gap-default\">\n\t\t\t\t\t<div class=\"elementor-column elementor-col-50 elementor-top-column elementor-element elementor-element-359fe7d\" data-id=\"359fe7d\" data-element_type=\"column\">\n\t\t\t<div class=\"elementor-widget-wrap elementor-element-populated\">\n\t\t\t\t\t\t<div class=\"elementor-element elementor-element-a1953dc elementor-widget-mobile__width-initial elementor-widget elementor-widget-text-editor\" data-id=\"a1953dc\" data-element_type=\"widget\" data-widget_type=\"text-editor.default\">\n\t\t\t\t<div class=\"elementor-widget-container\">\n\t\t\t\t\t\t\t\t\t<p>In 1986, Sister Rosaline Thuy Lieu Nguyen was approved by Arch Bishop John Quinn &#8211; Arch Diocese of San Francisco, to establish the Congregation of the Quinhon Missionary Sisters of the Holy Cross stationed in the Arch Diocese of San Francisco.<\/p><p>The first members of the Congregation consisted of Sr. Rosaline &#8211; the Superior, and two aspirants: Christine Kim Chi Le and Teresa Thuy Nguyen. In the beginning the sisters rented a house belonging to the Redemptorists Congregation and resided at 359 Leland Avenue, San Francisco, California.<\/p><p>In 1988, with the support of Father Patrick O\u2019Brien, CSsR, and the Congregation of the Redemptorists, the Sisters was moved to a new resident home located at 298 Southgate Avenue, Daly City, California. This is the first house resided in<span style=\"mso-spacerun: yes;\">\u00a0 <\/span>the Arch Diocese of San Francisco. During this time, Sister Josephine Dao joined Sr. Rosaline and the two aspirants living in that house.<span style=\"mso-spacerun: yes;\">\u00a0 <\/span><\/p><p>On August 27, 1988, Sister Christine Kim Chi Le and Theresa Thuy Nguyen were accepted to the Novitiate and spent their canonical year at the Dominican Sisters in Mission San Jose, California.<\/p><p>On September 22, 1990, Sister Christine Kim Chi L\u00ea made her first profession of vows at Our Lady of Mercy Parish in Daly City, California celebrated by Bishop Carlos Sevilla, S.J., Auxiliary Bishop of Arch Diocese of San Francisco.<\/p><p>In 1998, Sister M.B. Flaherty, Vicar for Religious in Archdiocese of San Francisco, introduced our Sisters to Bishop John S. Cummins in Diocese of Oakland. Bishop John Cummins approved the Sisters to establish the Novitiate in Concord, Oakland Diocese.<\/p><p>On June 17, 1994, Bishop John S. Cummins of Oakland Diocese accepted the requested and granted the establishment of our Novitiate convent at 1685 Humphrey Drive, Concord, California 94519. The Novitiate had three novices began their canonical year according to the canon law.<\/p><p>On August 6, 1995, with the permission of Bishop John S. Cummins, the welcoming of the Pastor Roger Lucey, S.J and the parishioners, our sisters were allowed to use the convent at the Church of Santa Maria in Orinda, California, as our Aspirancy formation house.<\/p><p>On January 13, 1996, Bishop John S. Cummins blessed the Aspirancy Convent of Santa Maria. The community had ten aspirants under the Superior of Sr. Josefa Ngoc Nguyen and Sr. Mary Anh Cong.<\/p><p>On November 13, 1997, we established the community of Our Lady of Angels at 1727 Humphrey Drive, Concord, California.<\/p><p>On July 1, 1998, we established the St. Joseph apostolate community located at 368 Neilson Court, San Jose, California. with the house blessing of Bishop Patrick McGrath of San Jose Diocese. Sr. Christine Kim Chi Le and Sr. Catherine Phuong Dang were assigned to do apostolate ministries at Most Holy Trinity Parish and Saint Maria Goretti in the Diocese of San Jose.<\/p><p>On July of 2002, with the permission of Bishop John S. Cummins and the welcoming of the Pastor Fr. Wayne Campbell, we establish a convent affiliated with Saint Felicitas Parish in San Leandro, California. There were five sisters who lived there and were assigned to do their ministries at the Parish.<\/p><p>In July of 2003, Sr. Josefa Ngoc Nguyen was elected as the Superior of the Congregation, successor of Sr. Rosaline Thuy Lieu Nguyen who tirelessly work hard to build up the Congregation since its founding.<\/p><p>On March of 2011, the Morning Star Community was established as a child care home.<\/p><p>The establishment of the Province on November 25, 2011<\/p><p>In 2009, Sr. Josefa Ngoc Nguyen and the council members proposed to the General Chapter in Vietnam<span style=\"mso-spacerun: yes;\">\u00a0 <\/span>to request \u201c The establishment of the Province in the United States of America.\u201d Based on the requested letter and the Constitution of the Congregation (number 132-135) of 2011, the Chapter of the Congregation was thoroughly discussed and granted the permission to establish the Province in the U.S.A.<\/p><p>From November 21-25 of 2011, the Province had its first Chapter under the guidance of Sr. Josefa Ngoc Nguyen, the presence of Mother Superior Sr. Anne Marilyne Bich Huong Pham, and of the council members. The Chapter includes the discussion of the Constitution, rules, goals, activity reports,\u2026. Election of Provincial and Council members.<\/p><p>On November 25, 2011, Mother Superior Sr. Anne Marilyn Bich Huong Pham formally recognized the Province in the USA<span style=\"mso-spacerun: yes;\">\u00a0 <\/span>with the name: QuiNhon Missionary Sisters of the Holy Cross \u2013 Province in US.<span style=\"mso-spacerun: yes;\">\u00a0 <\/span>in the official letter. The Provincial was Sr. Magdalena Kim Oanh Duong (2011-2019).<\/p><p><strong>Province current status:<\/strong><\/p><p>Consist 28 professed sisters, one novice, two aspirants. The Provincial is Sr. Theresa Lan Do. The Provincial Convent is located at 1685 Humphrey Dr. Concord, Ca 94519.\u00a0<\/p><p>We are serving in the Archdiocese of San Francisco, Diocese of Oakland, and Diocese of San Jose at 11 parishes in the areas of Faith formation, teaching, health care and visiting prison inmates.<\/p><div><img fetchpriority=\"high\" decoding=\"async\" class=\"wp-image-6051 size-medium aligncenter\" src=\"https:\/\/mtgqn.org\/wp-content\/uploads\/2021\/08\/OrindaJuly2021_slideshow_web-2-300x200.jpg\" alt=\"\" width=\"300\" height=\"200\" srcset=\"https:\/\/mtgqn.org\/wp-content\/uploads\/2021\/08\/OrindaJuly2021_slideshow_web-2-300x200.jpg 300w, https:\/\/mtgqn.org\/wp-content\/uploads\/2021\/08\/OrindaJuly2021_slideshow_web-2-1024x683.jpg 1024w, https:\/\/mtgqn.org\/wp-content\/uploads\/2021\/08\/OrindaJuly2021_slideshow_web-2-768x513.jpg 768w, https:\/\/mtgqn.org\/wp-content\/uploads\/2021\/08\/OrindaJuly2021_slideshow_web-2-16x12.jpg 16w, https:\/\/mtgqn.org\/wp-content\/uploads\/2021\/08\/OrindaJuly2021_slideshow_web-2.jpg 1350w\" sizes=\"(max-width: 300px) 100vw, 300px\" \/><\/div>\t\t\t\t\t\t\t\t<\/div>\n\t\t\t\t<\/div>\n\t\t\t\t\t<\/div>\n\t\t<\/div>\n\t\t\t\t<div class=\"elementor-column elementor-col-50 elementor-top-column elementor-element elementor-element-57124ea\" data-id=\"57124ea\" data-element_type=\"column\">\n\t\t\t<div class=\"elementor-widget-wrap elementor-element-populated\">\n\t\t\t\t\t\t<div class=\"elementor-element elementor-element-d0398b2 elementor-widget elementor-widget-text-editor\" data-id=\"d0398b2\" data-element_type=\"widget\" data-widget_type=\"text-editor.default\">\n\t\t\t\t<div class=\"elementor-widget-container\">\n\t\t\t\t\t\t\t\t\t<p style=\"text-align: center;\"><img decoding=\"async\" class=\"alignnone wp-image-1829 \" src=\"http:\/\/mtgqn.org\/wp-content\/uploads\/2020\/09\/20200904_145243-1024x768.jpg\" alt=\"\" width=\"213\" height=\"143\" \/><\/p><p style=\"text-align: center;\"><img decoding=\"async\" class=\"size-medium wp-image-1834 alignnone\" src=\"http:\/\/mtgqn.org\/wp-content\/uploads\/2020\/09\/20200904_144956-300x225.jpg\" alt=\"\" width=\"300\" height=\"225\" srcset=\"https:\/\/mtgqn.org\/wp-content\/uploads\/2020\/09\/20200904_144956-300x225.jpg 300w, https:\/\/mtgqn.org\/wp-content\/uploads\/2020\/09\/20200904_144956-1024x768.jpg 1024w, https:\/\/mtgqn.org\/wp-content\/uploads\/2020\/09\/20200904_144956-768x576.jpg 768w, https:\/\/mtgqn.org\/wp-content\/uploads\/2020\/09\/20200904_144956-1536x1152.jpg 1536w, https:\/\/mtgqn.org\/wp-content\/uploads\/2020\/09\/20200904_144956-2048x1536.jpg 2048w\" sizes=\"(max-width: 300px) 100vw, 300px\" \/><\/p><p style=\"text-align: center;\"><img loading=\"lazy\" decoding=\"async\" class=\"alignnone size-medium wp-image-1835\" src=\"http:\/\/mtgqn.org\/wp-content\/uploads\/2020\/09\/20200904_145534-300x225.jpg\" alt=\"\" width=\"300\" height=\"225\" srcset=\"https:\/\/mtgqn.org\/wp-content\/uploads\/2020\/09\/20200904_145534-300x225.jpg 300w, https:\/\/mtgqn.org\/wp-content\/uploads\/2020\/09\/20200904_145534-1024x768.jpg 1024w, https:\/\/mtgqn.org\/wp-content\/uploads\/2020\/09\/20200904_145534-768x576.jpg 768w, https:\/\/mtgqn.org\/wp-content\/uploads\/2020\/09\/20200904_145534-1536x1152.jpg 1536w, https:\/\/mtgqn.org\/wp-content\/uploads\/2020\/09\/20200904_145534-2048x1536.jpg 2048w\" sizes=\"(max-width: 300px) 100vw, 300px\" \/><\/p><p style=\"text-align: center;\"><img loading=\"lazy\" decoding=\"async\" class=\"alignnone size-medium wp-image-1859\" src=\"http:\/\/mtgqn.org\/wp-content\/uploads\/2020\/09\/Picture5-revised-2295-300x144.jpg\" alt=\"\" width=\"300\" height=\"144\" srcset=\"https:\/\/mtgqn.org\/wp-content\/uploads\/2020\/09\/Picture5-revised-2295-300x144.jpg 300w, https:\/\/mtgqn.org\/wp-content\/uploads\/2020\/09\/Picture5-revised-2295-1024x493.jpg 1024w, https:\/\/mtgqn.org\/wp-content\/uploads\/2020\/09\/Picture5-revised-2295-768x370.jpg 768w, https:\/\/mtgqn.org\/wp-content\/uploads\/2020\/09\/Picture5-revised-2295-1536x739.jpg 1536w, https:\/\/mtgqn.org\/wp-content\/uploads\/2020\/09\/Picture5-revised-2295-2048x985.jpg 2048w\" sizes=\"(max-width: 300px) 100vw, 300px\" \/><\/p><p style=\"text-align: center;\"><img loading=\"lazy\" decoding=\"async\" class=\"alignnone size-medium wp-image-1833\" src=\"http:\/\/mtgqn.org\/wp-content\/uploads\/2020\/09\/20200904_144019-300x225.jpg\" alt=\"\" width=\"300\" height=\"225\" srcset=\"https:\/\/mtgqn.org\/wp-content\/uploads\/2020\/09\/20200904_144019-300x225.jpg 300w, https:\/\/mtgqn.org\/wp-content\/uploads\/2020\/09\/20200904_144019-1024x768.jpg 1024w, https:\/\/mtgqn.org\/wp-content\/uploads\/2020\/09\/20200904_144019-768x576.jpg 768w, https:\/\/mtgqn.org\/wp-content\/uploads\/2020\/09\/20200904_144019-1536x1152.jpg 1536w, https:\/\/mtgqn.org\/wp-content\/uploads\/2020\/09\/20200904_144019-2048x1536.jpg 2048w\" sizes=\"(max-width: 300px) 100vw, 300px\" \/><\/p><p style=\"text-align: center;\"><img loading=\"lazy\" decoding=\"async\" class=\"alignnone size-medium wp-image-1831\" src=\"http:\/\/mtgqn.org\/wp-content\/uploads\/2020\/09\/20200904_153659-300x225.jpg\" alt=\"\" width=\"300\" height=\"225\" srcset=\"https:\/\/mtgqn.org\/wp-content\/uploads\/2020\/09\/20200904_153659-300x225.jpg 300w, https:\/\/mtgqn.org\/wp-content\/uploads\/2020\/09\/20200904_153659-1024x768.jpg 1024w, https:\/\/mtgqn.org\/wp-content\/uploads\/2020\/09\/20200904_153659-768x576.jpg 768w, https:\/\/mtgqn.org\/wp-content\/uploads\/2020\/09\/20200904_153659-1536x1152.jpg 1536w, https:\/\/mtgqn.org\/wp-content\/uploads\/2020\/09\/20200904_153659-2048x1536.jpg 2048w\" sizes=\"(max-width: 300px) 100vw, 300px\" \/>\u00a0 <img loading=\"lazy\" decoding=\"async\" class=\"alignnone size-medium wp-image-1827\" src=\"http:\/\/mtgqn.org\/wp-content\/uploads\/2020\/09\/20200904_144555-300x225.jpg\" alt=\"\" width=\"300\" height=\"225\" srcset=\"https:\/\/mtgqn.org\/wp-content\/uploads\/2020\/09\/20200904_144555-300x225.jpg 300w, https:\/\/mtgqn.org\/wp-content\/uploads\/2020\/09\/20200904_144555-1024x768.jpg 1024w, https:\/\/mtgqn.org\/wp-content\/uploads\/2020\/09\/20200904_144555-768x576.jpg 768w, https:\/\/mtgqn.org\/wp-content\/uploads\/2020\/09\/20200904_144555-1536x1152.jpg 1536w, https:\/\/mtgqn.org\/wp-content\/uploads\/2020\/09\/20200904_144555-2048x1536.jpg 2048w\" sizes=\"(max-width: 300px) 100vw, 300px\" \/> \u00a0<\/p><p style=\"text-align: center;\">\u00a0<\/p>\t\t\t\t\t\t\t\t<\/div>\n\t\t\t\t<\/div>\n\t\t\t\t\t<\/div>\n\t\t<\/div>\n\t\t\t\t\t<\/div>\n\t\t<\/section>\n\t\t\t\t<\/div>\n\t\t","protected":false},"excerpt":{"rendered":"<p>L\u01b0\u1ee3c S\u1eed T\u1ec9nh D\u00f2ng N\u0103m 1986, \u0110\u1ee9c cha John Quinn, T\u1ed5ng Gi\u00e1m m\u1ee5c T\u1ed5ng Gi\u00e1o ph\u1eadn San Francisco khuy\u1ebfn kh\u00edch v\u00e0 cho phe\u0301p tha\u0300nh l\u00e2\u0323p c\u00f4\u0323ng \u0111oa\u0300n M\u00ea\u0301n Tha\u0301nh Gia\u0301 Qui Nh\u01a1n \u0111\u00e2\u0300u ti\u00ean ta\u0323i T\u00f4\u0309ng Gia\u0301o ph\u00e2\u0323n San Francisco, California. Chi\u0323 Rosaline Nguy\u1ec5n Thi\u0323 Th\u00fay Li\u1ec5u \u0111\u00e3 kh\u1edfi \u0111\u1ea7u nh\u00e2\u0323n \u01a1n go\u0323i. Hai \u0111\u00ea\u0323 &hellip;<\/p>\n<p class=\"read-more\"> <a class=\"\" href=\"https:\/\/mtgqn.org\/en_us\/luoc-su-tinh-dong\/\"> <span class=\"screen-reader-text\">Province History<\/span> Read More &raquo;<\/a><\/p>\n","protected":false},"author":1,"featured_media":0,"parent":0,"menu_order":0,"comment_status":"closed","ping_status":"closed","template":"","meta":{"site-sidebar-layout":"no-sidebar","site-content-layout":"page-builder","ast-global-header-display":"","ast-banner-title-visibility":"","ast-main-header-display":"","ast-hfb-above-header-display":"","ast-hfb-below-header-display":"","ast-hfb-mobile-header-display":"","site-post-title":"disabled","ast-breadcrumbs-content":"","ast-featured-img":"disabled","footer-sml-layout":"","theme-transparent-header-meta":"default","adv-header-id-meta":"","stick-header-meta":"","header-above-stick-meta":"","header-main-stick-meta":"","header-below-stick-meta":"","footnotes":""},"class_list":["post-1280","page","type-page","status-publish","hentry"],"_links":{"self":[{"href":"https:\/\/mtgqn.org\/en_us\/wp-json\/wp\/v2\/pages\/1280","targetHints":{"allow":["GET"]}}],"collection":[{"href":"https:\/\/mtgqn.org\/en_us\/wp-json\/wp\/v2\/pages"}],"about":[{"href":"https:\/\/mtgqn.org\/en_us\/wp-json\/wp\/v2\/types\/page"}],"author":[{"embeddable":true,"href":"https:\/\/mtgqn.org\/en_us\/wp-json\/wp\/v2\/users\/1"}],"replies":[{"embeddable":true,"href":"https:\/\/mtgqn.org\/en_us\/wp-json\/wp\/v2\/comments?post=1280"}],"version-history":[{"count":220,"href":"https:\/\/mtgqn.org\/en_us\/wp-json\/wp\/v2\/pages\/1280\/revisions"}],"predecessor-version":[{"id":7879,"href":"https:\/\/mtgqn.org\/en_us\/wp-json\/wp\/v2\/pages\/1280\/revisions\/7879"}],"wp:attachment":[{"href":"https:\/\/mtgqn.org\/en_us\/wp-json\/wp\/v2\/media?parent=1280"}],"curies":[{"name":"wp","href":"https:\/\/api.w.org\/{rel}","templated":true}]}}