{"id":1282,"date":"2020-08-25T06:11:00","date_gmt":"2020-08-25T06:11:00","guid":{"rendered":"http:\/\/newhome.mtgqn.org\/?page_id=1282"},"modified":"2025-08-21T17:50:58","modified_gmt":"2025-08-21T17:50:58","slug":"cac-cong-doan","status":"publish","type":"page","link":"https:\/\/mtgqn.org\/en_us\/cac-cong-doan\/","title":{"rendered":"Province Communities"},"content":{"rendered":"\t\t<div data-elementor-type=\"wp-page\" data-elementor-id=\"1282\" class=\"elementor elementor-1282\">\n\t\t\t\t\t\t<section class=\"elementor-section elementor-top-section elementor-element elementor-element-ddd84d8 elementor-section-boxed elementor-section-height-default elementor-section-height-default\" data-id=\"ddd84d8\" data-element_type=\"section\" data-no-translation=\"\">\n\t\t\t\t\t\t<div class=\"elementor-container elementor-column-gap-default\">\n\t\t\t\t\t<div class=\"elementor-column elementor-col-100 elementor-top-column elementor-element elementor-element-38e2a8b\" data-id=\"38e2a8b\" data-element_type=\"column\">\n\t\t\t<div class=\"elementor-widget-wrap elementor-element-populated\">\n\t\t\t\t\t\t<div class=\"elementor-element elementor-element-25f3f5e elementor-widget elementor-widget-heading\" data-id=\"25f3f5e\" data-element_type=\"widget\" data-widget_type=\"heading.default\">\n\t\t\t\t<div class=\"elementor-widget-container\">\n\t\t\t\t\t<h1 class=\"elementor-heading-title elementor-size-default\">Province Communities<\/h1>\t\t\t\t<\/div>\n\t\t\t\t<\/div>\n\t\t\t\t<div class=\"elementor-element elementor-element-53e11d6 elementor-widget-divider--view-line elementor-widget elementor-widget-divider\" data-id=\"53e11d6\" data-element_type=\"widget\" data-widget_type=\"divider.default\">\n\t\t\t\t<div class=\"elementor-widget-container\">\n\t\t\t\t\t\t\t<div class=\"elementor-divider\">\n\t\t\t<span class=\"elementor-divider-separator\">\n\t\t\t\t\t\t<\/span>\n\t\t<\/div>\n\t\t\t\t\t\t<\/div>\n\t\t\t\t<\/div>\n\t\t\t\t<div class=\"elementor-element elementor-element-c8ff5e2 elementor-widget-divider--view-line elementor-widget elementor-widget-divider\" data-id=\"c8ff5e2\" data-element_type=\"widget\" data-widget_type=\"divider.default\">\n\t\t\t\t<div class=\"elementor-widget-container\">\n\t\t\t\t\t\t\t<div class=\"elementor-divider\">\n\t\t\t<span class=\"elementor-divider-separator\">\n\t\t\t\t\t\t<\/span>\n\t\t<\/div>\n\t\t\t\t\t\t<\/div>\n\t\t\t\t<\/div>\n\t\t\t\t\t<\/div>\n\t\t<\/div>\n\t\t\t\t\t<\/div>\n\t\t<\/section>\n\t\t\t\t<section class=\"elementor-section elementor-top-section elementor-element elementor-element-852944d elementor-section-boxed elementor-section-height-default elementor-section-height-default\" data-id=\"852944d\" data-element_type=\"section\" data-settings=\"{&quot;background_background&quot;:&quot;classic&quot;}\" data-no-translation=\"\">\n\t\t\t\t\t\t\t<div class=\"elementor-background-overlay\"><\/div>\n\t\t\t\t\t\t\t<div class=\"elementor-container elementor-column-gap-default\">\n\t\t\t\t\t<div class=\"elementor-column elementor-col-33 elementor-top-column elementor-element elementor-element-2fbb336\" data-id=\"2fbb336\" data-element_type=\"column\">\n\t\t\t<div class=\"elementor-widget-wrap elementor-element-populated\">\n\t\t\t\t\t\t<div class=\"elementor-element elementor-element-5e3afed elementor-widget elementor-widget-text-editor\" data-id=\"5e3afed\" data-element_type=\"widget\" data-widget_type=\"text-editor.default\">\n\t\t\t\t<div class=\"elementor-widget-container\">\n\t\t\t\t\t\t\t\t\t<p><strong>Main House-St. Theresa Novitiate<\/strong><\/p>\n<p>1685 Humphrey Drive<\/p>\n<p>Concord, CA 94519<\/p>\n<p>Tel: 925-674-9639<\/p>\t\t\t\t\t\t\t\t<\/div>\n\t\t\t\t<\/div>\n\t\t\t\t<div class=\"elementor-element elementor-element-c01cf9e elementor-widget elementor-widget-text-editor\" data-id=\"c01cf9e\" data-element_type=\"widget\" data-widget_type=\"text-editor.default\">\n\t\t\t\t<div class=\"elementor-widget-container\">\n\t\t\t\t\t\t\t\t\t<p><strong>Saint Joseph<\/strong> \u00a0\u00a0\u00a0\u00a0\u00a0\u00a0\u00a0\u00a0\u00a0\u00a0\u00a0 <\/p><p>368 Neilson Court<\/p><p>San Jose, CA 95111.\u00a0\u00a0\u00a0\u00a0\u00a0\u00a0<\/p><p>Tel: 408-362-9719<\/p>\t\t\t\t\t\t\t\t<\/div>\n\t\t\t\t<\/div>\n\t\t\t\t<div class=\"elementor-element elementor-element-f311d3b elementor-widget elementor-widget-text-editor\" data-id=\"f311d3b\" data-element_type=\"widget\" data-widget_type=\"text-editor.default\">\n\t\t\t\t<div class=\"elementor-widget-container\">\n\t\t\t\t\t\t\t\t\t<p><strong>Aspirancy Convent<\/strong> &nbsp;&nbsp;&nbsp;&nbsp;&nbsp;<\/p>\n<p>50 Santa Maria Way<\/p>\n<p>Orinda, CA 94563 &nbsp;&nbsp;&nbsp;&nbsp;&nbsp;&nbsp;&nbsp;&nbsp;&nbsp;&nbsp;&nbsp;&nbsp;&nbsp;&nbsp;&nbsp; <\/p>\n<p>Tel: 925-253-0831<\/p>\t\t\t\t\t\t\t\t<\/div>\n\t\t\t\t<\/div>\n\t\t\t\t\t<\/div>\n\t\t<\/div>\n\t\t\t\t<div class=\"elementor-column elementor-col-33 elementor-top-column elementor-element elementor-element-6558208\" data-id=\"6558208\" data-element_type=\"column\">\n\t\t\t<div class=\"elementor-widget-wrap elementor-element-populated\">\n\t\t\t\t\t\t<div class=\"elementor-element elementor-element-17cfe24 elementor-widget elementor-widget-text-editor\" data-id=\"17cfe24\" data-element_type=\"widget\" data-widget_type=\"text-editor.default\">\n\t\t\t\t<div class=\"elementor-widget-container\">\n\t\t\t\t\t\t\t\t\t<p><strong>Queen of All Angels<\/strong><\/p><p>1727 Humphrey Drive<\/p><p>Concord, CA 94519\u00a0 <\/p><p>Tel: 925-676-9320<\/p>\t\t\t\t\t\t\t\t<\/div>\n\t\t\t\t<\/div>\n\t\t\t\t<div class=\"elementor-element elementor-element-7c9661b elementor-widget elementor-widget-text-editor\" data-id=\"7c9661b\" data-element_type=\"widget\" data-widget_type=\"text-editor.default\">\n\t\t\t\t<div class=\"elementor-widget-container\">\n\t\t\t\t\t\t\t\t\t<p><strong>Morning Star &#8211; Child Care <br \/><\/strong><\/p><p>1393 Crailford Court<\/p><p>San Jose, CA 95121.\u00a0\u00a0\u00a0<\/p><p>Tel: 408-362-0148<\/p><p>\u00a0<\/p>\t\t\t\t\t\t\t\t<\/div>\n\t\t\t\t<\/div>\n\t\t\t\t\t<\/div>\n\t\t<\/div>\n\t\t\t\t<div class=\"elementor-column elementor-col-33 elementor-top-column elementor-element elementor-element-e3d4038\" data-id=\"e3d4038\" data-element_type=\"column\">\n\t\t\t<div class=\"elementor-widget-wrap elementor-element-populated\">\n\t\t\t\t\t\t<div class=\"elementor-element elementor-element-f93e692 elementor-widget elementor-widget-text-editor\" data-id=\"f93e692\" data-element_type=\"widget\" data-widget_type=\"text-editor.default\">\n\t\t\t\t<div class=\"elementor-widget-container\">\n\t\t\t\t\t\t\t\t\t<p><strong>Saint Francis Xavier <\/strong><\/p><p>298 Southgate Ave.<\/p><p>Daly City, CA 94015<\/p><p>\u0110T:415-769-5457 \u00a0\u00a0<\/p>\t\t\t\t\t\t\t\t<\/div>\n\t\t\t\t<\/div>\n\t\t\t\t<div class=\"elementor-element elementor-element-e32d1db elementor-widget elementor-widget-text-editor\" data-id=\"e32d1db\" data-element_type=\"widget\" data-widget_type=\"text-editor.default\">\n\t\t\t\t<div class=\"elementor-widget-container\">\n\t\t\t\t\t\t\t\t\t<p><strong>Our Lady of Fatima<\/strong><\/p><p>2704 Gilham Way<\/p><p>San Jose, CA 95148<\/p><p>\u0110T: 408-300-7565\u00a0<\/p>\t\t\t\t\t\t\t\t<\/div>\n\t\t\t\t<\/div>\n\t\t\t\t\t<\/div>\n\t\t<\/div>\n\t\t\t\t\t<\/div>\n\t\t<\/section>\n\t\t\t\t<\/div>\n\t\t","protected":false},"excerpt":{"rendered":"<p>C\u00e1c Tu Vi\u00ea\u0323n Ti\u0309nh Do\u0300ng Tu Vi\u00ea\u0323n Nha\u0300 Chi\u0301nh &amp; T\u00e2\u0323p Vi\u00ea\u0323n T\u00ear\u00easa 1685 Humphrey Dr. Concord, CA 94519 \u0110T: 925-674-9639 Tu Vi\u00ea\u0323n Th\u00e1nh Giuse \u00a0\u00a0\u00a0\u00a0\u00a0\u00a0\u00a0\u00a0\u00a0\u00a0\u00a0\u00a0\u00a0 368 Neilson Court San Jose, CA 95111\u00a0 \u00a0 \u00a0 \u0110T: 408-362-9719 Tu Vi\u00ea\u0323n Thanh Tuy\u1ec3n\u00a0 \u00a0 \u00a0 \u00a0 \u00a0\u00a0 50 Santa Maria Way Orinda, CA 94563\u00a0 \u00a0 \u00a0 \u00a0 &hellip;<\/p>\n<p class=\"read-more\"> <a class=\"\" href=\"https:\/\/mtgqn.org\/en_us\/cac-cong-doan\/\"> <span class=\"screen-reader-text\">Province Communities<\/span> Read More &raquo;<\/a><\/p>\n","protected":false},"author":1,"featured_media":0,"parent":0,"menu_order":0,"comment_status":"closed","ping_status":"closed","template":"","meta":{"site-sidebar-layout":"no-sidebar","site-content-layout":"page-builder","ast-global-header-display":"","ast-banner-title-visibility":"","ast-main-header-display":"","ast-hfb-above-header-display":"","ast-hfb-below-header-display":"","ast-hfb-mobile-header-display":"","site-post-title":"disabled","ast-breadcrumbs-content":"","ast-featured-img":"disabled","footer-sml-layout":"","theme-transparent-header-meta":"default","adv-header-id-meta":"","stick-header-meta":"","header-above-stick-meta":"","header-main-stick-meta":"","header-below-stick-meta":"","footnotes":""},"class_list":["post-1282","page","type-page","status-publish","hentry"],"_links":{"self":[{"href":"https:\/\/mtgqn.org\/en_us\/wp-json\/wp\/v2\/pages\/1282","targetHints":{"allow":["GET"]}}],"collection":[{"href":"https:\/\/mtgqn.org\/en_us\/wp-json\/wp\/v2\/pages"}],"about":[{"href":"https:\/\/mtgqn.org\/en_us\/wp-json\/wp\/v2\/types\/page"}],"author":[{"embeddable":true,"href":"https:\/\/mtgqn.org\/en_us\/wp-json\/wp\/v2\/users\/1"}],"replies":[{"embeddable":true,"href":"https:\/\/mtgqn.org\/en_us\/wp-json\/wp\/v2\/comments?post=1282"}],"version-history":[{"count":132,"href":"https:\/\/mtgqn.org\/en_us\/wp-json\/wp\/v2\/pages\/1282\/revisions"}],"predecessor-version":[{"id":7876,"href":"https:\/\/mtgqn.org\/en_us\/wp-json\/wp\/v2\/pages\/1282\/revisions\/7876"}],"wp:attachment":[{"href":"https:\/\/mtgqn.org\/en_us\/wp-json\/wp\/v2\/media?parent=1282"}],"curies":[{"name":"wp","href":"https:\/\/api.w.org\/{rel}","templated":true}]}}