{"id":1302,"date":"2020-08-25T06:17:16","date_gmt":"2020-08-25T06:17:16","guid":{"rendered":"http:\/\/newhome.mtgqn.org\/?page_id=1302"},"modified":"2022-10-23T06:46:19","modified_gmt":"2022-10-23T06:46:19","slug":"chuyen-on-goi","status":"publish","type":"page","link":"https:\/\/mtgqn.org\/en_us\/chuyen-on-goi\/","title":{"rendered":"Vocation"},"content":{"rendered":"\t\t<div data-elementor-type=\"wp-page\" data-elementor-id=\"1302\" class=\"elementor elementor-1302\">\n\t\t\t\t\t\t<section class=\"elementor-section elementor-top-section elementor-element elementor-element-30d9d5f elementor-section-boxed elementor-section-height-default elementor-section-height-default\" data-id=\"30d9d5f\" data-element_type=\"section\" data-no-translation=\"\">\n\t\t\t\t\t\t<div class=\"elementor-container elementor-column-gap-default\">\n\t\t\t\t\t<div class=\"elementor-column elementor-col-50 elementor-top-column elementor-element elementor-element-ade76da\" data-id=\"ade76da\" data-element_type=\"column\">\n\t\t\t<div class=\"elementor-widget-wrap elementor-element-populated\">\n\t\t\t\t\t\t<div class=\"elementor-element elementor-element-c65a4be elementor-widget elementor-widget-heading\" data-id=\"c65a4be\" data-element_type=\"widget\" data-widget_type=\"heading.default\">\n\t\t\t\t<div class=\"elementor-widget-container\">\n\t\t\t\t\t<h1 class=\"elementor-heading-title elementor-size-default\">Come &amp; See<\/h1>\t\t\t\t<\/div>\n\t\t\t\t<\/div>\n\t\t\t\t<div class=\"elementor-element elementor-element-f906167 elementor-widget-divider--view-line elementor-widget elementor-widget-divider\" data-id=\"f906167\" data-element_type=\"widget\" data-widget_type=\"divider.default\">\n\t\t\t\t<div class=\"elementor-widget-container\">\n\t\t\t\t\t\t\t<div class=\"elementor-divider\">\n\t\t\t<span class=\"elementor-divider-separator\">\n\t\t\t\t\t\t<\/span>\n\t\t<\/div>\n\t\t\t\t\t\t<\/div>\n\t\t\t\t<\/div>\n\t\t\t\t<div class=\"elementor-element elementor-element-76af0e2 elementor-widget-divider--view-line elementor-widget elementor-widget-divider\" data-id=\"76af0e2\" data-element_type=\"widget\" data-widget_type=\"divider.default\">\n\t\t\t\t<div class=\"elementor-widget-container\">\n\t\t\t\t\t\t\t<div class=\"elementor-divider\">\n\t\t\t<span class=\"elementor-divider-separator\">\n\t\t\t\t\t\t<\/span>\n\t\t<\/div>\n\t\t\t\t\t\t<\/div>\n\t\t\t\t<\/div>\n\t\t\t\t<div class=\"elementor-element elementor-element-8d1ab17 elementor-widget elementor-widget-text-editor\" data-id=\"8d1ab17\" data-element_type=\"widget\" data-widget_type=\"text-editor.default\">\n\t\t\t\t<div class=\"elementor-widget-container\">\n\t\t\t\t\t\t\t\t\t<p>&#8220;Come and See&#8221; is the invitation of Jesus to his early first Apostles. Jesus continues and still calls many souls to &#8220;Come and see&#8221; where is he staying in a religious order.<\/p><p>If you have a desire to search for God, we warmly invite to our Come &amp; See retreats to discover God&#8217;s will for your life and your vocation.<\/p>\t\t\t\t\t\t\t\t<\/div>\n\t\t\t\t<\/div>\n\t\t\t\t<div class=\"elementor-element elementor-element-30b6bb0 elementor-widget elementor-widget-text-editor\" data-id=\"30b6bb0\" data-element_type=\"widget\" data-widget_type=\"text-editor.default\">\n\t\t\t\t<div class=\"elementor-widget-container\">\n\t\t\t\t\t\t\t\t\t<h2><strong>\u00a0 \u00a0 \u00a0 \u00a0 \u00a0 \u00a0 \u00a0 \u00a0 \u00a0Prayer for Vocations<\/strong><\/h2><p>Lord Jesus, as once you called the first disciples and made them fishers of men, continue to let resound today Your sweet invitation: \u201cCome and follow me.\u201d<\/p><p>Grant to men and women in our day the grace and trust to respond to Your voice. Sustain our bishops, priests and consecrated souls in their apostolic work. Give perseverance to our seminarians and to all those living a life of total consecration to Your service. Enkindle in our communities a missionary zeal.<\/p><p>Send, Lord, workers into Your fields to feed and guide Your flock as Good Shepherds in imitation of You.<\/p><p>Mary, Mother of the Church, Model of Vocations, help us to say \u201cYes\u201d to the Lord who calls each one of us to play our part in His plan of salvation. Amen<\/p><p><em>(St John Paul II).<\/em><\/p>\t\t\t\t\t\t\t\t<\/div>\n\t\t\t\t<\/div>\n\t\t\t\t\t<\/div>\n\t\t<\/div>\n\t\t\t\t<div class=\"elementor-column elementor-col-50 elementor-top-column elementor-element elementor-element-cafee5b\" data-id=\"cafee5b\" data-element_type=\"column\">\n\t\t\t<div class=\"elementor-widget-wrap elementor-element-populated\">\n\t\t\t\t\t\t<div class=\"elementor-element elementor-element-968ab29 elementor-widget elementor-widget-video\" data-id=\"968ab29\" data-element_type=\"widget\" data-settings=\"{&quot;video_type&quot;:&quot;hosted&quot;,&quot;controls&quot;:&quot;yes&quot;}\" data-widget_type=\"video.default\">\n\t\t\t\t<div class=\"elementor-widget-container\">\n\t\t\t\t\t\t\t<div class=\"e-hosted-video elementor-wrapper elementor-open-inline\">\n\t\t\t\t\t<video class=\"elementor-video\" src=\"http:\/\/mtgqn.org\/wp-content\/uploads\/2020\/11\/CS.mov\" controls=\"\" preload=\"metadata\" controlsList=\"nodownload\"><\/video>\n\t\t\t\t<\/div>\n\t\t\t\t\t\t<\/div>\n\t\t\t\t<\/div>\n\t\t\t\t<div class=\"elementor-element elementor-element-f45bf31 elementor-widget elementor-widget-image\" data-id=\"f45bf31\" data-element_type=\"widget\" data-widget_type=\"image.default\">\n\t\t\t\t<div class=\"elementor-widget-container\">\n\t\t\t\t\t\t\t\t\t\t\t\t\t\t\t<img fetchpriority=\"high\" decoding=\"async\" width=\"900\" height=\"552\" src=\"https:\/\/mtgqn.org\/wp-content\/uploads\/2022\/10\/Vocation.jpg\" class=\"attachment-large size-large wp-image-7421\" alt=\"\" srcset=\"https:\/\/mtgqn.org\/wp-content\/uploads\/2022\/10\/Vocation.jpg 900w, https:\/\/mtgqn.org\/wp-content\/uploads\/2022\/10\/Vocation-300x184.jpg 300w, https:\/\/mtgqn.org\/wp-content\/uploads\/2022\/10\/Vocation-768x471.jpg 768w, https:\/\/mtgqn.org\/wp-content\/uploads\/2022\/10\/Vocation-16x10.jpg 16w\" sizes=\"(max-width: 900px) 100vw, 900px\" \/>\t\t\t\t\t\t\t\t\t\t\t\t\t\t\t<\/div>\n\t\t\t\t<\/div>\n\t\t\t\t\t<\/div>\n\t\t<\/div>\n\t\t\t\t\t<\/div>\n\t\t<\/section>\n\t\t\t\t<section class=\"elementor-section elementor-top-section elementor-element elementor-element-98f76fd elementor-section-boxed elementor-section-height-default elementor-section-height-default\" data-id=\"98f76fd\" data-element_type=\"section\">\n\t\t\t\t\t\t<div class=\"elementor-container elementor-column-gap-default\">\n\t\t\t\t\t<div class=\"elementor-column elementor-col-100 elementor-top-column elementor-element elementor-element-59110d6\" data-id=\"59110d6\" data-element_type=\"column\">\n\t\t\t<div class=\"elementor-widget-wrap\">\n\t\t\t\t\t\t\t<\/div>\n\t\t<\/div>\n\t\t\t\t\t<\/div>\n\t\t<\/section>\n\t\t\t\t<section class=\"elementor-section elementor-top-section elementor-element elementor-element-8c4461a elementor-section-boxed elementor-section-height-default elementor-section-height-default\" data-id=\"8c4461a\" data-element_type=\"section\" data-no-translation=\"\">\n\t\t\t\t\t\t<div class=\"elementor-container elementor-column-gap-default\">\n\t\t\t\t\t<div class=\"elementor-column elementor-col-100 elementor-top-column elementor-element elementor-element-dcd0dfd\" data-id=\"dcd0dfd\" data-element_type=\"column\">\n\t\t\t<div class=\"elementor-widget-wrap elementor-element-populated\">\n\t\t\t\t\t\t\t<\/div>\n\t\t<\/div>\n\t\t\t\t\t<\/div>\n\t\t<\/section>\n\t\t\t\t<section class=\"elementor-section elementor-top-section elementor-element elementor-element-d53872b elementor-section-boxed elementor-section-height-default elementor-section-height-default\" data-id=\"d53872b\" data-element_type=\"section\" data-no-translation=\"\">\n\t\t\t\t\t\t<div class=\"elementor-container elementor-column-gap-default\">\n\t\t\t\t\t<div class=\"elementor-column elementor-col-100 elementor-top-column elementor-element elementor-element-737605a\" data-id=\"737605a\" data-element_type=\"column\">\n\t\t\t<div class=\"elementor-widget-wrap elementor-element-populated\">\n\t\t\t\t\t\t<div class=\"elementor-element elementor-element-1a94214 elementor-widget elementor-widget-heading\" data-id=\"1a94214\" data-element_type=\"widget\" data-widget_type=\"heading.default\">\n\t\t\t\t<div class=\"elementor-widget-container\">\n\t\t\t\t\t<h2 class=\"elementor-heading-title elementor-size-default\">Come &amp; See photos<\/h2>\t\t\t\t<\/div>\n\t\t\t\t<\/div>\n\t\t\t\t<div class=\"elementor-element elementor-element-3a18dea elementor-arrows-position-inside elementor-pagination-position-outside elementor-widget elementor-widget-image-carousel\" data-id=\"3a18dea\" data-element_type=\"widget\" data-settings=\"{&quot;navigation&quot;:&quot;both&quot;,&quot;autoplay&quot;:&quot;yes&quot;,&quot;pause_on_hover&quot;:&quot;yes&quot;,&quot;pause_on_interaction&quot;:&quot;yes&quot;,&quot;autoplay_speed&quot;:5000,&quot;infinite&quot;:&quot;yes&quot;,&quot;speed&quot;:500}\" data-widget_type=\"image-carousel.default\">\n\t\t\t\t<div class=\"elementor-widget-container\">\n\t\t\t\t\t\t\t<div class=\"elementor-image-carousel-wrapper swiper\" role=\"region\" aria-roledescription=\"carousel\" aria-label=\"Image Carousel\" dir=\"ltr\">\n\t\t\t<div class=\"elementor-image-carousel swiper-wrapper\" aria-live=\"off\">\n\t\t\t\t\t\t\t\t<div class=\"swiper-slide\" role=\"group\" aria-roledescription=\"slide\" aria-label=\"1 of 22\"><figure class=\"swiper-slide-inner\"><img decoding=\"async\" class=\"swiper-slide-image\" src=\"https:\/\/mtgqn.org\/wp-content\/uploads\/2020\/09\/IMG_5859-scaled.jpg\" alt=\"IMG_5859\" \/><\/figure><\/div><div class=\"swiper-slide\" role=\"group\" aria-roledescription=\"slide\" aria-label=\"2 of 22\"><figure class=\"swiper-slide-inner\"><img decoding=\"async\" class=\"swiper-slide-image\" src=\"https:\/\/mtgqn.org\/wp-content\/uploads\/2020\/09\/IMG_5840-scaled.jpg\" alt=\"IMG_5840\" \/><\/figure><\/div><div class=\"swiper-slide\" role=\"group\" aria-roledescription=\"slide\" aria-label=\"3 of 22\"><figure class=\"swiper-slide-inner\"><img decoding=\"async\" class=\"swiper-slide-image\" src=\"https:\/\/mtgqn.org\/wp-content\/uploads\/2020\/09\/IMG_5740-scaled.jpg\" alt=\"IMG_5740\" \/><\/figure><\/div><div class=\"swiper-slide\" role=\"group\" aria-roledescription=\"slide\" aria-label=\"4 of 22\"><figure class=\"swiper-slide-inner\"><img decoding=\"async\" class=\"swiper-slide-image\" src=\"https:\/\/mtgqn.org\/wp-content\/uploads\/2020\/09\/IMG_5733-scaled.jpg\" alt=\"IMG_5733\" \/><\/figure><\/div><div class=\"swiper-slide\" role=\"group\" aria-roledescription=\"slide\" aria-label=\"5 of 22\"><figure class=\"swiper-slide-inner\"><img decoding=\"async\" class=\"swiper-slide-image\" src=\"https:\/\/mtgqn.org\/wp-content\/uploads\/2020\/09\/IMG_5723-scaled.jpg\" alt=\"IMG_5723\" \/><\/figure><\/div><div class=\"swiper-slide\" role=\"group\" aria-roledescription=\"slide\" aria-label=\"6 of 22\"><figure class=\"swiper-slide-inner\"><img decoding=\"async\" class=\"swiper-slide-image\" src=\"https:\/\/mtgqn.org\/wp-content\/uploads\/2020\/09\/20200725_180234-scaled.jpg\" alt=\"20200725_180234\" \/><\/figure><\/div><div class=\"swiper-slide\" role=\"group\" aria-roledescription=\"slide\" aria-label=\"7 of 22\"><figure class=\"swiper-slide-inner\"><img decoding=\"async\" class=\"swiper-slide-image\" src=\"https:\/\/mtgqn.org\/wp-content\/uploads\/2020\/09\/20200725_104902-scaled.jpg\" alt=\"20200725_104902\" \/><\/figure><\/div><div class=\"swiper-slide\" role=\"group\" aria-roledescription=\"slide\" aria-label=\"8 of 22\"><figure class=\"swiper-slide-inner\"><img decoding=\"async\" class=\"swiper-slide-image\" src=\"https:\/\/mtgqn.org\/wp-content\/uploads\/2020\/09\/20200725_104632-scaled.jpg\" alt=\"20200725_104632\" \/><\/figure><\/div><div class=\"swiper-slide\" role=\"group\" aria-roledescription=\"slide\" aria-label=\"9 of 22\"><figure class=\"swiper-slide-inner\"><img decoding=\"async\" class=\"swiper-slide-image\" src=\"https:\/\/mtgqn.org\/wp-content\/uploads\/2020\/08\/CS-2020.jpg\" alt=\"C&amp;S 2020\" \/><\/figure><\/div><div class=\"swiper-slide\" role=\"group\" aria-roledescription=\"slide\" aria-label=\"10 of 22\"><figure class=\"swiper-slide-inner\"><img decoding=\"async\" class=\"swiper-slide-image\" src=\"https:\/\/mtgqn.org\/wp-content\/uploads\/2020\/09\/20191116_203834_750-2.jpg\" alt=\"20191116_203834_750 (2)\" \/><\/figure><\/div><div class=\"swiper-slide\" role=\"group\" aria-roledescription=\"slide\" aria-label=\"11 of 22\"><figure class=\"swiper-slide-inner\"><img decoding=\"async\" class=\"swiper-slide-image\" src=\"https:\/\/mtgqn.org\/wp-content\/uploads\/2020\/05\/IMG_0487-scaled.jpg\" alt=\"IMG_0487\" \/><\/figure><\/div><div class=\"swiper-slide\" role=\"group\" aria-roledescription=\"slide\" aria-label=\"12 of 22\"><figure class=\"swiper-slide-inner\"><img decoding=\"async\" class=\"swiper-slide-image\" src=\"https:\/\/mtgqn.org\/wp-content\/uploads\/2020\/08\/CS_Dec2019_2-scaled.jpg\" alt=\"C&amp;S_Dec2019_2\" \/><\/figure><\/div><div class=\"swiper-slide\" role=\"group\" aria-roledescription=\"slide\" aria-label=\"13 of 22\"><figure class=\"swiper-slide-inner\"><img decoding=\"async\" class=\"swiper-slide-image\" src=\"https:\/\/mtgqn.org\/wp-content\/uploads\/2020\/08\/CS_Dec2019_3-scaled.jpg\" alt=\"C&amp;S_Dec2019_3\" \/><\/figure><\/div><div class=\"swiper-slide\" role=\"group\" aria-roledescription=\"slide\" aria-label=\"14 of 22\"><figure class=\"swiper-slide-inner\"><img decoding=\"async\" class=\"swiper-slide-image\" src=\"https:\/\/mtgqn.org\/wp-content\/uploads\/2020\/09\/20200725_170224-scaled.jpg\" alt=\"20200725_170224\" \/><\/figure><\/div><div class=\"swiper-slide\" role=\"group\" aria-roledescription=\"slide\" aria-label=\"15 of 22\"><figure class=\"swiper-slide-inner\"><img decoding=\"async\" class=\"swiper-slide-image\" src=\"https:\/\/mtgqn.org\/wp-content\/uploads\/2020\/11\/CS-Taize-3-scaled.jpg\" alt=\"C&amp;S Taize 3\" \/><\/figure><\/div><div class=\"swiper-slide\" role=\"group\" aria-roledescription=\"slide\" aria-label=\"16 of 22\"><figure class=\"swiper-slide-inner\"><img decoding=\"async\" class=\"swiper-slide-image\" src=\"https:\/\/mtgqn.org\/wp-content\/uploads\/2020\/11\/CS-Taize-2-scaled.jpg\" alt=\"C&amp;S Taize 2\" \/><\/figure><\/div><div class=\"swiper-slide\" role=\"group\" aria-roledescription=\"slide\" aria-label=\"17 of 22\"><figure class=\"swiper-slide-inner\"><img decoding=\"async\" class=\"swiper-slide-image\" src=\"https:\/\/mtgqn.org\/wp-content\/uploads\/2020\/11\/fun-scaled.jpg\" alt=\"fun\" \/><\/figure><\/div><div class=\"swiper-slide\" role=\"group\" aria-roledescription=\"slide\" aria-label=\"18 of 22\"><figure class=\"swiper-slide-inner\"><img decoding=\"async\" class=\"swiper-slide-image\" src=\"https:\/\/mtgqn.org\/wp-content\/uploads\/2020\/11\/CS-Christmas-6-scaled.jpg\" alt=\"C&amp;S Christmas 6\" \/><\/figure><\/div><div class=\"swiper-slide\" role=\"group\" aria-roledescription=\"slide\" aria-label=\"19 of 22\"><figure class=\"swiper-slide-inner\"><img decoding=\"async\" class=\"swiper-slide-image\" src=\"https:\/\/mtgqn.org\/wp-content\/uploads\/2020\/11\/CS-Christmas-2-scaled.jpg\" alt=\"C&amp;S Christmas 2\" \/><\/figure><\/div><div class=\"swiper-slide\" role=\"group\" aria-roledescription=\"slide\" aria-label=\"20 of 22\"><figure class=\"swiper-slide-inner\"><img decoding=\"async\" class=\"swiper-slide-image\" src=\"https:\/\/mtgqn.org\/wp-content\/uploads\/2020\/11\/CS-chrismas-4-scaled.jpg\" alt=\"C&amp;S chrismas 4\" \/><\/figure><\/div><div class=\"swiper-slide\" role=\"group\" aria-roledescription=\"slide\" aria-label=\"21 of 22\"><figure class=\"swiper-slide-inner\"><img decoding=\"async\" class=\"swiper-slide-image\" src=\"https:\/\/mtgqn.org\/wp-content\/uploads\/2020\/11\/CS-activity-3-scaled.jpg\" alt=\"C&amp;S activity 3\" \/><\/figure><\/div><div class=\"swiper-slide\" role=\"group\" aria-roledescription=\"slide\" aria-label=\"22 of 22\"><figure class=\"swiper-slide-inner\"><img decoding=\"async\" class=\"swiper-slide-image\" src=\"https:\/\/mtgqn.org\/wp-content\/uploads\/2020\/11\/CS-scaled.jpg\" alt=\"C&amp;S\" \/><\/figure><\/div>\t\t\t<\/div>\n\t\t\t\t\t\t\t\t\t\t\t\t<div class=\"elementor-swiper-button elementor-swiper-button-prev\" role=\"button\" tabindex=\"0\">\n\t\t\t\t\t\t<i aria-hidden=\"true\" class=\"eicon-chevron-left\"><\/i>\t\t\t\t\t<\/div>\n\t\t\t\t\t<div class=\"elementor-swiper-button elementor-swiper-button-next\" role=\"button\" tabindex=\"0\">\n\t\t\t\t\t\t<i aria-hidden=\"true\" class=\"eicon-chevron-right\"><\/i>\t\t\t\t\t<\/div>\n\t\t\t\t\n\t\t\t\t\t\t\t\t\t<div class=\"swiper-pagination\"><\/div>\n\t\t\t\t\t\t\t\t\t<\/div>\n\t\t\t\t\t\t<\/div>\n\t\t\t\t<\/div>\n\t\t\t\t\t<\/div>\n\t\t<\/div>\n\t\t\t\t\t<\/div>\n\t\t<\/section>\n\t\t\t\t<\/div>\n\t\t","protected":false},"excerpt":{"rendered":"<p>\u0110\u1ebfn v\u00e0 Xem &#8220;\u0110\u1ebfn v\u00e0 Xem&#8221; l\u00e0 l\u1eddi m\u1eddi g\u1ecdi c\u1ee7a Ch\u00faa Gi\u00easu cho c\u00e1c m\u00f4n \u0111\u1ec7 \u0111\u1ea7u ti\u00ean. Ch\u00faa Gi\u00easu v\u1eabn v\u00e0 \u0111ang ti\u1ebfp t\u1ee5c m\u1eddi g\u1ecdi bi\u1ebft bao nhi\u00eau t\u00e2m h\u1ed3n &#8220;\u0110\u1ebfn v\u00e0 Xem&#8221; n\u01a1i Ng\u00e0i \u1edf trong m\u1ed9t H\u1ed9i D\u00f2ng. N\u1ebfu b\u1ea1n \u0111ang khao kh\u00e1t t\u00ecm ki\u1ebfm Thi\u00ean Ch\u00faa, qu\u00fd S\u01a1 th\u00e2n &hellip;<\/p>\n<p class=\"read-more\"> <a class=\"\" href=\"https:\/\/mtgqn.org\/en_us\/chuyen-on-goi\/\"> <span class=\"screen-reader-text\">Vocation<\/span> Read More &raquo;<\/a><\/p>\n","protected":false},"author":1,"featured_media":0,"parent":0,"menu_order":0,"comment_status":"closed","ping_status":"closed","template":"","meta":{"site-sidebar-layout":"no-sidebar","site-content-layout":"page-builder","ast-global-header-display":"","ast-banner-title-visibility":"","ast-main-header-display":"","ast-hfb-above-header-display":"","ast-hfb-below-header-display":"","ast-hfb-mobile-header-display":"","site-post-title":"disabled","ast-breadcrumbs-content":"","ast-featured-img":"disabled","footer-sml-layout":"","theme-transparent-header-meta":"default","adv-header-id-meta":"","stick-header-meta":"","header-above-stick-meta":"","header-main-stick-meta":"","header-below-stick-meta":"","footnotes":""},"class_list":["post-1302","page","type-page","status-publish","hentry"],"_links":{"self":[{"href":"https:\/\/mtgqn.org\/en_us\/wp-json\/wp\/v2\/pages\/1302","targetHints":{"allow":["GET"]}}],"collection":[{"href":"https:\/\/mtgqn.org\/en_us\/wp-json\/wp\/v2\/pages"}],"about":[{"href":"https:\/\/mtgqn.org\/en_us\/wp-json\/wp\/v2\/types\/page"}],"author":[{"embeddable":true,"href":"https:\/\/mtgqn.org\/en_us\/wp-json\/wp\/v2\/users\/1"}],"replies":[{"embeddable":true,"href":"https:\/\/mtgqn.org\/en_us\/wp-json\/wp\/v2\/comments?post=1302"}],"version-history":[{"count":175,"href":"https:\/\/mtgqn.org\/en_us\/wp-json\/wp\/v2\/pages\/1302\/revisions"}],"predecessor-version":[{"id":7430,"href":"https:\/\/mtgqn.org\/en_us\/wp-json\/wp\/v2\/pages\/1302\/revisions\/7430"}],"wp:attachment":[{"href":"https:\/\/mtgqn.org\/en_us\/wp-json\/wp\/v2\/media?parent=1302"}],"curies":[{"name":"wp","href":"https:\/\/api.w.org\/{rel}","templated":true}]}}