{"id":1306,"date":"2020-08-25T06:18:39","date_gmt":"2020-08-25T06:18:39","guid":{"rendered":"http:\/\/newhome.mtgqn.org\/?page_id=1306"},"modified":"2025-10-20T05:20:31","modified_gmt":"2025-10-20T05:20:31","slug":"qa","status":"publish","type":"page","link":"https:\/\/mtgqn.org\/en_us\/qa\/","title":{"rendered":"Formation Stages"},"content":{"rendered":"\t\t<div data-elementor-type=\"wp-page\" data-elementor-id=\"1306\" class=\"elementor elementor-1306\">\n\t\t\t\t\t\t<section class=\"elementor-section elementor-top-section elementor-element elementor-element-39b9ace elementor-section-boxed elementor-section-height-default elementor-section-height-default\" data-id=\"39b9ace\" data-element_type=\"section\">\n\t\t\t\t\t\t<div class=\"elementor-container elementor-column-gap-default\">\n\t\t\t\t\t<div class=\"elementor-column elementor-col-100 elementor-top-column elementor-element elementor-element-9a3ab76\" data-id=\"9a3ab76\" data-element_type=\"column\">\n\t\t\t<div class=\"elementor-widget-wrap elementor-element-populated\">\n\t\t\t\t\t\t<div class=\"elementor-element elementor-element-6cf682a elementor-widget elementor-widget-heading\" data-id=\"6cf682a\" data-element_type=\"widget\" data-widget_type=\"heading.default\">\n\t\t\t\t<div class=\"elementor-widget-container\">\n\t\t\t\t\t<h2 class=\"elementor-heading-title elementor-size-default\">Ti\u1ec1n T\u1eadp Vi\u1ec7n<\/h2>\t\t\t\t<\/div>\n\t\t\t\t<\/div>\n\t\t\t\t\t<\/div>\n\t\t<\/div>\n\t\t\t\t\t<\/div>\n\t\t<\/section>\n\t\t\t\t<section class=\"elementor-section elementor-top-section elementor-element elementor-element-9797e93 elementor-section-boxed elementor-section-height-default elementor-section-height-default\" data-id=\"9797e93\" data-element_type=\"section\">\n\t\t\t\t\t\t<div class=\"elementor-container elementor-column-gap-default\">\n\t\t\t\t\t<div class=\"elementor-column elementor-col-100 elementor-top-column elementor-element elementor-element-8717d8e\" data-id=\"8717d8e\" data-element_type=\"column\">\n\t\t\t<div class=\"elementor-widget-wrap elementor-element-populated\">\n\t\t\t\t\t\t<div class=\"elementor-element elementor-element-d805ec7 elementor-widget elementor-widget-heading\" data-id=\"d805ec7\" data-element_type=\"widget\" data-widget_type=\"heading.default\">\n\t\t\t\t<div class=\"elementor-widget-container\">\n\t\t\t\t\t<h2 class=\"elementor-heading-title elementor-size-default\">T\u1eadp Vi\u1ec7n<\/h2>\t\t\t\t<\/div>\n\t\t\t\t<\/div>\n\t\t\t\t\t<\/div>\n\t\t<\/div>\n\t\t\t\t\t<\/div>\n\t\t<\/section>\n\t\t\t\t<section class=\"elementor-section elementor-top-section elementor-element elementor-element-8270412 elementor-section-boxed elementor-section-height-default elementor-section-height-default\" data-id=\"8270412\" data-element_type=\"section\">\n\t\t\t\t\t\t<div class=\"elementor-container elementor-column-gap-default\">\n\t\t\t\t\t<div class=\"elementor-column elementor-col-66 elementor-top-column elementor-element elementor-element-6f9f4dc\" data-id=\"6f9f4dc\" data-element_type=\"column\">\n\t\t\t<div class=\"elementor-widget-wrap elementor-element-populated\">\n\t\t\t\t\t\t<div class=\"elementor-element elementor-element-58e030f elementor-widget elementor-widget-heading\" data-id=\"58e030f\" data-element_type=\"widget\" data-widget_type=\"heading.default\">\n\t\t\t\t<div class=\"elementor-widget-container\">\n\t\t\t\t\t<h3 class=\"elementor-heading-title elementor-size-default\">Giai \u0111o\u1ea1n T\u1eadp sinh l\u00e0 th\u1eddi gian&nbsp; qua tr\u1ecdng nh\u1ea5t trong h\u00e0nh tr\u00ecnh hu\u1ea5n luy\u1ec7n \u0111\u1ec3 gi\u00fap \u1ee9ng sinh nh\u1eadn bi\u1ebft ch\u1eafc ch\u1eafn v\u00e0 r\u00f5 r\u00e0ng h\u01a1n \u01a1n g\u1ecdi c\u1ee7a m\u00ecnh v\u00e0 H\u1ed9i d\u00f2ng, th\u1ef1c nghi\u1ec7m l\u1ed1i s\u1ed1ng c\u1ee7a H\u1ed9i d\u00f2ng, h\u1ecdc h\u1ecfi v\u1ec1 ba l\u1eddi Kh\u1ea5n Ph\u00fac \u00c2m, u\u1ed1n n\u1eafn tr\u00ed tu\u1ec7 v\u00e0 tr\u00e1i tim theo \u0111\u1eb7c s\u1ee7ng D\u00f2ng M\u1ebfn Th\u00e1nh Gi\u00e1.\n\nTh\u1eddi h\u1ea1n T\u1eadp sinh l\u00e0 hai n\u0103m. <\/h3>\t\t\t\t<\/div>\n\t\t\t\t<\/div>\n\t\t\t\t\t<\/div>\n\t\t<\/div>\n\t\t\t\t<div class=\"elementor-column elementor-col-33 elementor-top-column elementor-element elementor-element-49df5ff\" data-id=\"49df5ff\" data-element_type=\"column\">\n\t\t\t<div class=\"elementor-widget-wrap elementor-element-populated\">\n\t\t\t\t\t\t<div class=\"elementor-element elementor-element-ac4cb7a elementor-widget elementor-widget-image\" data-id=\"ac4cb7a\" data-element_type=\"widget\" data-widget_type=\"image.default\">\n\t\t\t\t<div class=\"elementor-widget-container\">\n\t\t\t\t\t\t\t\t\t\t\t\t\t\t\t<img fetchpriority=\"high\" decoding=\"async\" width=\"200\" height=\"300\" src=\"https:\/\/mtgqn.org\/wp-content\/uploads\/2020\/09\/Nha-Tap_Trang-Ashley-1-200x300.jpg\" class=\"attachment-medium size-medium wp-image-1760\" alt=\"\" srcset=\"https:\/\/mtgqn.org\/wp-content\/uploads\/2020\/09\/Nha-Tap_Trang-Ashley-1-200x300.jpg 200w, https:\/\/mtgqn.org\/wp-content\/uploads\/2020\/09\/Nha-Tap_Trang-Ashley-1-684x1024.jpg 684w, https:\/\/mtgqn.org\/wp-content\/uploads\/2020\/09\/Nha-Tap_Trang-Ashley-1-768x1150.jpg 768w, https:\/\/mtgqn.org\/wp-content\/uploads\/2020\/09\/Nha-Tap_Trang-Ashley-1-1025x1536.jpg 1025w, https:\/\/mtgqn.org\/wp-content\/uploads\/2020\/09\/Nha-Tap_Trang-Ashley-1-1367x2048.jpg 1367w, https:\/\/mtgqn.org\/wp-content\/uploads\/2020\/09\/Nha-Tap_Trang-Ashley-1-scaled.jpg 1709w\" sizes=\"(max-width: 200px) 100vw, 200px\" \/>\t\t\t\t\t\t\t\t\t\t\t\t\t\t\t<\/div>\n\t\t\t\t<\/div>\n\t\t\t\t\t<\/div>\n\t\t<\/div>\n\t\t\t\t\t<\/div>\n\t\t<\/section>\n\t\t\t\t<section class=\"elementor-section elementor-top-section elementor-element elementor-element-83ba2fa elementor-section-boxed elementor-section-height-default elementor-section-height-default\" data-id=\"83ba2fa\" data-element_type=\"section\" data-no-translation=\"\">\n\t\t\t\t\t\t<div class=\"elementor-container elementor-column-gap-default\">\n\t\t\t\t\t<div class=\"elementor-column elementor-col-100 elementor-top-column elementor-element elementor-element-15c3b4d\" data-id=\"15c3b4d\" data-element_type=\"column\">\n\t\t\t<div class=\"elementor-widget-wrap elementor-element-populated\">\n\t\t\t\t\t\t<div class=\"elementor-element elementor-element-a4f22ff elementor-widget elementor-widget-heading\" data-id=\"a4f22ff\" data-element_type=\"widget\" data-widget_type=\"heading.default\">\n\t\t\t\t<div class=\"elementor-widget-container\">\n\t\t\t\t\t<h1 class=\"elementor-heading-title elementor-size-default\">Formation Stages<\/h1>\t\t\t\t<\/div>\n\t\t\t\t<\/div>\n\t\t\t\t<div class=\"elementor-element elementor-element-1d4862e elementor-widget-divider--view-line elementor-widget elementor-widget-divider\" data-id=\"1d4862e\" data-element_type=\"widget\" data-widget_type=\"divider.default\">\n\t\t\t\t<div class=\"elementor-widget-container\">\n\t\t\t\t\t\t\t<div class=\"elementor-divider\">\n\t\t\t<span class=\"elementor-divider-separator\">\n\t\t\t\t\t\t<\/span>\n\t\t<\/div>\n\t\t\t\t\t\t<\/div>\n\t\t\t\t<\/div>\n\t\t\t\t<div class=\"elementor-element elementor-element-69bc9d3 elementor-widget-divider--view-line elementor-widget elementor-widget-divider\" data-id=\"69bc9d3\" data-element_type=\"widget\" data-widget_type=\"divider.default\">\n\t\t\t\t<div class=\"elementor-widget-container\">\n\t\t\t\t\t\t\t<div class=\"elementor-divider\">\n\t\t\t<span class=\"elementor-divider-separator\">\n\t\t\t\t\t\t<\/span>\n\t\t<\/div>\n\t\t\t\t\t\t<\/div>\n\t\t\t\t<\/div>\n\t\t\t\t\t<\/div>\n\t\t<\/div>\n\t\t\t\t\t<\/div>\n\t\t<\/section>\n\t\t\t\t<section class=\"elementor-section elementor-top-section elementor-element elementor-element-b861dbf elementor-section-boxed elementor-section-height-default elementor-section-height-default\" data-id=\"b861dbf\" data-element_type=\"section\" data-no-translation=\"\">\n\t\t\t\t\t\t<div class=\"elementor-container elementor-column-gap-default\">\n\t\t\t\t\t<div class=\"elementor-column elementor-col-100 elementor-top-column elementor-element elementor-element-991cc83\" data-id=\"991cc83\" data-element_type=\"column\">\n\t\t\t<div class=\"elementor-widget-wrap elementor-element-populated\">\n\t\t\t\t\t\t<div class=\"elementor-element elementor-element-1902dda elementor-widget elementor-widget-heading\" data-id=\"1902dda\" data-element_type=\"widget\" data-widget_type=\"heading.default\">\n\t\t\t\t<div class=\"elementor-widget-container\">\n\t\t\t\t\t<h2 class=\"elementor-heading-title elementor-size-default\">Aspirancy<\/h2>\t\t\t\t<\/div>\n\t\t\t\t<\/div>\n\t\t\t\t<div class=\"elementor-element elementor-element-9c8b5da elementor-widget elementor-widget-text-editor\" data-id=\"9c8b5da\" data-element_type=\"widget\" data-widget_type=\"text-editor.default\">\n\t\t\t\t<div class=\"elementor-widget-container\">\n\t\t\t\t\t\t\t\t\t<p><img decoding=\"async\" class=\"alignright wp-image-2408 size-medium\" src=\"http:\/\/mtgqn.org\/wp-content\/uploads\/2020\/09\/IMG_0718-225x300.jpg\" alt=\"\" width=\"225\" height=\"300\" srcset=\"https:\/\/mtgqn.org\/wp-content\/uploads\/2020\/09\/IMG_0718-225x300.jpg 225w, https:\/\/mtgqn.org\/wp-content\/uploads\/2020\/09\/IMG_0718-768x1024.jpg 768w, https:\/\/mtgqn.org\/wp-content\/uploads\/2020\/09\/IMG_0718-1152x1536.jpg 1152w, https:\/\/mtgqn.org\/wp-content\/uploads\/2020\/09\/IMG_0718-1536x2048.jpg 1536w, https:\/\/mtgqn.org\/wp-content\/uploads\/2020\/09\/IMG_0718-scaled.jpg 1920w\" sizes=\"(max-width: 225px) 100vw, 225px\" \/><\/p><p><span style=\"font-size: 14.0pt; font-family: 'Times New Roman';\">Aspirants are catholic women who heard the call of Jesus, \u201cCome, and follow me!\u201d and aspired to respond to that call through the acceptance of entering into the Aspirancy convent.<\/span><\/p><p class=\"MsoNormal\" style=\"mso-margin-top-alt: auto; mso-margin-bottom-alt: auto;\"><span style=\"font-size: 14.0pt; font-family: 'Times New Roman';\">The purpose of this formation stage is to help Aspirants to learn about, adapt to, and discern the vocation as Lovers of the Holy Cross.<\/span><\/p><p class=\"MsoNormal\" style=\"mso-margin-top-alt: auto; mso-margin-bottom-alt: auto;\"><span style=\"font-size: 14.0pt; font-family: 'Times New Roman';\">\u00a0<\/span><\/p><p class=\"MsoNormal\" style=\"mso-margin-top-alt: auto; mso-margin-bottom-alt: auto;\"><span style=\"font-size: 14.0pt; font-family: 'Times New Roman';\">The stage of Aspirancy lasts at least one year.<\/span><\/p><p class=\"MsoNormal\" style=\"mso-margin-top-alt: auto; mso-margin-bottom-alt: auto;\"><span style=\"font-size: 14.0pt; font-family: 'Times New Roman';\">\u00a0<\/span><\/p>\t\t\t\t\t\t\t\t<\/div>\n\t\t\t\t<\/div>\n\t\t\t\t\t<\/div>\n\t\t<\/div>\n\t\t\t\t\t<\/div>\n\t\t<\/section>\n\t\t\t\t<section class=\"elementor-section elementor-top-section elementor-element elementor-element-8791913 elementor-section-boxed elementor-section-height-default elementor-section-height-default\" data-id=\"8791913\" data-element_type=\"section\" data-settings=\"{&quot;background_background&quot;:&quot;classic&quot;}\" data-no-translation=\"\">\n\t\t\t\t\t\t<div class=\"elementor-container elementor-column-gap-default\">\n\t\t\t\t\t<div class=\"elementor-column elementor-col-100 elementor-top-column elementor-element elementor-element-87c6f47\" data-id=\"87c6f47\" data-element_type=\"column\">\n\t\t\t<div class=\"elementor-widget-wrap elementor-element-populated\">\n\t\t\t\t\t\t<div class=\"elementor-element elementor-element-78eab64 elementor-widget elementor-widget-heading\" data-id=\"78eab64\" data-element_type=\"widget\" data-widget_type=\"heading.default\">\n\t\t\t\t<div class=\"elementor-widget-container\">\n\t\t\t\t\t<h2 class=\"elementor-heading-title elementor-size-default\">Postulancy<\/h2>\t\t\t\t<\/div>\n\t\t\t\t<\/div>\n\t\t\t\t<div class=\"elementor-element elementor-element-b5d407a elementor-widget elementor-widget-text-editor\" data-id=\"b5d407a\" data-element_type=\"widget\" data-widget_type=\"text-editor.default\">\n\t\t\t\t<div class=\"elementor-widget-container\">\n\t\t\t\t\t\t\t\t\t<p><img decoding=\"async\" class=\"size-medium wp-image-2937 alignright\" src=\"http:\/\/mtgqn.org\/wp-content\/uploads\/2020\/11\/IMG_0009-225x300.jpg\" alt=\"\" width=\"225\" height=\"300\" srcset=\"https:\/\/mtgqn.org\/wp-content\/uploads\/2020\/11\/IMG_0009-225x300.jpg 225w, https:\/\/mtgqn.org\/wp-content\/uploads\/2020\/11\/IMG_0009-768x1024.jpg 768w, https:\/\/mtgqn.org\/wp-content\/uploads\/2020\/11\/IMG_0009-1152x1536.jpg 1152w, https:\/\/mtgqn.org\/wp-content\/uploads\/2020\/11\/IMG_0009-1536x2048.jpg 1536w, https:\/\/mtgqn.org\/wp-content\/uploads\/2020\/11\/IMG_0009-scaled.jpg 1920w\" sizes=\"(max-width: 225px) 100vw, 225px\" \/><\/p><p><span style=\"font-size: 14.0pt; font-family: 'Times New Roman';\">Postulancy period is to prepare postulants for entering into Novitiate through deepening the life of faith, prayer through the Liturgies and meditation, our Founder, and the traditions of our Congregation.<\/span><\/p><p class=\"MsoNormal\" style=\"mso-margin-top-alt: auto; mso-margin-bottom-alt: auto;\"><span style=\"font-size: 14.0pt; font-family: 'Times New Roman';\">The purpose of this formation stage is assist postulants to deeper understand their vocation and the Congregation\u2019s.<\/span><\/p><p class=\"MsoNormal\" style=\"mso-margin-top-alt: auto; mso-margin-bottom-alt: auto;\"><span style=\"font-size: 14.0pt; font-family: 'Times New Roman';\">The stage of Postulancy lasts at least six months. <\/span><\/p>\t\t\t\t\t\t\t\t<\/div>\n\t\t\t\t<\/div>\n\t\t\t\t\t<\/div>\n\t\t<\/div>\n\t\t\t\t\t<\/div>\n\t\t<\/section>\n\t\t\t\t<section class=\"elementor-section elementor-top-section elementor-element elementor-element-3944f94 elementor-section-boxed elementor-section-height-default elementor-section-height-default\" data-id=\"3944f94\" data-element_type=\"section\" data-no-translation=\"\">\n\t\t\t\t\t\t<div class=\"elementor-container elementor-column-gap-default\">\n\t\t\t\t\t<div class=\"elementor-column elementor-col-100 elementor-top-column elementor-element elementor-element-b18381e\" data-id=\"b18381e\" data-element_type=\"column\">\n\t\t\t<div class=\"elementor-widget-wrap elementor-element-populated\">\n\t\t\t\t\t\t<div class=\"elementor-element elementor-element-1c4696d elementor-widget elementor-widget-heading\" data-id=\"1c4696d\" data-element_type=\"widget\" data-widget_type=\"heading.default\">\n\t\t\t\t<div class=\"elementor-widget-container\">\n\t\t\t\t\t<h2 class=\"elementor-heading-title elementor-size-default\">Novitiate<\/h2>\t\t\t\t<\/div>\n\t\t\t\t<\/div>\n\t\t\t\t\t<\/div>\n\t\t<\/div>\n\t\t\t\t\t<\/div>\n\t\t<\/section>\n\t\t\t\t<section class=\"elementor-section elementor-top-section elementor-element elementor-element-c4b0579 elementor-section-boxed elementor-section-height-default elementor-section-height-default\" data-id=\"c4b0579\" data-element_type=\"section\">\n\t\t\t\t\t\t<div class=\"elementor-container elementor-column-gap-default\">\n\t\t\t\t\t<div class=\"elementor-column elementor-col-66 elementor-top-column elementor-element elementor-element-f7f8267\" data-id=\"f7f8267\" data-element_type=\"column\">\n\t\t\t<div class=\"elementor-widget-wrap elementor-element-populated\">\n\t\t\t\t\t\t<div class=\"elementor-element elementor-element-7fb45c9 elementor-widget elementor-widget-heading\" data-id=\"7fb45c9\" data-element_type=\"widget\" data-widget_type=\"heading.default\">\n\t\t\t\t<div class=\"elementor-widget-container\">\n\t\t\t\t\t<h3 class=\"elementor-heading-title elementor-size-default\">Novitiate stage is the most important formation period assisting novices to clearly affirm their vocations and the Congregation\u2019s, to experience the life of the Congregation, to study the Evangelical Vows, to conform their minds and hearts to the Lambertian Spirituality.\n\nThe stage of Novitiate lasts at least two years.<\/h3>\t\t\t\t<\/div>\n\t\t\t\t<\/div>\n\t\t\t\t\t<\/div>\n\t\t<\/div>\n\t\t\t\t<div class=\"elementor-column elementor-col-33 elementor-top-column elementor-element elementor-element-80e2121\" data-id=\"80e2121\" data-element_type=\"column\">\n\t\t\t<div class=\"elementor-widget-wrap elementor-element-populated\">\n\t\t\t\t\t\t<div class=\"elementor-element elementor-element-3dd42b8 elementor-widget elementor-widget-image\" data-id=\"3dd42b8\" data-element_type=\"widget\" data-widget_type=\"image.default\">\n\t\t\t\t<div class=\"elementor-widget-container\">\n\t\t\t\t\t\t\t\t\t\t\t\t\t\t\t<img fetchpriority=\"high\" decoding=\"async\" width=\"200\" height=\"300\" src=\"https:\/\/mtgqn.org\/wp-content\/uploads\/2020\/09\/Nha-Tap_Trang-Ashley-1-200x300.jpg\" class=\"attachment-medium size-medium wp-image-1760\" alt=\"\" srcset=\"https:\/\/mtgqn.org\/wp-content\/uploads\/2020\/09\/Nha-Tap_Trang-Ashley-1-200x300.jpg 200w, https:\/\/mtgqn.org\/wp-content\/uploads\/2020\/09\/Nha-Tap_Trang-Ashley-1-684x1024.jpg 684w, https:\/\/mtgqn.org\/wp-content\/uploads\/2020\/09\/Nha-Tap_Trang-Ashley-1-768x1150.jpg 768w, https:\/\/mtgqn.org\/wp-content\/uploads\/2020\/09\/Nha-Tap_Trang-Ashley-1-1025x1536.jpg 1025w, https:\/\/mtgqn.org\/wp-content\/uploads\/2020\/09\/Nha-Tap_Trang-Ashley-1-1367x2048.jpg 1367w, https:\/\/mtgqn.org\/wp-content\/uploads\/2020\/09\/Nha-Tap_Trang-Ashley-1-scaled.jpg 1709w\" sizes=\"(max-width: 200px) 100vw, 200px\" \/>\t\t\t\t\t\t\t\t\t\t\t\t\t\t\t<\/div>\n\t\t\t\t<\/div>\n\t\t\t\t\t<\/div>\n\t\t<\/div>\n\t\t\t\t\t<\/div>\n\t\t<\/section>\n\t\t\t\t<section class=\"elementor-section elementor-top-section elementor-element elementor-element-d010fea elementor-section-boxed elementor-section-height-default elementor-section-height-default\" data-id=\"d010fea\" data-element_type=\"section\" data-settings=\"{&quot;background_background&quot;:&quot;classic&quot;}\" data-no-translation=\"\">\n\t\t\t\t\t\t<div class=\"elementor-container elementor-column-gap-default\">\n\t\t\t\t\t<div class=\"elementor-column elementor-col-100 elementor-top-column elementor-element elementor-element-cd50d3f\" data-id=\"cd50d3f\" data-element_type=\"column\">\n\t\t\t<div class=\"elementor-widget-wrap elementor-element-populated\">\n\t\t\t\t\t\t<div class=\"elementor-element elementor-element-52559bb elementor-widget elementor-widget-heading\" data-id=\"52559bb\" data-element_type=\"widget\" data-widget_type=\"heading.default\">\n\t\t\t\t<div class=\"elementor-widget-container\">\n\t\t\t\t\t<h2 class=\"elementor-heading-title elementor-size-default\">Juniorate<\/h2>\t\t\t\t<\/div>\n\t\t\t\t<\/div>\n\t\t\t\t<div class=\"elementor-element elementor-element-291946c elementor-widget elementor-widget-text-editor\" data-id=\"291946c\" data-element_type=\"widget\" data-widget_type=\"text-editor.default\">\n\t\t\t\t<div class=\"elementor-widget-container\">\n\t\t\t\t\t\t\t\t\t<p><img loading=\"lazy\" decoding=\"async\" class=\"wp-image-2941 alignleft\" src=\"http:\/\/mtgqn.org\/wp-content\/uploads\/2020\/11\/IMG_7650-scaled-e1604874022810-209x300.jpg\" alt=\"\" width=\"215\" height=\"308\" srcset=\"https:\/\/mtgqn.org\/wp-content\/uploads\/2020\/11\/IMG_7650-scaled-e1604874022810-209x300.jpg 209w, https:\/\/mtgqn.org\/wp-content\/uploads\/2020\/11\/IMG_7650-scaled-e1604874022810-714x1024.jpg 714w, https:\/\/mtgqn.org\/wp-content\/uploads\/2020\/11\/IMG_7650-scaled-e1604874022810-768x1102.jpg 768w, https:\/\/mtgqn.org\/wp-content\/uploads\/2020\/11\/IMG_7650-scaled-e1604874022810.jpg 1030w\" sizes=\"(max-width: 215px) 100vw, 215px\" \/><\/p>\n<p><img loading=\"lazy\" decoding=\"async\" class=\"size-medium wp-image-1973 alignright\" src=\"http:\/\/mtgqn.org\/wp-content\/uploads\/2020\/09\/2014LeKhan-338-scaled-e1604865313597-138x300.jpg\" alt=\"\" width=\"138\" height=\"300\" srcset=\"https:\/\/mtgqn.org\/wp-content\/uploads\/2020\/09\/2014LeKhan-338-scaled-e1604865313597-138x300.jpg 138w, https:\/\/mtgqn.org\/wp-content\/uploads\/2020\/09\/2014LeKhan-338-scaled-e1604865313597-471x1024.jpg 471w, https:\/\/mtgqn.org\/wp-content\/uploads\/2020\/09\/2014LeKhan-338-scaled-e1604865313597-768x1669.jpg 768w, https:\/\/mtgqn.org\/wp-content\/uploads\/2020\/09\/2014LeKhan-338-scaled-e1604865313597-707x1536.jpg 707w, https:\/\/mtgqn.org\/wp-content\/uploads\/2020\/09\/2014LeKhan-338-scaled-e1604865313597-942x2048.jpg 942w, https:\/\/mtgqn.org\/wp-content\/uploads\/2020\/09\/2014LeKhan-338-scaled-e1604865313597.jpg 1004w\" sizes=\"(max-width: 138px) 100vw, 138px\" \/><\/p>\n<p class=\"MsoNormal\"><span style=\"font-size: 14.0pt; font-family: 'Times New Roman'; mso-fareast-font-family: 'Times New Roman';\">Juniorate stage is the period where temporary professed sisters totally dedicate and completely commit to Jesus Christ through living a particular way of life of the Congregation and a life of the Evangelical counsels.<\/span><\/p>\n<p class=\"MsoNormal\"><span style=\"font-size: 14.0pt; font-family: 'Times New Roman'; mso-fareast-font-family: 'Times New Roman';\">The stage of temporary vows lasts at least five years before perpetual vows.<\/span><\/p>\n<p><\/p>\t\t\t\t\t\t\t\t<\/div>\n\t\t\t\t<\/div>\n\t\t\t\t\t<\/div>\n\t\t<\/div>\n\t\t\t\t\t<\/div>\n\t\t<\/section>\n\t\t\t\t<\/div>\n\t\t","protected":false},"excerpt":{"rendered":"<p>Giai \u0110o\u1ea1n Hu\u1ea5n Luy\u1ec7n Thanh Tuy\u1ec3n Thanh tuy\u1ec3n l\u00e0 nh\u1eefng b\u1ea1n n\u1eef tr\u00ean 18 tu\u1ed5i nghe \u0111\u01b0\u1ee3c l\u1eddi m\u1eddi g\u1ecdi c\u1ee7a Ch\u00faa Gi\u00easu: &#8220;H\u00e3y theo Th\u1ea7y!&#8221; v\u00e0 c\u00e1c b\u1ea1n \u0111\u00e1p l\u1ea1i l\u1eddi m\u1eddi g\u1ecdi \u0111\u00f3 qua vi\u1ec7c gia nh\u1eadp c\u1ed9ng \u0111o\u00e0n Thanh tuy\u1ec3n c\u1ee7a H\u1ed9i D\u00f2ng.\u00a0 M\u1ee5c \u0111\u00edch giai \u0111o\u1ea1i Thanh tuy\u1ec3n l\u00e0 gi\u00fap cho &hellip;<\/p>\n<p class=\"read-more\"> <a class=\"\" href=\"https:\/\/mtgqn.org\/en_us\/qa\/\"> <span class=\"screen-reader-text\">Formation Stages<\/span> Read More &raquo;<\/a><\/p>\n","protected":false},"author":1,"featured_media":0,"parent":0,"menu_order":0,"comment_status":"closed","ping_status":"closed","template":"","meta":{"site-sidebar-layout":"no-sidebar","site-content-layout":"page-builder","ast-global-header-display":"","ast-banner-title-visibility":"","ast-main-header-display":"","ast-hfb-above-header-display":"","ast-hfb-below-header-display":"","ast-hfb-mobile-header-display":"","site-post-title":"disabled","ast-breadcrumbs-content":"","ast-featured-img":"disabled","footer-sml-layout":"","theme-transparent-header-meta":"default","adv-header-id-meta":"","stick-header-meta":"","header-above-stick-meta":"","header-main-stick-meta":"","header-below-stick-meta":"","footnotes":""},"class_list":["post-1306","page","type-page","status-publish","hentry"],"_links":{"self":[{"href":"https:\/\/mtgqn.org\/en_us\/wp-json\/wp\/v2\/pages\/1306","targetHints":{"allow":["GET"]}}],"collection":[{"href":"https:\/\/mtgqn.org\/en_us\/wp-json\/wp\/v2\/pages"}],"about":[{"href":"https:\/\/mtgqn.org\/en_us\/wp-json\/wp\/v2\/types\/page"}],"author":[{"embeddable":true,"href":"https:\/\/mtgqn.org\/en_us\/wp-json\/wp\/v2\/users\/1"}],"replies":[{"embeddable":true,"href":"https:\/\/mtgqn.org\/en_us\/wp-json\/wp\/v2\/comments?post=1306"}],"version-history":[{"count":54,"href":"https:\/\/mtgqn.org\/en_us\/wp-json\/wp\/v2\/pages\/1306\/revisions"}],"predecessor-version":[{"id":7894,"href":"https:\/\/mtgqn.org\/en_us\/wp-json\/wp\/v2\/pages\/1306\/revisions\/7894"}],"wp:attachment":[{"href":"https:\/\/mtgqn.org\/en_us\/wp-json\/wp\/v2\/media?parent=1306"}],"curies":[{"name":"wp","href":"https:\/\/api.w.org\/{rel}","templated":true}]}}