{"id":1270,"date":"2020-08-25T06:03:57","date_gmt":"2020-08-25T06:03:57","guid":{"rendered":"http:\/\/newhome.mtgqn.org\/?page_id=1270"},"modified":"2023-09-05T22:12:28","modified_gmt":"2023-09-05T22:12:28","slug":"dac-sung","status":"publish","type":"page","link":"https:\/\/mtgqn.org\/vi\/dac-sung\/","title":{"rendered":"\u0110\u1eb7c S\u1ee7ng"},"content":{"rendered":"<div data-elementor-type=\"wp-page\" data-elementor-id=\"1270\" class=\"elementor elementor-1270\">\n\t\t\t\t\t\t<section class=\"elementor-section elementor-top-section elementor-element elementor-element-b077802 elementor-section-boxed elementor-section-height-default elementor-section-height-default\" data-id=\"b077802\" data-element_type=\"section\" data-no-translation=\"\">\n\t\t\t\t\t\t<div class=\"elementor-container elementor-column-gap-default\">\n\t\t\t\t\t<div class=\"elementor-column elementor-col-100 elementor-top-column elementor-element elementor-element-b655a9a\" data-id=\"b655a9a\" data-element_type=\"column\">\n\t\t\t<div class=\"elementor-widget-wrap elementor-element-populated\">\n\t\t\t\t\t\t<div class=\"elementor-element elementor-element-2ceec87 elementor-widget elementor-widget-heading\" data-id=\"2ceec87\" data-element_type=\"widget\" data-no-translation=\"\" data-widget_type=\"heading.default\">\n\t\t\t\t<div class=\"elementor-widget-container\">\n\t\t\t\t\t<h1 class=\"elementor-heading-title elementor-size-default\">\u0110\u1eb7c S\u1ee7ng<\/h1>\t\t\t\t<\/div>\n\t\t\t\t<\/div>\n\t\t\t\t<div class=\"elementor-element elementor-element-304ff45 elementor-widget-divider--view-line elementor-widget elementor-widget-divider\" data-id=\"304ff45\" data-element_type=\"widget\" data-widget_type=\"divider.default\">\n\t\t\t\t<div class=\"elementor-widget-container\">\n\t\t\t\t\t\t\t<div class=\"elementor-divider\">\n\t\t\t<span class=\"elementor-divider-separator\">\n\t\t\t\t\t\t<\/span>\n\t\t<\/div>\n\t\t\t\t\t\t<\/div>\n\t\t\t\t<\/div>\n\t\t\t\t<div class=\"elementor-element elementor-element-1849ad6 elementor-widget-divider--view-line elementor-widget elementor-widget-divider\" data-id=\"1849ad6\" data-element_type=\"widget\" data-widget_type=\"divider.default\">\n\t\t\t\t<div class=\"elementor-widget-container\">\n\t\t\t\t\t\t\t<div class=\"elementor-divider\">\n\t\t\t<span class=\"elementor-divider-separator\">\n\t\t\t\t\t\t<\/span>\n\t\t<\/div>\n\t\t\t\t\t\t<\/div>\n\t\t\t\t<\/div>\n\t\t\t\t<div class=\"elementor-element elementor-element-a27d827 elementor-widget elementor-widget-text-editor\" data-id=\"a27d827\" data-element_type=\"widget\" data-widget_type=\"text-editor.default\">\n\t\t\t\t<div class=\"elementor-widget-container\">\n\t\t\t\t\t\t\t\t\t<p>\u0110\u1eb7c s\u1ee7ng c\u1ee7a H\u1ed9i D\u00f2ng M\u1ebfn Th\u00e1nh Gi\u00e1 l\u00e0 y\u00eau m\u1ebfn Ch\u00faa Gi\u00easu Kit\u00f4 ch\u1ecbu \u0111\u00f3ng \u0111inh \u0111\u01b0\u1ee3c th\u1ec3 hi\u1ec7n qua <strong>m\u1ee5c \u0111\u00edch<\/strong> v\u00e0 <strong>s\u1ee9 m\u1ea1ng<\/strong> c\u1ee7a H\u1ed9i D\u00f2ng M\u1ebfn Th\u00e1nh Gia:<\/p><p><span style=\"font-size: 20px;\"><strong>M\u1ee5c \u0110\u00edch<\/strong>: S<\/span>uy ni\u1ec7m m\u1ed7i ng\u00e0y nh\u1eefng \u0111au kh\u1ed5 c\u1ee7a Ch\u00faa Gi\u00easu Kit\u00f4, nh\u01b0 ph\u01b0\u01a1ng th\u1ebf h\u1eefu \u00edch nh\u1ea5t \u0111\u1ec3 \u0111\u1ea1t t\u1edbi s\u1ef1 hi\u1ec3u bi\u1ebft Ng\u01b0\u1eddi v\u00e0 y\u00eau m\u1ebfn Ng\u01b0\u1eddi.<\/p><p class=\"p2\"><strong>S\u1ee9 m\u1ea1ng:<\/strong>\u00a0<span style=\"font-size: 20px;\">tham d\u1ef1 v\u00e0o s\u1ee9 m\u1ea1ng c\u1ee9u th\u1ebf c\u1ee7a Ng\u01b0\u1eddi, b\u1eb1ng l\u1eddi kinh chuy\u1ec3n c\u1ea7u \u0111\u1ec3 xin \u01a1n ho\u00e1n c\u1ea3i cho nh\u1eefng t\u00edn h\u1eefu s\u1ed1ng xa l\u00eca Ch\u00faa v\u00e0 cho l\u01b0\u01a1ng d\u00e2n \u01a1n nh\u1eadn bi\u1ebft Ch\u00faa, c\u0169ng nh\u01b0 b\u1eb1ng \u0111\u1eddi s\u1ed1ng ch\u1ee9ng nh\u00e2n v\u00e0 ph\u1ee5c v\u1ee5 trong c\u00e1c l\u00e3nh v\u1ef1c: \u0110\u1ee9c tin, lu\u00e2n l\u00fd, gi\u00e1o d\u1ee5c, x\u00e3 h\u1ed9i v\u00e0 y t\u1ebf, \u01b0u ti\u00ean gi\u1edbi n\u1eef.<\/span><\/p><p>\u00a0<\/p>\t\t\t\t\t\t\t\t<\/div>\n\t\t\t\t<\/div>\n\t\t\t\t\t<\/div>\n\t\t<\/div>\n\t\t\t\t\t<\/div>\n\t\t<\/section>\n\t\t\t\t<\/div>","protected":false},"excerpt":{"rendered":"<p>\u0110\u1eb7c s\u1ee7ng c\u1ee7a H\u1ed9i D\u00f2ng M\u1ebfn Th\u00e1nh Gi\u00e1 l\u00e0 y\u00eau m\u1ebfn Ch\u00faa Gi\u00easu Kit\u00f4 ch\u1ecbu \u0111\u00f3ng \u0111inh \u0111\u01b0\u1ee3c th\u1ec3 hi\u1ec7n qua m\u1ee5c \u0111\u00edch v\u00e0 s\u1ee9 m\u1ea1ng c\u1ee7a H\u1ed9i D\u00f2ng M\u1ebfn Th\u00e1nh Gia: M\u1ee5c \u0110\u00edch: Suy ni\u1ec7m m\u1ed7i ng\u00e0y nh\u1eefng \u0111au kh\u1ed5 c\u1ee7a Ch\u00faa Gi\u00easu Kit\u00f4, nh\u01b0 ph\u01b0\u01a1ng th\u1ebf h\u1eefu \u00edch nh\u1ea5t \u0111\u1ec3 \u0111\u1ea1t t\u1edbi s\u1ef1 &hellip;<\/p>\n<p class=\"read-more\"> <a class=\"\" href=\"https:\/\/mtgqn.org\/vi\/dac-sung\/\"> <span class=\"screen-reader-text\">\u0110\u1eb7c S\u1ee7ng<\/span> Read More &raquo;<\/a><\/p>","protected":false},"author":1,"featured_media":0,"parent":0,"menu_order":0,"comment_status":"closed","ping_status":"closed","template":"","meta":{"site-sidebar-layout":"no-sidebar","site-content-layout":"page-builder","ast-global-header-display":"","ast-banner-title-visibility":"","ast-main-header-display":"","ast-hfb-above-header-display":"","ast-hfb-below-header-display":"","ast-hfb-mobile-header-display":"","site-post-title":"disabled","ast-breadcrumbs-content":"","ast-featured-img":"disabled","footer-sml-layout":"","theme-transparent-header-meta":"default","adv-header-id-meta":"","stick-header-meta":"","header-above-stick-meta":"","header-main-stick-meta":"","header-below-stick-meta":"","footnotes":""},"class_list":["post-1270","page","type-page","status-publish","hentry"],"_links":{"self":[{"href":"https:\/\/mtgqn.org\/vi\/wp-json\/wp\/v2\/pages\/1270","targetHints":{"allow":["GET"]}}],"collection":[{"href":"https:\/\/mtgqn.org\/vi\/wp-json\/wp\/v2\/pages"}],"about":[{"href":"https:\/\/mtgqn.org\/vi\/wp-json\/wp\/v2\/types\/page"}],"author":[{"embeddable":true,"href":"https:\/\/mtgqn.org\/vi\/wp-json\/wp\/v2\/users\/1"}],"replies":[{"embeddable":true,"href":"https:\/\/mtgqn.org\/vi\/wp-json\/wp\/v2\/comments?post=1270"}],"version-history":[{"count":66,"href":"https:\/\/mtgqn.org\/vi\/wp-json\/wp\/v2\/pages\/1270\/revisions"}],"predecessor-version":[{"id":7616,"href":"https:\/\/mtgqn.org\/vi\/wp-json\/wp\/v2\/pages\/1270\/revisions\/7616"}],"wp:attachment":[{"href":"https:\/\/mtgqn.org\/vi\/wp-json\/wp\/v2\/media?parent=1270"}],"curies":[{"name":"wp","href":"https:\/\/api.w.org\/{rel}","templated":true}]}}