{"id":1272,"date":"2020-08-25T06:04:35","date_gmt":"2020-08-25T06:04:35","guid":{"rendered":"http:\/\/newhome.mtgqn.org\/?page_id=1272"},"modified":"2022-01-27T07:05:05","modified_gmt":"2022-01-27T07:05:05","slug":"su-mang","status":"publish","type":"page","link":"https:\/\/mtgqn.org\/vi\/su-mang\/","title":{"rendered":"Linh \u0110\u1ea1o"},"content":{"rendered":"<div data-elementor-type=\"wp-page\" data-elementor-id=\"1272\" class=\"elementor elementor-1272\">\n\t\t\t\t\t\t<section class=\"elementor-section elementor-top-section elementor-element elementor-element-ea63a20 elementor-section-boxed elementor-section-height-default elementor-section-height-default\" data-id=\"ea63a20\" data-element_type=\"section\" data-no-translation=\"\">\n\t\t\t\t\t\t<div class=\"elementor-container elementor-column-gap-default\">\n\t\t\t\t\t<div class=\"elementor-column elementor-col-100 elementor-top-column elementor-element elementor-element-39efa63\" data-id=\"39efa63\" data-element_type=\"column\">\n\t\t\t<div class=\"elementor-widget-wrap elementor-element-populated\">\n\t\t\t\t\t\t<div class=\"elementor-element elementor-element-5b7f0ea elementor-widget elementor-widget-heading\" data-id=\"5b7f0ea\" data-element_type=\"widget\" data-widget_type=\"heading.default\">\n\t\t\t\t<div class=\"elementor-widget-container\">\n\t\t\t\t\t<h1 class=\"elementor-heading-title elementor-size-default\">Linh \u0110\u1ea1o L\u00e2m B\u00edch<\/h1>\t\t\t\t<\/div>\n\t\t\t\t<\/div>\n\t\t\t\t<div class=\"elementor-element elementor-element-40cf090 elementor-widget-divider--view-line elementor-widget elementor-widget-divider\" data-id=\"40cf090\" data-element_type=\"widget\" data-widget_type=\"divider.default\">\n\t\t\t\t<div class=\"elementor-widget-container\">\n\t\t\t\t\t\t\t<div class=\"elementor-divider\">\n\t\t\t<span class=\"elementor-divider-separator\">\n\t\t\t\t\t\t<\/span>\n\t\t<\/div>\n\t\t\t\t\t\t<\/div>\n\t\t\t\t<\/div>\n\t\t\t\t\t<\/div>\n\t\t<\/div>\n\t\t\t\t\t<\/div>\n\t\t<\/section>\n\t\t\t\t<section class=\"elementor-section elementor-top-section elementor-element elementor-element-098d14f elementor-section-boxed elementor-section-height-default elementor-section-height-default\" data-id=\"098d14f\" data-element_type=\"section\" data-no-translation=\"\">\n\t\t\t\t\t\t<div class=\"elementor-container elementor-column-gap-default\">\n\t\t\t\t\t<div class=\"elementor-column elementor-col-100 elementor-top-column elementor-element elementor-element-206e3a5\" data-id=\"206e3a5\" data-element_type=\"column\">\n\t\t\t<div class=\"elementor-widget-wrap elementor-element-populated\">\n\t\t\t\t\t\t<div class=\"elementor-element elementor-element-5004e5f elementor-widget elementor-widget-text-editor\" data-id=\"5004e5f\" data-element_type=\"widget\" data-widget_type=\"text-editor.default\">\n\t\t\t\t<div class=\"elementor-widget-container\">\n\t\t\t\t\t\t\t\t\t<p>Linh \u0111a\u0323o Do\u0300ng M\u00ea\u0301n Tha\u0301nh Gia\u0301 t\u00e2\u0323p trung va\u0300o m\u00e2\u0300u nhi\u00ea\u0323m th\u00e2\u0323p gia\u0301 c\u01b0\u0301u \u0111\u00f4\u0323 cu\u0309a Chu\u0301a Gi\u00easu Kit\u00f4, \u0111\u01b0\u01a1\u0323c th\u00ea\u0309 hi\u00ea\u0323n qua ba chi\u00ea\u0300u ki\u0301ch:<\/p>\t\t\t\t\t\t\t\t<\/div>\n\t\t\t\t<\/div>\n\t\t\t\t\t<\/div>\n\t\t<\/div>\n\t\t\t\t\t<\/div>\n\t\t<\/section>\n\t\t\t\t<section class=\"elementor-section elementor-top-section elementor-element elementor-element-8ce6c0a elementor-section-boxed elementor-section-height-default elementor-section-height-default\" data-id=\"8ce6c0a\" data-element_type=\"section\" data-no-translation=\"\">\n\t\t\t\t\t\t<div class=\"elementor-container elementor-column-gap-default\">\n\t\t\t\t\t<div class=\"elementor-column elementor-col-33 elementor-top-column elementor-element elementor-element-27963da\" data-id=\"27963da\" data-element_type=\"column\">\n\t\t\t<div class=\"elementor-widget-wrap elementor-element-populated\">\n\t\t\t\t\t\t<div class=\"elementor-element elementor-element-dbb7fda elementor-widget elementor-widget-heading\" data-id=\"dbb7fda\" data-element_type=\"widget\" data-widget_type=\"heading.default\">\n\t\t\t\t<div class=\"elementor-widget-container\">\n\t\t\t\t\t<h2 class=\"elementor-heading-title elementor-size-default\">Chi\u00eam Ni\u1ec7m<\/h2>\t\t\t\t<\/div>\n\t\t\t\t<\/div>\n\t\t\t\t<div class=\"elementor-element elementor-element-f624298 elementor-widget__width-initial elementor-widget elementor-widget-text-editor\" data-id=\"f624298\" data-element_type=\"widget\" data-widget_type=\"text-editor.default\">\n\t\t\t\t<div class=\"elementor-widget-container\">\n\t\t\t\t\t\t\t\t\t<p>Chuy\u00ean t\u00e2m suy ni\u00ea\u0323m va\u0300 y\u00eau m\u00ea\u0301n Chu\u0301a Gi\u00easu Kit\u00f4 Chi\u0323u \u0110o\u0301ng \u0110inh tr\u00ean th\u00e2\u0323p gia\u0301, \u0110\u00e2\u0301ng \u0111a\u0303 thi\u0301 ma\u0323ng s\u00f4\u0301ng mi\u0300nh vi\u0300 ti\u0300nh y\u00eau l\u01a1\u0301n nh\u00e2\u0301t da\u0300nh cho Chu\u0301a Cha va\u0300 nh\u00e2n loa\u0323i.<\/p>\t\t\t\t\t\t\t\t<\/div>\n\t\t\t\t<\/div>\n\t\t\t\t<div class=\"elementor-element elementor-element-5fbf8ae elementor-widget elementor-widget-image\" data-id=\"5fbf8ae\" data-element_type=\"widget\" data-widget_type=\"image.default\">\n\t\t\t\t<div class=\"elementor-widget-container\">\n\t\t\t\t\t\t\t\t\t\t\t\t\t\t\t<img fetchpriority=\"high\" decoding=\"async\" width=\"1024\" height=\"604\" src=\"https:\/\/mtgqn.org\/wp-content\/uploads\/2020\/11\/Praying-1024x604.jpg\" class=\"attachment-large size-large wp-image-2857\" alt=\"\" srcset=\"https:\/\/mtgqn.org\/wp-content\/uploads\/2020\/11\/Praying-1024x604.jpg 1024w, https:\/\/mtgqn.org\/wp-content\/uploads\/2020\/11\/Praying-300x177.jpg 300w, https:\/\/mtgqn.org\/wp-content\/uploads\/2020\/11\/Praying-768x453.jpg 768w, https:\/\/mtgqn.org\/wp-content\/uploads\/2020\/11\/Praying-1536x906.jpg 1536w, https:\/\/mtgqn.org\/wp-content\/uploads\/2020\/11\/Praying-2048x1208.jpg 2048w\" sizes=\"(max-width: 1024px) 100vw, 1024px\" \/>\t\t\t\t\t\t\t\t\t\t\t\t\t\t\t<\/div>\n\t\t\t\t<\/div>\n\t\t\t\t\t<\/div>\n\t\t<\/div>\n\t\t\t\t<div class=\"elementor-column elementor-col-33 elementor-top-column elementor-element elementor-element-07aed02\" data-id=\"07aed02\" data-element_type=\"column\">\n\t\t\t<div class=\"elementor-widget-wrap elementor-element-populated\">\n\t\t\t\t\t\t<div class=\"elementor-element elementor-element-7b96259 elementor-widget elementor-widget-heading\" data-id=\"7b96259\" data-element_type=\"widget\" data-widget_type=\"heading.default\">\n\t\t\t\t<div class=\"elementor-widget-container\">\n\t\t\t\t\t<h2 class=\"elementor-heading-title elementor-size-default\">Kh\u1ed5 Ch\u1ebf<\/h2>\t\t\t\t<\/div>\n\t\t\t\t<\/div>\n\t\t\t\t<div class=\"elementor-element elementor-element-1dd6eb9 elementor-widget__width-initial elementor-widget elementor-widget-text-editor\" data-id=\"1dd6eb9\" data-element_type=\"widget\" data-widget_type=\"text-editor.default\">\n\t\t\t\t<div class=\"elementor-widget-container\">\n\t\t\t\t\t\t\t\t\t<p>Pha\u0301t huy tinh th\u00e2\u0300n hy sinh va\u0300 khao kha\u0301t \u0111\u00f4\u0300ng ho\u0301a v\u01a1\u0301i Chu\u0301a Gi\u00easu Kit\u00f4 trong m\u00e2\u0300u nhi\u00ea\u0323m kh\u00f4\u0309 na\u0323n.<\/p><p>\u00a0<\/p>\t\t\t\t\t\t\t\t<\/div>\n\t\t\t\t<\/div>\n\t\t\t\t<div class=\"elementor-element elementor-element-7a7518e elementor-widget elementor-widget-image\" data-id=\"7a7518e\" data-element_type=\"widget\" data-widget_type=\"image.default\">\n\t\t\t\t<div class=\"elementor-widget-container\">\n\t\t\t\t\t\t\t\t\t\t\t\t\t\t\t<img decoding=\"async\" width=\"1024\" height=\"576\" src=\"https:\/\/mtgqn.org\/wp-content\/uploads\/2020\/09\/DSC08914-1024x576.jpg\" class=\"attachment-large size-large wp-image-2442\" alt=\"\" srcset=\"https:\/\/mtgqn.org\/wp-content\/uploads\/2020\/09\/DSC08914-1024x576.jpg 1024w, https:\/\/mtgqn.org\/wp-content\/uploads\/2020\/09\/DSC08914-300x169.jpg 300w, https:\/\/mtgqn.org\/wp-content\/uploads\/2020\/09\/DSC08914-768x432.jpg 768w, https:\/\/mtgqn.org\/wp-content\/uploads\/2020\/09\/DSC08914-1536x864.jpg 1536w, https:\/\/mtgqn.org\/wp-content\/uploads\/2020\/09\/DSC08914.jpg 1920w\" sizes=\"(max-width: 1024px) 100vw, 1024px\" \/>\t\t\t\t\t\t\t\t\t\t\t\t\t\t\t<\/div>\n\t\t\t\t<\/div>\n\t\t\t\t\t<\/div>\n\t\t<\/div>\n\t\t\t\t<div class=\"elementor-column elementor-col-33 elementor-top-column elementor-element elementor-element-0f0d6b2\" data-id=\"0f0d6b2\" data-element_type=\"column\">\n\t\t\t<div class=\"elementor-widget-wrap elementor-element-populated\">\n\t\t\t\t\t\t<div class=\"elementor-element elementor-element-ba4df7d elementor-widget elementor-widget-heading\" data-id=\"ba4df7d\" data-element_type=\"widget\" data-widget_type=\"heading.default\">\n\t\t\t\t<div class=\"elementor-widget-container\">\n\t\t\t\t\t<h2 class=\"elementor-heading-title elementor-size-default\">T\u00f4ng \u0110\u1ed3<\/h2>\t\t\t\t<\/div>\n\t\t\t\t<\/div>\n\t\t\t\t<div class=\"elementor-element elementor-element-68d3f4f elementor-widget__width-initial elementor-widget elementor-widget-text-editor\" data-id=\"68d3f4f\" data-element_type=\"widget\" data-widget_type=\"text-editor.default\">\n\t\t\t\t<div class=\"elementor-widget-container\">\n\t\t\t\t\t\t\t\t\t<p style=\"text-align: left;\">S\u00f4\u0301ng tinh th\u00e2\u0300n Phu\u0301c \u00c2m va\u0300 nhi\u00ea\u0323t tha\u0300nh v\u01a1\u0301i s\u01b0\u0301 ma\u0323ng c\u01b0\u0301u r\u00f4\u0303i ca\u0301c linh h\u00f4\u0300n.<\/p><p style=\"text-align: left;\">\u00a0<\/p>\t\t\t\t\t\t\t\t<\/div>\n\t\t\t\t<\/div>\n\t\t\t\t<div class=\"elementor-element elementor-element-a9e6bf5 elementor-widget elementor-widget-image\" data-id=\"a9e6bf5\" data-element_type=\"widget\" data-widget_type=\"image.default\">\n\t\t\t\t<div class=\"elementor-widget-container\">\n\t\t\t\t\t\t\t\t\t\t\t\t\t\t\t<img decoding=\"async\" width=\"551\" height=\"328\" src=\"https:\/\/mtgqn.org\/wp-content\/uploads\/2020\/11\/Confirmation-.jpg\" class=\"attachment-large size-large wp-image-2859\" alt=\"\" srcset=\"https:\/\/mtgqn.org\/wp-content\/uploads\/2020\/11\/Confirmation-.jpg 551w, https:\/\/mtgqn.org\/wp-content\/uploads\/2020\/11\/Confirmation--300x179.jpg 300w\" sizes=\"(max-width: 551px) 100vw, 551px\" \/>\t\t\t\t\t\t\t\t\t\t\t\t\t\t\t<\/div>\n\t\t\t\t<\/div>\n\t\t\t\t\t<\/div>\n\t\t<\/div>\n\t\t\t\t\t<\/div>\n\t\t<\/section>\n\t\t\t\t<\/div>","protected":false},"excerpt":{"rendered":"<p>Linh \u0110\u1ea1o L\u00e2m B\u00edch Linh \u0111a\u0323o Do\u0300ng M\u00ea\u0301n Tha\u0301nh Gia\u0301 t\u00e2\u0323p trung va\u0300o m\u00e2\u0300u nhi\u00ea\u0323m th\u00e2\u0323p gia\u0301 c\u01b0\u0301u \u0111\u00f4\u0323 cu\u0309a Chu\u0301a Gi\u00easu Kit\u00f4, \u0111\u01b0\u01a1\u0323c th\u00ea\u0309 hi\u00ea\u0323n qua ba chi\u00ea\u0300u ki\u0301ch: Chi\u00eam Ni\u1ec7m Chuy\u00ean t\u00e2m suy ni\u00ea\u0323m va\u0300 y\u00eau m\u00ea\u0301n Chu\u0301a Gi\u00easu Kit\u00f4 Chi\u0323u \u0110o\u0301ng \u0110inh tr\u00ean th\u00e2\u0323p gia\u0301, \u0110\u00e2\u0301ng \u0111a\u0303 thi\u0301 ma\u0323ng s\u00f4\u0301ng mi\u0300nh vi\u0300 &hellip;<\/p>\n<p class=\"read-more\"> <a class=\"\" href=\"https:\/\/mtgqn.org\/vi\/su-mang\/\"> <span class=\"screen-reader-text\">Linh \u0110\u1ea1o<\/span> Read More &raquo;<\/a><\/p>","protected":false},"author":1,"featured_media":0,"parent":0,"menu_order":0,"comment_status":"closed","ping_status":"closed","template":"","meta":{"site-sidebar-layout":"no-sidebar","site-content-layout":"page-builder","ast-global-header-display":"","ast-banner-title-visibility":"","ast-main-header-display":"","ast-hfb-above-header-display":"","ast-hfb-below-header-display":"","ast-hfb-mobile-header-display":"","site-post-title":"disabled","ast-breadcrumbs-content":"","ast-featured-img":"disabled","footer-sml-layout":"","theme-transparent-header-meta":"default","adv-header-id-meta":"","stick-header-meta":"","header-above-stick-meta":"","header-main-stick-meta":"","header-below-stick-meta":"","footnotes":""},"class_list":["post-1272","page","type-page","status-publish","hentry"],"_links":{"self":[{"href":"https:\/\/mtgqn.org\/vi\/wp-json\/wp\/v2\/pages\/1272","targetHints":{"allow":["GET"]}}],"collection":[{"href":"https:\/\/mtgqn.org\/vi\/wp-json\/wp\/v2\/pages"}],"about":[{"href":"https:\/\/mtgqn.org\/vi\/wp-json\/wp\/v2\/types\/page"}],"author":[{"embeddable":true,"href":"https:\/\/mtgqn.org\/vi\/wp-json\/wp\/v2\/users\/1"}],"replies":[{"embeddable":true,"href":"https:\/\/mtgqn.org\/vi\/wp-json\/wp\/v2\/comments?post=1272"}],"version-history":[{"count":53,"href":"https:\/\/mtgqn.org\/vi\/wp-json\/wp\/v2\/pages\/1272\/revisions"}],"predecessor-version":[{"id":6882,"href":"https:\/\/mtgqn.org\/vi\/wp-json\/wp\/v2\/pages\/1272\/revisions\/6882"}],"wp:attachment":[{"href":"https:\/\/mtgqn.org\/vi\/wp-json\/wp\/v2\/media?parent=1272"}],"curies":[{"name":"wp","href":"https:\/\/api.w.org\/{rel}","templated":true}]}}