{"id":1278,"date":"2020-08-25T06:10:04","date_gmt":"2020-08-25T06:10:04","guid":{"rendered":"http:\/\/newhome.mtgqn.org\/?page_id=1278"},"modified":"2021-05-07T23:52:36","modified_gmt":"2021-05-07T23:52:36","slug":"dang-sang-lap","status":"publish","type":"page","link":"https:\/\/mtgqn.org\/vi\/dang-sang-lap\/","title":{"rendered":"\u0110\u1ea5ng S\u00e1ng L\u1eadp"},"content":{"rendered":"<div data-elementor-type=\"wp-page\" data-elementor-id=\"1278\" class=\"elementor elementor-1278\">\n\t\t\t\t\t\t<section class=\"elementor-section elementor-top-section elementor-element elementor-element-04f9b43 elementor-section-boxed elementor-section-height-default elementor-section-height-default\" data-id=\"04f9b43\" data-element_type=\"section\" data-no-translation=\"\">\n\t\t\t\t\t\t<div class=\"elementor-container elementor-column-gap-default\">\n\t\t\t\t\t<div class=\"elementor-column elementor-col-100 elementor-top-column elementor-element elementor-element-c9a25a3\" data-id=\"c9a25a3\" data-element_type=\"column\">\n\t\t\t<div class=\"elementor-widget-wrap elementor-element-populated\">\n\t\t\t\t\t\t\t<\/div>\n\t\t<\/div>\n\t\t\t\t\t<\/div>\n\t\t<\/section>\n\t\t\t\t<section class=\"elementor-section elementor-top-section elementor-element elementor-element-bfecf09 elementor-section-boxed elementor-section-height-default elementor-section-height-default\" data-id=\"bfecf09\" data-element_type=\"section\" data-no-translation=\"\">\n\t\t\t\t\t\t<div class=\"elementor-container elementor-column-gap-default\">\n\t\t\t\t\t<div class=\"elementor-column elementor-col-50 elementor-top-column elementor-element elementor-element-8211788\" data-id=\"8211788\" data-element_type=\"column\">\n\t\t\t<div class=\"elementor-widget-wrap elementor-element-populated\">\n\t\t\t\t\t\t<div class=\"elementor-element elementor-element-e912177 elementor-widget elementor-widget-heading\" data-id=\"e912177\" data-element_type=\"widget\" data-widget_type=\"heading.default\">\n\t\t\t\t<div class=\"elementor-widget-container\">\n\t\t\t\t\t<h1 class=\"elementor-heading-title elementor-size-default\">\u0110\u1ea5ng S\u00e1ng L\u1eadp<\/h1>\t\t\t\t<\/div>\n\t\t\t\t<\/div>\n\t\t\t\t<div class=\"elementor-element elementor-element-3ae64a8 elementor-widget-divider--view-line elementor-widget elementor-widget-divider\" data-id=\"3ae64a8\" data-element_type=\"widget\" data-widget_type=\"divider.default\">\n\t\t\t\t<div class=\"elementor-widget-container\">\n\t\t\t\t\t\t\t<div class=\"elementor-divider\">\n\t\t\t<span class=\"elementor-divider-separator\">\n\t\t\t\t\t\t<\/span>\n\t\t<\/div>\n\t\t\t\t\t\t<\/div>\n\t\t\t\t<\/div>\n\t\t\t\t<div class=\"elementor-element elementor-element-b00ff6f elementor-widget-divider--view-line elementor-widget elementor-widget-divider\" data-id=\"b00ff6f\" data-element_type=\"widget\" data-widget_type=\"divider.default\">\n\t\t\t\t<div class=\"elementor-widget-container\">\n\t\t\t\t\t\t\t<div class=\"elementor-divider\">\n\t\t\t<span class=\"elementor-divider-separator\">\n\t\t\t\t\t\t<\/span>\n\t\t<\/div>\n\t\t\t\t\t\t<\/div>\n\t\t\t\t<\/div>\n\t\t\t\t<div class=\"elementor-element elementor-element-d35c103 elementor-widget elementor-widget-text-editor\" data-id=\"d35c103\" data-element_type=\"widget\" data-widget_type=\"text-editor.default\">\n\t\t\t\t<div class=\"elementor-widget-container\">\n\t\t\t\t\t\t\t\t\t<p><strong> \u0110\u01b0\u0301c Cha Pierre Lambert de la Motte<\/strong><\/p><p>Sinh nga\u0300y 16.01.1624 t\u1ea1i Lisieurx v\u00f9ng Normandie, T\u00e2y B\u1eafc n\u01b0\u1edbc Ph\u00e1p.<\/p><p>Nga\u0300i \u0111\u01b0\u01a1\u0323c r\u01b0\u0309a t\u00f4\u0323i ta\u0323i Nha\u0300 Th\u01a1\u0300 Tha\u0301nh Jacques nga\u0300y 15.02.1624.<\/p><p>Thu\u0323 Phong Linh Mu\u0323c nga\u0300y 27.12.1655.<\/p><p>T\u1ea5n phong Gi\u00e1m M\u1ee5c ng\u00e0y 11.06.1660.<\/p><p>N\u0103m 1669, T\u00f2a Th\u00e1nh b\u00f4\u0309 nhi\u00ea\u0323m \u0110\u01b0\u0301c Cha Pierre l\u00e0m \u0110\u1ea1i di\u1ec7n T\u00f4ng T\u00f2a cho Mi\u1ec1n Truy\u1ec1n Gi\u00e1o \u0110\u00e0ng Trong ta\u0323i Vi\u00ea\u0323t Nam.<\/p><p>\u0110\u01b0\u0301c Cha Pierre Lambert de la Motte la\u0300 vi\u0323 Gia\u0301m Mu\u0323c ti\u00ean kh\u01a1\u0309i cu\u0309a Gia\u0301o ph\u00e2\u0323n \u0110a\u0300ng Trong (Mi\u00ea\u0300n Nam Vi\u00ea\u0323t Nam).<\/p><p style=\"text-align: left;\"><strong>Qua\u0301 tri\u0300nh mu\u0323c vu\u0323 cu\u0309a <\/strong><strong>\u0110\u01b0\u0301c Cha Lambert de la Motte<\/strong><\/p><p>Phong ch\u1ee9c Linh M\u1ee5c cho 7 Th\u1ea7y gi\u1ea3ng Vi\u1ec7t Nam n\u0103m 1669.<\/p><p>L\u1eadp Ch\u1ee7ng Vi\u1ec7n Th\u00e1nh Giuse \u1edf v\u00f9ng Vi\u1ec5n \u0110\u00f4ng Nam \u00c1.<\/p><p>L\u1eadp D\u00f2ng M\u1ebfn Th\u00e1nh Gi\u00e1 Vi\u1ec7t Nam \u0110\u00e0ng Ngo\u00e0i (Mi\u00ea\u0300n B\u0103\u0301c Vi\u00ea\u0323t Nam) n\u0103m 1670.<\/p><p>L\u1eadp D\u00f2ng M\u1ebfn Th\u00e1nh Gi\u00e1 \u0110a\u0300ng Trong ta\u0323i An Ch\u1ec9-Qu\u1ea3ng Ng\u00e3i n\u0103m 1671.<\/p><p>L\u1eadp D\u00f2ng M\u1ebfn Th\u00e1nh Gi\u00e1 t\u1ea1i Th\u00e1i Lan n\u0103m 1672.<\/p><p>\u0110\u01b0\u0301c Cha Pierre Lambert de la Motte \u0111\u01b0\u01a1\u0323c y\u00ean nghi\u0309 trong Chu\u0301a lu\u0301c 4 gi\u01a1\u0300 sa\u0301ng nga\u0300y 15.06.1679 ta\u0323i <a href=\"http:\/\/en.wikipedia.org\/wiki\/Ayutthaya_Kingdom\">Ayutthaya<\/a> (Tha\u0301i Lan).<em><strong>\u00a0<\/strong><\/em><\/p>\t\t\t\t\t\t\t\t<\/div>\n\t\t\t\t<\/div>\n\t\t\t\t\t<\/div>\n\t\t<\/div>\n\t\t\t\t<div class=\"elementor-column elementor-col-50 elementor-top-column elementor-element elementor-element-8e7f68c\" data-id=\"8e7f68c\" data-element_type=\"column\">\n\t\t\t<div class=\"elementor-widget-wrap elementor-element-populated\">\n\t\t\t\t\t\t<div class=\"elementor-element elementor-element-77755aa elementor-widget elementor-widget-image\" data-id=\"77755aa\" data-element_type=\"widget\" data-widget_type=\"image.default\">\n\t\t\t\t<div class=\"elementor-widget-container\">\n\t\t\t\t\t\t\t\t\t\t\t\t<figure class=\"wp-caption\">\n\t\t\t\t\t\t\t\t\t\t<img decoding=\"async\" width=\"168\" height=\"232\" src=\"https:\/\/mtgqn.org\/wp-content\/uploads\/2020\/03\/BishopLambertDeLaMotte.png\" class=\"attachment-full size-full wp-image-578\" alt=\"\" \/>\t\t\t\t\t\t\t\t\t\t\t<figcaption class=\"widget-image-caption wp-caption-text\"><\/figcaption>\n\t\t\t\t\t\t\t\t\t\t<\/figure>\n\t\t\t\t\t\t\t\t\t<\/div>\n\t\t\t\t<\/div>\n\t\t\t\t<div class=\"elementor-element elementor-element-ed0143c elementor-widget elementor-widget-text-editor\" data-id=\"ed0143c\" data-element_type=\"widget\" data-widget_type=\"text-editor.default\">\n\t\t\t\t<div class=\"elementor-widget-container\">\n\t\t\t\t\t\t\t\t\t<p style=\"text-align: center;\"><strong>\u0110\u1ee9c Cha Pierre Lambert de la Motte<\/strong><\/p><p style=\"text-align: center;\">(1624-1679)<\/p>\t\t\t\t\t\t\t\t<\/div>\n\t\t\t\t<\/div>\n\t\t\t\t<div class=\"elementor-element elementor-element-658370d elementor-widget elementor-widget-text-editor\" data-id=\"658370d\" data-element_type=\"widget\" data-widget_type=\"text-editor.default\">\n\t\t\t\t<div class=\"elementor-widget-container\">\n\t\t\t\t\t\t\t\t\t<p style=\"text-align: center;\">&#8220;L\u1ea1y Ch\u00faa Gi\u00easu Kit\u00f4 Ch\u1ecbu \u0110\u00f3ng \u0110inh<\/p><p style=\"text-align: center;\">l\u00e0 \u0111\u1ed1i t\u01b0\u1ee3ng duy nh\u1ea5t c\u1ee7a l\u00f2ng tr\u00ed ch\u00fang con.&#8221;<\/p><p style=\"text-align: center;\"><em>(\u0110C Lambert De La Motte)<\/em><\/p>\t\t\t\t\t\t\t\t<\/div>\n\t\t\t\t<\/div>\n\t\t\t\t\t<\/div>\n\t\t<\/div>\n\t\t\t\t\t<\/div>\n\t\t<\/section>\n\t\t\t\t<\/div>","protected":false},"excerpt":{"rendered":"<p>Founder Bishop Lambert de la Motte Born on January 16, 1624 in Lisieux, France. Baptized at the Church of Jacques on February 15, 1624. Ordained to Priesthood on December 27, 1655. Installed as Bishop on June 11, 1660. Appointed by the Holy Sea to be the Apostolic Vicar of Southern Vietnam in 1669. Was the &hellip;<\/p>\n<p class=\"read-more\"> <a class=\"\" href=\"https:\/\/mtgqn.org\/vi\/dang-sang-lap\/\"> <span class=\"screen-reader-text\">\u0110\u1ea5ng S\u00e1ng L\u1eadp<\/span> Read More &raquo;<\/a><\/p>","protected":false},"author":1,"featured_media":0,"parent":0,"menu_order":0,"comment_status":"closed","ping_status":"closed","template":"","meta":{"site-sidebar-layout":"no-sidebar","site-content-layout":"page-builder","ast-global-header-display":"","ast-banner-title-visibility":"","ast-main-header-display":"","ast-hfb-above-header-display":"","ast-hfb-below-header-display":"","ast-hfb-mobile-header-display":"","site-post-title":"disabled","ast-breadcrumbs-content":"","ast-featured-img":"disabled","footer-sml-layout":"","theme-transparent-header-meta":"default","adv-header-id-meta":"","stick-header-meta":"","header-above-stick-meta":"","header-main-stick-meta":"","header-below-stick-meta":"","footnotes":""},"class_list":["post-1278","page","type-page","status-publish","hentry"],"_links":{"self":[{"href":"https:\/\/mtgqn.org\/vi\/wp-json\/wp\/v2\/pages\/1278","targetHints":{"allow":["GET"]}}],"collection":[{"href":"https:\/\/mtgqn.org\/vi\/wp-json\/wp\/v2\/pages"}],"about":[{"href":"https:\/\/mtgqn.org\/vi\/wp-json\/wp\/v2\/types\/page"}],"author":[{"embeddable":true,"href":"https:\/\/mtgqn.org\/vi\/wp-json\/wp\/v2\/users\/1"}],"replies":[{"embeddable":true,"href":"https:\/\/mtgqn.org\/vi\/wp-json\/wp\/v2\/comments?post=1278"}],"version-history":[{"count":109,"href":"https:\/\/mtgqn.org\/vi\/wp-json\/wp\/v2\/pages\/1278\/revisions"}],"predecessor-version":[{"id":5520,"href":"https:\/\/mtgqn.org\/vi\/wp-json\/wp\/v2\/pages\/1278\/revisions\/5520"}],"wp:attachment":[{"href":"https:\/\/mtgqn.org\/vi\/wp-json\/wp\/v2\/media?parent=1278"}],"curies":[{"name":"wp","href":"https:\/\/api.w.org\/{rel}","templated":true}]}}