{"id":1280,"date":"2020-08-25T06:10:41","date_gmt":"2020-08-25T06:10:41","guid":{"rendered":"http:\/\/newhome.mtgqn.org\/?page_id=1280"},"modified":"2025-08-21T18:01:47","modified_gmt":"2025-08-21T18:01:47","slug":"luoc-su-tinh-dong","status":"publish","type":"page","link":"https:\/\/mtgqn.org\/vi\/luoc-su-tinh-dong\/","title":{"rendered":"L\u01b0\u1ee3c S\u1eed T\u1ec9nh D\u00f2ng"},"content":{"rendered":"<div data-elementor-type=\"wp-page\" data-elementor-id=\"1280\" class=\"elementor elementor-1280\">\n\t\t\t\t\t\t<section class=\"elementor-section elementor-top-section elementor-element elementor-element-0890814 elementor-section-boxed elementor-section-height-default elementor-section-height-default\" data-id=\"0890814\" data-element_type=\"section\" data-no-translation=\"\">\n\t\t\t\t\t\t<div class=\"elementor-container elementor-column-gap-default\">\n\t\t\t\t\t<div class=\"elementor-column elementor-col-100 elementor-top-column elementor-element elementor-element-89b30a2\" data-id=\"89b30a2\" data-element_type=\"column\" data-settings=\"{&quot;background_background&quot;:&quot;classic&quot;}\">\n\t\t\t<div class=\"elementor-widget-wrap elementor-element-populated\">\n\t\t\t\t\t\t<div class=\"elementor-element elementor-element-a058dff elementor-widget elementor-widget-heading\" data-id=\"a058dff\" data-element_type=\"widget\" data-widget_type=\"heading.default\">\n\t\t\t\t<div class=\"elementor-widget-container\">\n\t\t\t\t\t<h1 class=\"elementor-heading-title elementor-size-default\">L\u01b0\u1ee3c S\u1eed T\u1ec9nh D\u00f2ng<\/h1>\t\t\t\t<\/div>\n\t\t\t\t<\/div>\n\t\t\t\t<div class=\"elementor-element elementor-element-6b9d2ee elementor-widget-divider--view-line elementor-widget elementor-widget-divider\" data-id=\"6b9d2ee\" data-element_type=\"widget\" data-widget_type=\"divider.default\">\n\t\t\t\t<div class=\"elementor-widget-container\">\n\t\t\t\t\t\t\t<div class=\"elementor-divider\">\n\t\t\t<span class=\"elementor-divider-separator\">\n\t\t\t\t\t\t<\/span>\n\t\t<\/div>\n\t\t\t\t\t\t<\/div>\n\t\t\t\t<\/div>\n\t\t\t\t<div class=\"elementor-element elementor-element-e7d07c7 elementor-widget-divider--view-line elementor-widget elementor-widget-divider\" data-id=\"e7d07c7\" data-element_type=\"widget\" data-widget_type=\"divider.default\">\n\t\t\t\t<div class=\"elementor-widget-container\">\n\t\t\t\t\t\t\t<div class=\"elementor-divider\">\n\t\t\t<span class=\"elementor-divider-separator\">\n\t\t\t\t\t\t<\/span>\n\t\t<\/div>\n\t\t\t\t\t\t<\/div>\n\t\t\t\t<\/div>\n\t\t\t\t\t<\/div>\n\t\t<\/div>\n\t\t\t\t\t<\/div>\n\t\t<\/section>\n\t\t\t\t<section class=\"elementor-section elementor-top-section elementor-element elementor-element-6f603cf elementor-section-boxed elementor-section-height-default elementor-section-height-default\" data-id=\"6f603cf\" data-element_type=\"section\" data-no-translation=\"\">\n\t\t\t\t\t\t<div class=\"elementor-container elementor-column-gap-default\">\n\t\t\t\t\t<div class=\"elementor-column elementor-col-50 elementor-top-column elementor-element elementor-element-9fed9e0\" data-id=\"9fed9e0\" data-element_type=\"column\">\n\t\t\t<div class=\"elementor-widget-wrap elementor-element-populated\">\n\t\t\t\t\t\t<div class=\"elementor-element elementor-element-68cadec elementor-widget elementor-widget-text-editor\" data-id=\"68cadec\" data-element_type=\"widget\" data-widget_type=\"text-editor.default\">\n\t\t\t\t<div class=\"elementor-widget-container\">\n\t\t\t\t\t\t\t\t\t<p>N\u0103m 1986, \u0110\u1ee9c cha John Quinn, T\u1ed5ng Gi\u00e1m m\u1ee5c T\u1ed5ng Gi\u00e1o ph\u1eadn San Francisco khuy\u1ebfn kh\u00edch v\u00e0 cho phe\u0301p tha\u0300nh l\u00e2\u0323p c\u00f4\u0323ng \u0111oa\u0300n M\u00ea\u0301n Tha\u0301nh Gia\u0301 Qui Nh\u01a1n \u0111\u00e2\u0300u ti\u00ean ta\u0323i T\u00f4\u0309ng Gia\u0301o ph\u00e2\u0323n San Francisco, California. Chi\u0323 Rosaline Nguy\u1ec5n Thi\u0323 Th\u00fay Li\u1ec5u \u0111\u00e3 kh\u1edfi \u0111\u1ea7u nh\u00e2\u0323n \u01a1n go\u0323i. Hai \u0111\u00ea\u0323 t\u01b0\u0309 \u0111\u00e2\u0300u ti\u00ean la\u0300 Christine L\u00ea Kim Chi va\u0300 T\u00ear\u00easa Nguy\u00ea\u0303n Thi\u0323 Thu\u0301y gia nh\u1eadp c\u1ed9ng \u0111o\u00e0n t\u1ea1i c\u0103n nh\u00e0 thu\u00ea \u0111i\u0323a chi\u0309 s\u00f4\u0301 359 Leland Ave, San Francisco, California.<\/p><p>N\u0103m 1988, \u0110\u01b0\u1ee3c s\u1ef1 gi\u00fap \u0111\u1ee1 c\u1ee7a cha Patrick O\u2019Brien, CSsR v\u00e0 s\u1ef1 b\u1ea3o tr\u1ee3 c\u1ee7a D\u00f2ng Ch\u00faa C\u1ee9u Th\u1ebf-T\u1ec9nh D\u00f2ng Mi\u1ec1n T\u00e2y Hoa K\u1ef3. C\u1ed9ng \u0110o\u00e0n MTGQN \u0111\u01b0\u1ee3c chuy\u1ec3n v\u1ec1 \u0111\u1ecba ch\u1ec9 s\u1ed1 298 Southgate Avenue, Daly City, California. \u0110\u00e2y l\u00e0 c\u0103n nh\u00e0 \u0111\u1ea7u ti\u00ean c\u1ee7a C\u1ed9ng \u0111o\u00e0n MTG thu\u1ed9c T\u1ed5ng Gi\u00e1o ph\u1eadn San Francisco, California. C\u1ed9ng \u0111o\u00e0n c\u00f3 th\u00eam N\u1eef Tu Josephine V\u0169 Th\u1ecb \u0110\u00e0o c\u00f9ng s\u1ed1ng chung v\u1edbi ch\u1ecb Tr\u01b0\u1edfng Rosaline v\u00e0 2 \u0110\u1ec7 t\u1eed.\u00a0<\/p><p>Ng\u00e0y 27.8.1988, ch\u1ecb Christine L\u00ea Kim Chi v\u00e0 ch\u1ecb Theresa Nguy\u1ec5n Th\u1ecb Thu\u0301y \u0111\u01b0\u1ee3c nh\u1eadn v\u00e0o T\u1eadp vi\u1ec7n v\u00e0 s\u1ed1ng n\u0103m t\u1eadp nh\u1eb7t theo Gi\u00e1o lu\u1eadt t\u1ea1i Nh\u00e0 t\u1eadp thu\u1ed9c H\u1ed9i d\u00f2ng \u0110a Minh Mission San Jose, Fremont, California.<\/p><p>Ng\u00e0y 22.09.1990, ch\u1ecb Christine L\u00ea Kim Chi \u0111\u01b0\u1ee3c tuy\u00ean kh\u1ea5n l\u1ea7n \u0111\u1ea7u, l\u1ec5 kh\u1ea5n d\u00f2ng \u0111\u01b0\u1ee3c c\u1eed h\u00e0nh t\u1ea1i Th\u00e1nh \u0110\u01b0\u1eddng Our Lady of Mercy, Daly City, California, ch\u1ee7 t\u1ebf Th\u00e1nh l\u1ec5 l\u00e0 \u0110\u1ee9c Gi\u00e1m M\u1ee5c Carlos Sevilla, SJ., Gi\u00e1m M\u1ee5c Ph\u1ee5 T\u00e1 &#8211; T\u1ed5ng Gi\u00e1o Ph\u1eadn San Francisco.<\/p><p>N\u0103m 1993, n\u1eef tu M. B. Flaherty, Ch\u01b0\u1edfng \u1ea5n \u0110\u1ea1i di\u1ec7n cho Tu s\u0129 T\u1ed5ng Gi\u00e1o ph\u1eadn San Francisco, gi\u1edbi thi\u1ec7u c\u00e1c n\u1eef Tu MTGQN cho \u0110\u1ee9c cha John S. Cummins, Gi\u00e1o ph\u1eadn Oakland v\u00e0 \u0111\u01b0\u1ee3c \u0110\u1ee9c Cha cho ph\u00e9p th\u00e0nh l\u1eadp T\u1eadp vi\u1ec7n MTG-QN t\u1ea1i Gi\u00e1o ph\u1eadn Oakland.<\/p><p>Ng\u00e0y 17.6.1994, \u0110\u1ee9c Cha John S. Cummins, Gi\u00e1m m\u1ee5c Gi\u00e1o ph\u1eadn Oakland ch\u1ea5p thu\u1eadn \u0111\u01a1n xin v\u00e0 ban ph\u00e9p th\u00e0nh l\u1eadp T\u1eadp vi\u1ec7n M\u1ebfn Th\u00e1nh Gi\u00e1 Qui Nh\u01a1n t\u1ea1i \u0111i\u0323a chi\u0309 s\u1ed1 1685 Humphrey Drive Concord, Gia\u0301o ph\u00e2\u0323n Oakland cu\u0309a nga\u0300i. C\u1ed9ng \u0111o\u00e0n T\u1eadp vi\u1ec7n c\u00f3 3 T\u1eadp sinh n\u0103m t\u1eadp I theo Gi\u00e1o lu\u1eadt.<\/p><p>Ng\u00e0y 17.02.1995, \u0110\u1ee9c cha John S. Cummins va\u0300 cha George Mockel l\u00e0m ph\u00e9p tha\u0301nh hi\u00ea\u0301n T\u00e2\u0323p vi\u00ea\u0323n. Tha\u0301nh T\u00ear\u00easa Ha\u0300i \u0110\u00f4\u0300ng Gi\u00easu la\u0300 quan th\u00e2\u0300y cu\u0309a T\u00e2\u0323p vi\u00ea\u0323n. N\u1eef tu Rosaline Nguy\u1ec5n Th\u1ecb Th\u00fay Li\u1ec5u l\u00e0 B\u1ec1 tr\u00ean c\u00e1c c\u1ed9ng \u0111o\u00e0n t\u1ea1i Hoa K\u1ef3 v\u00e0 \u0111\u1ea3m nh\u1eadn vi\u1ec7c hu\u1ea5n luy\u1ec7n t\u1eadp sinh t\u1ea1i T\u1eadp vi\u1ec7n Tha\u0301nh T\u00ear\u00easa, Concord.<\/p><p>Ng\u00e0y 06.081995, Nh\u01a1\u0300 h\u00f4\u0300ng \u00e2n cha Roger Lucey, SJ., Cha\u0301nh x\u01b0\u0301 va\u0300 gia\u0301o d\u00e2n Gia\u0301o x\u01b0\u0301 Santa Maria, Orinda, California, v\u01a1\u0301i s\u01b0\u0323 ch\u00e2\u0301p thu\u00e2\u0323n cu\u0309a \u0110\u01b0\u0301c Cha John S. Cummins, H\u00f4\u0323i do\u0300ng co\u0301 th\u00eam C\u1ed9ng \u0110o\u00e0n Thanh Tuy\u1ec3n Santa Maria ta\u0323i Tu vi\u00ea\u0323n Santa Maria.<\/p><p>Ng\u00e0y 13.01.1996, \u0110\u1ee9c Cha John S. Cummins l\u00e0m ph\u00e9p C\u1ed9ng \u0111o\u00e0n Thanh tuy\u1ec3n. C\u1ed9ng \u0111o\u00e0n g\u1ed3m c\u00f3 10 \u0111\u1ec7 t\u1eed d\u01b0\u1edbi s\u1ef1 h\u01b0\u1edbng d\u1eabn c\u1ee7a n\u1eef tu Josefa Nguy\u1ec5n Th\u1ecb Ng\u1ecdc v\u00e0 n\u1eef tu Mary C\u00f4ng Huy\u1ec1n Ng\u1ecdc Anh.<\/p><p>Ng\u00e0y 13.11.1997, H\u00f4\u0323i do\u0300ng co\u0301 th\u00eam C\u1ed9ng \u0111o\u00e0n T\u00f4ng \u0111\u1ed3 N\u01b0\u0303 V\u01b0\u01a1ng Ca\u0301c Thi\u00ean Th\u00e2\u0300n to\u0323a la\u0323c ta\u0323i s\u00f4\u0301 1727 Humphrey Dr. Concord.<\/p><p>Nga\u0300y 01.07.1998, H\u00f4\u0323i do\u0300ng co\u0301 tha\u0300nh l\u00e2\u0323p C\u1ed9ng \u0111o\u00e0n T\u00f4ng \u0111\u1ed3 Tha\u0301nh Giuse t\u1ea1i Gi\u00e1o Ph\u1eadn San Jose. N\u1eef tu Christine L\u00ea Kim Chi v\u00e0 n\u1eef tu Catherine \u0110\u1eb7ng Th\u1ecb Ph\u01b0\u01a1ng l\u00e0m vi\u1ec7c t\u00f4ng \u0111\u1ed3 ta\u0323i gi\u00e1o x\u1ee9 Th\u00e1nh Maria Goretti v\u00e0 Ch\u00faa Ba Ng\u00f4i, Gi\u00e1o ph\u1eadn San Jose.<\/p><p>Th\u00e1ng 7. 2002, C\u1ed9ng \u0111o\u00e0n t\u00f4ng \u0111\u00f4\u0300 Gioan Th\u00e1nh Gi\u00e1 \u0111\u01b0\u1ee3c th\u00e0nh l\u1eadp. \u0110\u01b0\u0301c cha John S. Cummins va\u0300 cha Cha\u0301nh x\u01b0\u0301 Wayne Campbell c\u00e2\u0301p cho c\u00f4\u0323ng \u0111oa\u0300n m\u00f4\u0323t Tu vi\u00ea\u0323n ta\u0323i gia\u0301o x\u01b0\u0301 St. Felicitas, San Leandro, California. C\u00f4\u0323ng \u0111oa\u0300n co\u0301 5 n\u01b0\u0303 tu la\u0300m vi\u00ea\u0323c t\u00f4ng \u0111\u00f4\u0300 ta\u0323i \u0111\u00e2y.\u00a0<\/p><p>Th\u00e1ng 7.2003, N\u01b0\u0303 tu Josefa Nguy\u1ec5n Th\u1ecb Ng\u1ecdc \u0111\u01b0\u1ee3c b\u1ea7u ch\u1ecdn v\u00e0o ch\u1ee9c v\u1ee5 Ph\u1ee5 tr\u00e1ch Chi d\u00f2ng Hoa K\u1ef3, thay th\u1ebf n\u01b0\u0303 tu Rosaline Nguy\u1ec5n Th\u1ecb Th\u00fay Li\u1ec5u sau th\u1eddi gian d\u00e0i \u0111\u00e3 g\u00e1nh v\u00e1c tr\u1ecdng tr\u00e1ch \u0111i\u1ec1u h\u00e0nh.<\/p><p>Th\u00e1ng 3 n\u0103m 2011: C\u1ed9ng \u0111o\u00e0n T\u00f4ng \u0111\u1ed3 Nh\u00e0 Tr\u1ebb Sao Mai \u0111\u01b0\u1ee3c th\u00e0nh l\u1eadp.<\/p><p><strong>Ti\u0309nh Do\u0300ng Th\u01b0\u0300a Sai Hoa Ky\u0300 tha\u0300nh l\u00e2\u0323p nga\u0300y 25.11. 2011<\/strong><\/p><p>N\u0103m 2009, N\u01b0\u0303 tu Josefa Nguy\u00ea\u0303n Thi\u0323 Ngo\u0323c, Phu\u0323 tra\u0301ch Chi do\u0300ng Hoa Ky\u0300 va\u0300 ban c\u00f4\u0301 v\u00e2\u0301n Chi do\u0300ng g\u01a1\u0309i cho T\u00f4\u0309ng Tu Nghi H\u00f4\u0323i Do\u0300ng VN \u201c\u0110\u01a1n xin thi\u00ea\u0301t l\u00e2\u0323p Ti\u0309nh Do\u0300ng Th\u01b0\u0300a Sai Hoa Ky\u0300.\u201d Chi\u00ea\u0301u theo \u0111\u01a1n xin cu\u0309a Chi Do\u0300ng va\u0300 theo Hi\u00ea\u0301n Ch\u01b0\u01a1ng H\u00f4\u0323i Do\u0300ng MTG Qui Nh\u01a1n ban ha\u0300nh n\u0103m 2011, \u0111i\u00ea\u0300u 132-135, T\u00f4\u0309ng Tu Nghi\u0323 H\u00f4\u0323i Do\u0300ng \u0111a\u0303 tha\u0309o lu\u00e2\u0323n c\u00e2\u0309n th\u00e2\u0323n va\u0300 ch\u00e2\u0301p thu\u00e2\u0323n cho phe\u0301p tha\u0300nh l\u00e2\u0323p Ti\u0309nh Do\u0300ng Th\u01b0\u0300a Sai Hoa Ky\u0300.<\/p><p>T\u01b0\u0300 nga\u0300y 21 \u0111\u00ea\u0301n nga\u0300y 25.11.2011: Ti\u0309nh Do\u0300ng Th\u01b0\u0300a Sai Hoa Ky\u0300 t\u00f4\u0309 ch\u01b0\u0301c Tu Nghi\u0323 Ti\u0309nh Do\u0300ng. N\u01b0\u0303 tu Josefa Nguy\u00ea\u0303n Thi\u0323 Ngo\u0323c, \u0111\u01b0\u01a1ng kim phu\u0323 tra\u0301ch v\u01a1\u0301i s\u01b0\u0323 hi\u00ea\u0323n di\u00ea\u0323n cu\u0309a chi\u0323 T\u00f4\u0309ng Phu\u0323 tra\u0301ch Anne Marilyne Pha\u0323m Thi\u0323 Bi\u0301ch H\u01b0\u01a1\u0300ng cu\u0300ng v\u01a1\u0301i Ban \u0111i\u00ea\u0300u ha\u0300nh. Ch\u01b0\u01a1ng tri\u0300nh Tu Nghi\u0323 Ti\u0309nh Do\u0300ng g\u00f4\u0300m: soa\u0323n tha\u0309o, duy\u00ea\u0323t la\u0323i nh\u01b0\u0303ng v\u0103n ba\u0309n chi\u0301nh th\u01b0\u0301c thu\u00f4\u0323c c\u01a1 c\u00e2\u0301u \u0111i\u00ea\u0300u ha\u0300nh Ti\u0309nh Do\u0300ng, n\u00f4\u0323i quy, \u0111i\u0323nh h\u01b0\u01a1\u0301ng, ba\u0301o ca\u0301o sinh hoa\u0323t&#8230;, b\u00e2\u0300u c\u01b0\u0309 Phu\u0323 tra\u0301ch Ti\u0309nh do\u0300ng va\u0300 Ban \u0110i\u00ea\u0300u ha\u0300nh nhi\u00ea\u0323m ky\u0300 2011-2015.<\/p><p>Chi\u00ea\u0300u nga\u0300y 25 tha\u0301ng 11, t\u00e2\u0301t ca\u0309 n\u01b0\u0303 tu hi\u00ea\u0323n di\u00ea\u0323n trong Nha\u0300 Nguy\u00ea\u0323n c\u00f4\u0323ng \u0111oa\u0300n Thanh Tuy\u00ea\u0309n ta\u0323i Orinda, California. Trong b\u00e2\u0300u khi\u0301 tra\u0300n \u0111\u00e2\u0300y ni\u00ea\u0300m vui cu\u0309a Chu\u0301a Tha\u0301nh Th\u00e2\u0300n, T\u00f4\u0309ng phu\u0323 tra\u0301ch H\u00f4\u0323i do\u0300ng la\u0300 n\u01b0\u0303 tu Anne Marilyne Pha\u0323m Thi\u0323 Bi\u0301ch H\u01b0\u01a1\u0300ng chi\u0301nh th\u01b0\u0301c c\u00f4ng b\u00f4\u0301 V\u0103n th\u01b0 chu\u00e2\u0309n nh\u00e2\u0323n tha\u0300nh l\u00e2\u0323p Ti\u0309nh Do\u0300ng ta\u0323i Hoa Ky\u0300 v\u01a1\u0301i danh x\u01b0ng: Do\u0300ng M\u00ea\u0301n Tha\u0301nh Gia\u0301 Qui Nh\u01a1n \u2013 Ti\u0309nh Do\u0300ng Th\u01b0\u0300a Sai Hoa Ky\u0300 nga\u0300y 25 tha\u0301ng 11 n\u0103m 2011. N\u01b0\u0303 tu Magdalena D\u01b0\u01a1ng Thi\u0323 Kim Oanh la\u0300 Phu\u0323 tra\u0301ch Ti\u0309nh do\u0300ng 2 nhi\u00ea\u0323m ky\u0300 (2011-2019)<\/p><p><strong>Ti\u0309nh Do\u0300ng <\/strong><strong>Th<\/strong><strong>\u01b0\u0300a Sai Hoa Ky\u0300 hi\u00ea\u0323n nay:<\/strong><\/p><p>Phu\u0323 tra\u0301ch Ti\u0309nh do\u0300ng la\u0300 n\u01b0\u0303 tu Theresa Lan \u0110\u1ed7. Ti\u0309nh do\u0300ng co\u0301 28 n\u01b0\u0303 tu, m\u1ed9t t\u1eadp sinh, hai Thanh tuy\u1ec3n. Ca\u0301c c\u00f4\u0323ng \u0111oa\u0300n hi\u00ea\u0323n di\u00ea\u0323n ta\u0323i\u00a0 3 Gia\u0301o ph\u00e2\u0323n: Oakland, San Francisco va\u0300 San Jose. Tu vi\u00ea\u0323n Nha\u0300 Chi\u0301nh cu\u0309a Ti\u0309nh Do\u0300ng to\u0323a la\u0323c ta\u0323i s\u00f4\u0301 1685 Humphrey Dr. Concord, Ca 94519.<\/p><p>Ca\u0301c n\u01b0\u0303 tu phu\u0323c vu\u0323 t\u00f4ng \u0111\u00f4\u0300 ta\u0323i 11 gia\u0301o x\u01b0\u0301: phu\u0323 tra\u0301ch ch\u01b0\u01a1ng tri\u0300nh Gia\u0301o ly\u0301-Vi\u00ea\u0323t ng\u01b0\u0303, da\u0323y ho\u0323c, phu\u0323c vu\u0323 ta\u0323i vi\u00ea\u0323n d\u01b0\u01a1\u0303ng la\u0303o va\u0300 th\u0103m vi\u00ea\u0301ng tu\u0300 nh\u00e2n.<\/p><p><img fetchpriority=\"high\" decoding=\"async\" class=\"wp-image-6062 size-medium aligncenter\" style=\"font-style: inherit; font-weight: inherit;\" src=\"https:\/\/mtgqn.org\/wp-content\/uploads\/2021\/08\/OrindaJuly2021_077-1-300x203.jpg\" alt=\"\" width=\"300\" height=\"203\" srcset=\"https:\/\/mtgqn.org\/wp-content\/uploads\/2021\/08\/OrindaJuly2021_077-1-300x203.jpg 300w, https:\/\/mtgqn.org\/wp-content\/uploads\/2021\/08\/OrindaJuly2021_077-1-1024x695.jpg 1024w, https:\/\/mtgqn.org\/wp-content\/uploads\/2021\/08\/OrindaJuly2021_077-1-768x521.jpg 768w\" sizes=\"(max-width: 300px) 100vw, 300px\" \/><\/p><div>\u00a0<\/div>\t\t\t\t\t\t\t\t<\/div>\n\t\t\t\t<\/div>\n\t\t\t\t\t<\/div>\n\t\t<\/div>\n\t\t\t\t<div class=\"elementor-column elementor-col-50 elementor-top-column elementor-element elementor-element-74c94df\" data-id=\"74c94df\" data-element_type=\"column\">\n\t\t\t<div class=\"elementor-widget-wrap elementor-element-populated\">\n\t\t\t\t\t\t<div class=\"elementor-element elementor-element-9e23e26 elementor-widget elementor-widget-text-editor\" data-id=\"9e23e26\" data-element_type=\"widget\" data-widget_type=\"text-editor.default\">\n\t\t\t\t<div class=\"elementor-widget-container\">\n\t\t\t\t\t\t\t\t\t<p style=\"text-align: center;\"><img decoding=\"async\" class=\"alignnone wp-image-1829\" src=\"http:\/\/mtgqn.org\/wp-content\/uploads\/2020\/09\/20200904_145243-1024x768.jpg\" alt=\"\" width=\"249\" height=\"187\" srcset=\"https:\/\/mtgqn.org\/wp-content\/uploads\/2020\/09\/20200904_145243-1024x768.jpg 1024w, https:\/\/mtgqn.org\/wp-content\/uploads\/2020\/09\/20200904_145243-300x225.jpg 300w, https:\/\/mtgqn.org\/wp-content\/uploads\/2020\/09\/20200904_145243-768x576.jpg 768w, https:\/\/mtgqn.org\/wp-content\/uploads\/2020\/09\/20200904_145243-1536x1152.jpg 1536w, https:\/\/mtgqn.org\/wp-content\/uploads\/2020\/09\/20200904_145243-2048x1536.jpg 2048w\" sizes=\"(max-width: 249px) 100vw, 249px\" \/><\/p><p style=\"text-align: center;\"><img decoding=\"async\" class=\"alignnone size-medium wp-image-1834\" src=\"http:\/\/mtgqn.org\/wp-content\/uploads\/2020\/09\/20200904_144956-300x225.jpg\" alt=\"\" width=\"300\" height=\"225\" srcset=\"https:\/\/mtgqn.org\/wp-content\/uploads\/2020\/09\/20200904_144956-300x225.jpg 300w, https:\/\/mtgqn.org\/wp-content\/uploads\/2020\/09\/20200904_144956-1024x768.jpg 1024w, https:\/\/mtgqn.org\/wp-content\/uploads\/2020\/09\/20200904_144956-768x576.jpg 768w, https:\/\/mtgqn.org\/wp-content\/uploads\/2020\/09\/20200904_144956-1536x1152.jpg 1536w, https:\/\/mtgqn.org\/wp-content\/uploads\/2020\/09\/20200904_144956-2048x1536.jpg 2048w\" sizes=\"(max-width: 300px) 100vw, 300px\" \/><\/p><p style=\"text-align: center;\"><img loading=\"lazy\" decoding=\"async\" class=\"alignnone size-medium wp-image-1836\" src=\"http:\/\/mtgqn.org\/wp-content\/uploads\/2020\/09\/20200904_153744-300x225.jpg\" alt=\"\" width=\"300\" height=\"225\" srcset=\"https:\/\/mtgqn.org\/wp-content\/uploads\/2020\/09\/20200904_153744-300x225.jpg 300w, https:\/\/mtgqn.org\/wp-content\/uploads\/2020\/09\/20200904_153744-1024x768.jpg 1024w, https:\/\/mtgqn.org\/wp-content\/uploads\/2020\/09\/20200904_153744-768x576.jpg 768w, https:\/\/mtgqn.org\/wp-content\/uploads\/2020\/09\/20200904_153744-1536x1152.jpg 1536w, https:\/\/mtgqn.org\/wp-content\/uploads\/2020\/09\/20200904_153744-2048x1536.jpg 2048w\" sizes=\"(max-width: 300px) 100vw, 300px\" \/><\/p><p style=\"text-align: center;\"><img loading=\"lazy\" decoding=\"async\" class=\"alignnone size-medium wp-image-1835\" src=\"http:\/\/mtgqn.org\/wp-content\/uploads\/2020\/09\/20200904_145534-300x225.jpg\" alt=\"\" width=\"300\" height=\"225\" srcset=\"https:\/\/mtgqn.org\/wp-content\/uploads\/2020\/09\/20200904_145534-300x225.jpg 300w, https:\/\/mtgqn.org\/wp-content\/uploads\/2020\/09\/20200904_145534-1024x768.jpg 1024w, https:\/\/mtgqn.org\/wp-content\/uploads\/2020\/09\/20200904_145534-768x576.jpg 768w, https:\/\/mtgqn.org\/wp-content\/uploads\/2020\/09\/20200904_145534-1536x1152.jpg 1536w, https:\/\/mtgqn.org\/wp-content\/uploads\/2020\/09\/20200904_145534-2048x1536.jpg 2048w\" sizes=\"(max-width: 300px) 100vw, 300px\" \/><\/p><p style=\"text-align: center;\"><img loading=\"lazy\" decoding=\"async\" class=\"alignnone size-medium wp-image-1859\" src=\"http:\/\/mtgqn.org\/wp-content\/uploads\/2020\/09\/Picture5-revised-2295-300x144.jpg\" alt=\"\" width=\"300\" height=\"144\" srcset=\"https:\/\/mtgqn.org\/wp-content\/uploads\/2020\/09\/Picture5-revised-2295-300x144.jpg 300w, https:\/\/mtgqn.org\/wp-content\/uploads\/2020\/09\/Picture5-revised-2295-1024x493.jpg 1024w, https:\/\/mtgqn.org\/wp-content\/uploads\/2020\/09\/Picture5-revised-2295-768x370.jpg 768w, https:\/\/mtgqn.org\/wp-content\/uploads\/2020\/09\/Picture5-revised-2295-1536x739.jpg 1536w, https:\/\/mtgqn.org\/wp-content\/uploads\/2020\/09\/Picture5-revised-2295-2048x985.jpg 2048w\" sizes=\"(max-width: 300px) 100vw, 300px\" \/><\/p><p style=\"text-align: center;\"><img loading=\"lazy\" decoding=\"async\" class=\"alignnone size-medium wp-image-1833\" src=\"http:\/\/mtgqn.org\/wp-content\/uploads\/2020\/09\/20200904_144019-300x225.jpg\" alt=\"\" width=\"300\" height=\"225\" srcset=\"https:\/\/mtgqn.org\/wp-content\/uploads\/2020\/09\/20200904_144019-300x225.jpg 300w, https:\/\/mtgqn.org\/wp-content\/uploads\/2020\/09\/20200904_144019-1024x768.jpg 1024w, https:\/\/mtgqn.org\/wp-content\/uploads\/2020\/09\/20200904_144019-768x576.jpg 768w, https:\/\/mtgqn.org\/wp-content\/uploads\/2020\/09\/20200904_144019-1536x1152.jpg 1536w, https:\/\/mtgqn.org\/wp-content\/uploads\/2020\/09\/20200904_144019-2048x1536.jpg 2048w\" sizes=\"(max-width: 300px) 100vw, 300px\" \/><\/p><p style=\"text-align: center;\"><img loading=\"lazy\" decoding=\"async\" class=\"alignnone size-medium wp-image-1832\" src=\"http:\/\/mtgqn.org\/wp-content\/uploads\/2020\/09\/Picture3-300x171.png\" alt=\"\" width=\"300\" height=\"171\" srcset=\"https:\/\/mtgqn.org\/wp-content\/uploads\/2020\/09\/Picture3-300x171.png 300w, https:\/\/mtgqn.org\/wp-content\/uploads\/2020\/09\/Picture3-1024x583.png 1024w, https:\/\/mtgqn.org\/wp-content\/uploads\/2020\/09\/Picture3-768x437.png 768w, https:\/\/mtgqn.org\/wp-content\/uploads\/2020\/09\/Picture3-1536x874.png 1536w, https:\/\/mtgqn.org\/wp-content\/uploads\/2020\/09\/Picture3-2048x1165.png 2048w\" sizes=\"(max-width: 300px) 100vw, 300px\" \/><\/p><p style=\"text-align: center;\"><img loading=\"lazy\" decoding=\"async\" class=\"alignnone size-medium wp-image-1831\" src=\"http:\/\/mtgqn.org\/wp-content\/uploads\/2020\/09\/20200904_153659-300x225.jpg\" alt=\"\" width=\"300\" height=\"225\" srcset=\"https:\/\/mtgqn.org\/wp-content\/uploads\/2020\/09\/20200904_153659-300x225.jpg 300w, https:\/\/mtgqn.org\/wp-content\/uploads\/2020\/09\/20200904_153659-1024x768.jpg 1024w, https:\/\/mtgqn.org\/wp-content\/uploads\/2020\/09\/20200904_153659-768x576.jpg 768w, https:\/\/mtgqn.org\/wp-content\/uploads\/2020\/09\/20200904_153659-1536x1152.jpg 1536w, https:\/\/mtgqn.org\/wp-content\/uploads\/2020\/09\/20200904_153659-2048x1536.jpg 2048w\" sizes=\"(max-width: 300px) 100vw, 300px\" \/><\/p><p style=\"text-align: center;\"><img loading=\"lazy\" decoding=\"async\" class=\"alignnone size-medium wp-image-1827\" src=\"http:\/\/mtgqn.org\/wp-content\/uploads\/2020\/09\/20200904_144555-300x225.jpg\" alt=\"\" width=\"300\" height=\"225\" srcset=\"https:\/\/mtgqn.org\/wp-content\/uploads\/2020\/09\/20200904_144555-300x225.jpg 300w, https:\/\/mtgqn.org\/wp-content\/uploads\/2020\/09\/20200904_144555-1024x768.jpg 1024w, https:\/\/mtgqn.org\/wp-content\/uploads\/2020\/09\/20200904_144555-768x576.jpg 768w, https:\/\/mtgqn.org\/wp-content\/uploads\/2020\/09\/20200904_144555-1536x1152.jpg 1536w, https:\/\/mtgqn.org\/wp-content\/uploads\/2020\/09\/20200904_144555-2048x1536.jpg 2048w\" sizes=\"(max-width: 300px) 100vw, 300px\" \/><\/p><p style=\"text-align: center;\">\u00a0<\/p><p style=\"text-align: center;\">\u00a0\u00a0<\/p>\t\t\t\t\t\t\t\t<\/div>\n\t\t\t\t<\/div>\n\t\t\t\t\t<\/div>\n\t\t<\/div>\n\t\t\t\t\t<\/div>\n\t\t<\/section>\n\t\t\t\t<\/div>","protected":false},"excerpt":{"rendered":"<p>L\u01b0\u1ee3c S\u1eed T\u1ec9nh D\u00f2ng N\u0103m 1986, \u0110\u1ee9c cha John Quinn, T\u1ed5ng Gi\u00e1m m\u1ee5c T\u1ed5ng Gi\u00e1o ph\u1eadn San Francisco khuy\u1ebfn kh\u00edch v\u00e0 cho phe\u0301p tha\u0300nh l\u00e2\u0323p c\u00f4\u0323ng \u0111oa\u0300n M\u00ea\u0301n Tha\u0301nh Gia\u0301 Qui Nh\u01a1n \u0111\u00e2\u0300u ti\u00ean ta\u0323i T\u00f4\u0309ng Gia\u0301o ph\u00e2\u0323n San Francisco, California. Chi\u0323 Rosaline Nguy\u1ec5n Thi\u0323 Th\u00fay Li\u1ec5u \u0111\u00e3 kh\u1edfi \u0111\u1ea7u nh\u00e2\u0323n \u01a1n go\u0323i. Hai \u0111\u00ea\u0323 &hellip;<\/p>\n<p class=\"read-more\"> <a class=\"\" href=\"https:\/\/mtgqn.org\/vi\/luoc-su-tinh-dong\/\"> <span class=\"screen-reader-text\">L\u01b0\u1ee3c S\u1eed T\u1ec9nh D\u00f2ng<\/span> Read More &raquo;<\/a><\/p>","protected":false},"author":1,"featured_media":0,"parent":0,"menu_order":0,"comment_status":"closed","ping_status":"closed","template":"","meta":{"site-sidebar-layout":"no-sidebar","site-content-layout":"page-builder","ast-global-header-display":"","ast-banner-title-visibility":"","ast-main-header-display":"","ast-hfb-above-header-display":"","ast-hfb-below-header-display":"","ast-hfb-mobile-header-display":"","site-post-title":"disabled","ast-breadcrumbs-content":"","ast-featured-img":"disabled","footer-sml-layout":"","theme-transparent-header-meta":"default","adv-header-id-meta":"","stick-header-meta":"","header-above-stick-meta":"","header-main-stick-meta":"","header-below-stick-meta":"","footnotes":""},"class_list":["post-1280","page","type-page","status-publish","hentry"],"_links":{"self":[{"href":"https:\/\/mtgqn.org\/vi\/wp-json\/wp\/v2\/pages\/1280","targetHints":{"allow":["GET"]}}],"collection":[{"href":"https:\/\/mtgqn.org\/vi\/wp-json\/wp\/v2\/pages"}],"about":[{"href":"https:\/\/mtgqn.org\/vi\/wp-json\/wp\/v2\/types\/page"}],"author":[{"embeddable":true,"href":"https:\/\/mtgqn.org\/vi\/wp-json\/wp\/v2\/users\/1"}],"replies":[{"embeddable":true,"href":"https:\/\/mtgqn.org\/vi\/wp-json\/wp\/v2\/comments?post=1280"}],"version-history":[{"count":220,"href":"https:\/\/mtgqn.org\/vi\/wp-json\/wp\/v2\/pages\/1280\/revisions"}],"predecessor-version":[{"id":7879,"href":"https:\/\/mtgqn.org\/vi\/wp-json\/wp\/v2\/pages\/1280\/revisions\/7879"}],"wp:attachment":[{"href":"https:\/\/mtgqn.org\/vi\/wp-json\/wp\/v2\/media?parent=1280"}],"curies":[{"name":"wp","href":"https:\/\/api.w.org\/{rel}","templated":true}]}}