{"id":1282,"date":"2020-08-25T06:11:00","date_gmt":"2020-08-25T06:11:00","guid":{"rendered":"http:\/\/newhome.mtgqn.org\/?page_id=1282"},"modified":"2025-08-21T17:50:58","modified_gmt":"2025-08-21T17:50:58","slug":"cac-cong-doan","status":"publish","type":"page","link":"https:\/\/mtgqn.org\/vi\/cac-cong-doan\/","title":{"rendered":"C\u00e1c C\u1ed9ng \u0110o\u00e0n T\u1ec9nh D\u00f2ng"},"content":{"rendered":"<div data-elementor-type=\"wp-page\" data-elementor-id=\"1282\" class=\"elementor elementor-1282\">\n\t\t\t\t\t\t<section class=\"elementor-section elementor-top-section elementor-element elementor-element-08de83a elementor-section-boxed elementor-section-height-default elementor-section-height-default\" data-id=\"08de83a\" data-element_type=\"section\" data-no-translation=\"\">\n\t\t\t\t\t\t<div class=\"elementor-container elementor-column-gap-default\">\n\t\t\t\t\t<div class=\"elementor-column elementor-col-100 elementor-top-column elementor-element elementor-element-2fbe7dc\" data-id=\"2fbe7dc\" data-element_type=\"column\">\n\t\t\t<div class=\"elementor-widget-wrap elementor-element-populated\">\n\t\t\t\t\t\t<div class=\"elementor-element elementor-element-9101ada elementor-widget elementor-widget-heading\" data-id=\"9101ada\" data-element_type=\"widget\" data-widget_type=\"heading.default\">\n\t\t\t\t<div class=\"elementor-widget-container\">\n\t\t\t\t\t<h1 class=\"elementor-heading-title elementor-size-default\">C\u00e1c Tu Vi\u00ea\u0323n Ti\u0309nh Do\u0300ng<\/h1>\t\t\t\t<\/div>\n\t\t\t\t<\/div>\n\t\t\t\t<div class=\"elementor-element elementor-element-197ec3d elementor-widget-divider--view-line elementor-widget elementor-widget-divider\" data-id=\"197ec3d\" data-element_type=\"widget\" data-widget_type=\"divider.default\">\n\t\t\t\t<div class=\"elementor-widget-container\">\n\t\t\t\t\t\t\t<div class=\"elementor-divider\">\n\t\t\t<span class=\"elementor-divider-separator\">\n\t\t\t\t\t\t<\/span>\n\t\t<\/div>\n\t\t\t\t\t\t<\/div>\n\t\t\t\t<\/div>\n\t\t\t\t<div class=\"elementor-element elementor-element-d72ca4f elementor-widget-divider--view-line elementor-widget elementor-widget-divider\" data-id=\"d72ca4f\" data-element_type=\"widget\" data-widget_type=\"divider.default\">\n\t\t\t\t<div class=\"elementor-widget-container\">\n\t\t\t\t\t\t\t<div class=\"elementor-divider\">\n\t\t\t<span class=\"elementor-divider-separator\">\n\t\t\t\t\t\t<\/span>\n\t\t<\/div>\n\t\t\t\t\t\t<\/div>\n\t\t\t\t<\/div>\n\t\t\t\t<div class=\"elementor-element elementor-element-b84e1cd elementor-widget-divider--view-line elementor-widget elementor-widget-divider\" data-id=\"b84e1cd\" data-element_type=\"widget\" data-widget_type=\"divider.default\">\n\t\t\t\t<div class=\"elementor-widget-container\">\n\t\t\t\t\t\t\t<div class=\"elementor-divider\">\n\t\t\t<span class=\"elementor-divider-separator\">\n\t\t\t\t\t\t<\/span>\n\t\t<\/div>\n\t\t\t\t\t\t<\/div>\n\t\t\t\t<\/div>\n\t\t\t\t\t<\/div>\n\t\t<\/div>\n\t\t\t\t\t<\/div>\n\t\t<\/section>\n\t\t\t\t<section class=\"elementor-section elementor-top-section elementor-element elementor-element-0782730 elementor-section-boxed elementor-section-height-default elementor-section-height-default\" data-id=\"0782730\" data-element_type=\"section\" data-settings=\"{&quot;background_background&quot;:&quot;classic&quot;}\" data-no-translation=\"\">\n\t\t\t\t\t\t\t<div class=\"elementor-background-overlay\"><\/div>\n\t\t\t\t\t\t\t<div class=\"elementor-container elementor-column-gap-default\">\n\t\t\t\t\t<div class=\"elementor-column elementor-col-33 elementor-top-column elementor-element elementor-element-b600926\" data-id=\"b600926\" data-element_type=\"column\">\n\t\t\t<div class=\"elementor-widget-wrap elementor-element-populated\">\n\t\t\t\t\t\t<div class=\"elementor-element elementor-element-39020cd elementor-widget elementor-widget-text-editor\" data-id=\"39020cd\" data-element_type=\"widget\" data-widget_type=\"text-editor.default\">\n\t\t\t\t<div class=\"elementor-widget-container\">\n\t\t\t\t\t\t\t\t\t<p><strong>Tu Vi\u00ea\u0323n Nha\u0300 Chi\u0301nh &amp; T\u00e2\u0323p Vi\u00ea\u0323n T\u00ear\u00easa<\/strong><\/p>\n<p>1685 Humphrey Dr.<\/p>\n<p>Concord, CA 94519<\/p>\n<p>\u0110T: 925-674-9639<\/p>\t\t\t\t\t\t\t\t<\/div>\n\t\t\t\t<\/div>\n\t\t\t\t<div class=\"elementor-element elementor-element-275337b elementor-widget elementor-widget-text-editor\" data-id=\"275337b\" data-element_type=\"widget\" data-widget_type=\"text-editor.default\">\n\t\t\t\t<div class=\"elementor-widget-container\">\n\t\t\t\t\t\t\t\t\t<p><strong>Tu Vi\u00ea\u0323n Th\u00e1nh Giuse<\/strong> \u00a0\u00a0\u00a0\u00a0\u00a0\u00a0\u00a0\u00a0\u00a0\u00a0\u00a0\u00a0\u00a0<\/p><p>368 Neilson Court<\/p><p>San Jose, CA 95111\u00a0 \u00a0 \u00a0<\/p><p>\u0110T: 408-362-9719<\/p>\t\t\t\t\t\t\t\t<\/div>\n\t\t\t\t<\/div>\n\t\t\t\t<div class=\"elementor-element elementor-element-d980dd3 elementor-widget elementor-widget-text-editor\" data-id=\"d980dd3\" data-element_type=\"widget\" data-widget_type=\"text-editor.default\">\n\t\t\t\t<div class=\"elementor-widget-container\">\n\t\t\t\t\t\t\t\t\t<p><strong>Tu Vi\u00ea\u0323n Thanh Tuy\u1ec3n<\/strong>\u00a0 \u00a0 \u00a0 \u00a0 \u00a0\u00a0<\/p><p>50 Santa Maria Way<\/p><p>Orinda, CA 94563\u00a0 \u00a0 \u00a0 \u00a0 \u00a0 \u00a0 \u00a0 \u00a0 \u00a0 \u00a0 \u00a0 \u00a0 \u00a0 \u00a0 \u00a0 \u00a0 \u00a0 \u00a0<\/p><p>\u0110T: 925-253-0831<\/p>\t\t\t\t\t\t\t\t<\/div>\n\t\t\t\t<\/div>\n\t\t\t\t\t<\/div>\n\t\t<\/div>\n\t\t\t\t<div class=\"elementor-column elementor-col-33 elementor-top-column elementor-element elementor-element-2667d9b\" data-id=\"2667d9b\" data-element_type=\"column\">\n\t\t\t<div class=\"elementor-widget-wrap elementor-element-populated\">\n\t\t\t\t\t\t<div class=\"elementor-element elementor-element-900e7b8 elementor-widget elementor-widget-text-editor\" data-id=\"900e7b8\" data-element_type=\"widget\" data-widget_type=\"text-editor.default\">\n\t\t\t\t<div class=\"elementor-widget-container\">\n\t\t\t\t\t\t\t\t\t<p><strong>Tu Vi\u00ea\u0323n N\u01b0\u0303 V\u01b0\u01a1ng ca\u0301c Thi\u00ean Th\u00e2\u0300n<\/strong><\/p><p>1727 Humphrey Dr.<\/p><p>Concord, CA 94519<\/p><p>\u0110T: 925-676-9320<\/p>\t\t\t\t\t\t\t\t<\/div>\n\t\t\t\t<\/div>\n\t\t\t\t<div class=\"elementor-element elementor-element-10a2708 elementor-widget elementor-widget-text-editor\" data-id=\"10a2708\" data-element_type=\"widget\" data-widget_type=\"text-editor.default\">\n\t\t\t\t<div class=\"elementor-widget-container\">\n\t\t\t\t\t\t\t\t\t<p><strong>Tu Vi\u00ea\u0323n Sao Mai (Nh\u00e0 Tr\u1ebb)\u00a0<\/strong> \u00a0\u00a0\u00a0\u00a0\u00a0\u00a0\u00a0<\/p><p>1393 Crailford Court<\/p><p>San Jose, CA 95121\u00a0 \u00a0<\/p><p>\u0110T: 408-362-0148<\/p>\t\t\t\t\t\t\t\t<\/div>\n\t\t\t\t<\/div>\n\t\t\t\t\t<\/div>\n\t\t<\/div>\n\t\t\t\t<div class=\"elementor-column elementor-col-33 elementor-top-column elementor-element elementor-element-31038f5\" data-id=\"31038f5\" data-element_type=\"column\">\n\t\t\t<div class=\"elementor-widget-wrap elementor-element-populated\">\n\t\t\t\t\t\t<div class=\"elementor-element elementor-element-ab57cf6 elementor-widget elementor-widget-text-editor\" data-id=\"ab57cf6\" data-element_type=\"widget\" data-widget_type=\"text-editor.default\">\n\t\t\t\t<div class=\"elementor-widget-container\">\n\t\t\t\t\t\t\t\t\t<p><strong>Tu Vi\u00ea\u0323n Th\u00e1nh Phanxic\u00f4 Xavi\u00ea<\/strong><\/p><p>298 Southgate Ave.<\/p><p>Daly City, CA 94015<\/p><p>\u0110T: 415-769-5457 \u00a0\u00a0<\/p>\t\t\t\t\t\t\t\t<\/div>\n\t\t\t\t<\/div>\n\t\t\t\t<div class=\"elementor-element elementor-element-17b4780 elementor-widget elementor-widget-text-editor\" data-id=\"17b4780\" data-element_type=\"widget\" data-widget_type=\"text-editor.default\">\n\t\t\t\t<div class=\"elementor-widget-container\">\n\t\t\t\t\t\t\t\t\t<p><strong>Tu Vi\u00ea\u0323n Fatima<\/strong><\/p><p>2704 Gilham Way<\/p><p>San Jose, CA 95148<\/p><p>\u0110T: 408-300-7565\u00a0<\/p>\t\t\t\t\t\t\t\t<\/div>\n\t\t\t\t<\/div>\n\t\t\t\t\t<\/div>\n\t\t<\/div>\n\t\t\t\t\t<\/div>\n\t\t<\/section>\n\t\t\t\t<\/div>","protected":false},"excerpt":{"rendered":"<p>C\u00e1c Tu Vi\u00ea\u0323n Ti\u0309nh Do\u0300ng Tu Vi\u00ea\u0323n Nha\u0300 Chi\u0301nh &amp; T\u00e2\u0323p Vi\u00ea\u0323n T\u00ear\u00easa 1685 Humphrey Dr. Concord, CA 94519 \u0110T: 925-674-9639 Tu Vi\u00ea\u0323n Th\u00e1nh Giuse \u00a0\u00a0\u00a0\u00a0\u00a0\u00a0\u00a0\u00a0\u00a0\u00a0\u00a0\u00a0\u00a0 368 Neilson Court San Jose, CA 95111\u00a0 \u00a0 \u00a0 \u0110T: 408-362-9719 Tu Vi\u00ea\u0323n Thanh Tuy\u1ec3n\u00a0 \u00a0 \u00a0 \u00a0 \u00a0\u00a0 50 Santa Maria Way Orinda, CA 94563\u00a0 \u00a0 \u00a0 \u00a0 &hellip;<\/p>\n<p class=\"read-more\"> <a class=\"\" href=\"https:\/\/mtgqn.org\/vi\/cac-cong-doan\/\"> <span class=\"screen-reader-text\">C\u00e1c C\u1ed9ng \u0110o\u00e0n T\u1ec9nh D\u00f2ng<\/span> Read More &raquo;<\/a><\/p>","protected":false},"author":1,"featured_media":0,"parent":0,"menu_order":0,"comment_status":"closed","ping_status":"closed","template":"","meta":{"site-sidebar-layout":"no-sidebar","site-content-layout":"page-builder","ast-global-header-display":"","ast-banner-title-visibility":"","ast-main-header-display":"","ast-hfb-above-header-display":"","ast-hfb-below-header-display":"","ast-hfb-mobile-header-display":"","site-post-title":"disabled","ast-breadcrumbs-content":"","ast-featured-img":"disabled","footer-sml-layout":"","theme-transparent-header-meta":"default","adv-header-id-meta":"","stick-header-meta":"","header-above-stick-meta":"","header-main-stick-meta":"","header-below-stick-meta":"","footnotes":""},"class_list":["post-1282","page","type-page","status-publish","hentry"],"_links":{"self":[{"href":"https:\/\/mtgqn.org\/vi\/wp-json\/wp\/v2\/pages\/1282","targetHints":{"allow":["GET"]}}],"collection":[{"href":"https:\/\/mtgqn.org\/vi\/wp-json\/wp\/v2\/pages"}],"about":[{"href":"https:\/\/mtgqn.org\/vi\/wp-json\/wp\/v2\/types\/page"}],"author":[{"embeddable":true,"href":"https:\/\/mtgqn.org\/vi\/wp-json\/wp\/v2\/users\/1"}],"replies":[{"embeddable":true,"href":"https:\/\/mtgqn.org\/vi\/wp-json\/wp\/v2\/comments?post=1282"}],"version-history":[{"count":132,"href":"https:\/\/mtgqn.org\/vi\/wp-json\/wp\/v2\/pages\/1282\/revisions"}],"predecessor-version":[{"id":7876,"href":"https:\/\/mtgqn.org\/vi\/wp-json\/wp\/v2\/pages\/1282\/revisions\/7876"}],"wp:attachment":[{"href":"https:\/\/mtgqn.org\/vi\/wp-json\/wp\/v2\/media?parent=1282"}],"curies":[{"name":"wp","href":"https:\/\/api.w.org\/{rel}","templated":true}]}}