{"id":1294,"date":"2020-08-25T06:14:39","date_gmt":"2020-08-25T06:14:39","guid":{"rendered":"http:\/\/newhome.mtgqn.org\/?page_id=1294"},"modified":"2021-03-14T06:40:20","modified_gmt":"2021-03-14T06:40:20","slug":"y-te","status":"publish","type":"page","link":"https:\/\/mtgqn.org\/vi\/y-te\/","title":{"rendered":"Y T\u1ebf &amp; X\u00e3 H\u1ed9i"},"content":{"rendered":"<div data-elementor-type=\"wp-page\" data-elementor-id=\"1294\" class=\"elementor elementor-1294\">\n\t\t\t\t\t\t<section class=\"elementor-section elementor-top-section elementor-element elementor-element-0179c33 elementor-section-boxed elementor-section-height-default elementor-section-height-default\" data-id=\"0179c33\" data-element_type=\"section\" data-no-translation=\"\">\n\t\t\t\t\t\t<div class=\"elementor-container elementor-column-gap-default\">\n\t\t\t\t\t<div class=\"elementor-column elementor-col-100 elementor-top-column elementor-element elementor-element-321f498\" data-id=\"321f498\" data-element_type=\"column\">\n\t\t\t<div class=\"elementor-widget-wrap elementor-element-populated\">\n\t\t\t\t\t\t<div class=\"elementor-element elementor-element-3d7893d elementor-widget elementor-widget-heading\" data-id=\"3d7893d\" data-element_type=\"widget\" data-widget_type=\"heading.default\">\n\t\t\t\t<div class=\"elementor-widget-container\">\n\t\t\t\t\t<h1 class=\"elementor-heading-title elementor-size-default\">Y T\u1ebf &amp; X\u00e3 H\u1ed9i<\/h1>\t\t\t\t<\/div>\n\t\t\t\t<\/div>\n\t\t\t\t<div class=\"elementor-element elementor-element-7542e32 elementor-widget-divider--view-line elementor-widget elementor-widget-divider\" data-id=\"7542e32\" data-element_type=\"widget\" data-widget_type=\"divider.default\">\n\t\t\t\t<div class=\"elementor-widget-container\">\n\t\t\t\t\t\t\t<div class=\"elementor-divider\">\n\t\t\t<span class=\"elementor-divider-separator\">\n\t\t\t\t\t\t<\/span>\n\t\t<\/div>\n\t\t\t\t\t\t<\/div>\n\t\t\t\t<\/div>\n\t\t\t\t<div class=\"elementor-element elementor-element-0636e14 elementor-widget elementor-widget-text-editor\" data-id=\"0636e14\" data-element_type=\"widget\" data-widget_type=\"text-editor.default\">\n\t\t\t\t<div class=\"elementor-widget-container\">\n\t\t\t\t\t\t\t\t\t<p>Phu\u0323c vu\u0323 ta\u0323i vi\u00ea\u0323n d\u01b0\u01a1\u0303ng la\u0303o, th\u0103m vi\u00ea\u0301ng ng\u01b0\u1eddi gi\u00e0 c\u1ea3 neo \u0111\u01a1n &amp; ca\u0301c tu\u0300 nh\u00e2n, gi\u00fap \u0111\u01a1\u0303 ca\u0301c gia \u0111\u00ecnh thi\u00ea\u0301u th\u00f4\u0301n &amp; nghe\u0300o kh\u00f4\u0309.<\/p>\t\t\t\t\t\t\t\t<\/div>\n\t\t\t\t<\/div>\n\t\t\t\t\t<\/div>\n\t\t<\/div>\n\t\t\t\t\t<\/div>\n\t\t<\/section>\n\t\t\t\t<section class=\"elementor-section elementor-top-section elementor-element elementor-element-ebc1958 elementor-section-boxed elementor-section-height-default elementor-section-height-default\" data-id=\"ebc1958\" data-element_type=\"section\" data-no-translation=\"\">\n\t\t\t\t\t\t<div class=\"elementor-container elementor-column-gap-default\">\n\t\t\t\t\t<div class=\"elementor-column elementor-col-50 elementor-top-column elementor-element elementor-element-95733d0\" data-id=\"95733d0\" data-element_type=\"column\">\n\t\t\t<div class=\"elementor-widget-wrap elementor-element-populated\">\n\t\t\t\t\t\t<div class=\"elementor-element elementor-element-e24f60f elementor-widget elementor-widget-image\" data-id=\"e24f60f\" data-element_type=\"widget\" data-widget_type=\"image.default\">\n\t\t\t\t<div class=\"elementor-widget-container\">\n\t\t\t\t\t\t\t\t\t\t\t\t\t\t\t<img fetchpriority=\"high\" decoding=\"async\" width=\"225\" height=\"300\" src=\"https:\/\/mtgqn.org\/wp-content\/uploads\/2020\/09\/hinh-cho-ruoc-le-225x300.jpg\" class=\"attachment-medium size-medium wp-image-2124\" alt=\"\" srcset=\"https:\/\/mtgqn.org\/wp-content\/uploads\/2020\/09\/hinh-cho-ruoc-le-225x300.jpg 225w, https:\/\/mtgqn.org\/wp-content\/uploads\/2020\/09\/hinh-cho-ruoc-le.jpg 750w\" sizes=\"(max-width: 225px) 100vw, 225px\" \/>\t\t\t\t\t\t\t\t\t\t\t\t\t\t\t<\/div>\n\t\t\t\t<\/div>\n\t\t\t\t\t<\/div>\n\t\t<\/div>\n\t\t\t\t<div class=\"elementor-column elementor-col-50 elementor-top-column elementor-element elementor-element-5fe6af5\" data-id=\"5fe6af5\" data-element_type=\"column\">\n\t\t\t<div class=\"elementor-widget-wrap elementor-element-populated\">\n\t\t\t\t\t\t<div class=\"elementor-element elementor-element-c6468a9 elementor-widget elementor-widget-image\" data-id=\"c6468a9\" data-element_type=\"widget\" data-widget_type=\"image.default\">\n\t\t\t\t<div class=\"elementor-widget-container\">\n\t\t\t\t\t\t\t\t\t\t\t\t\t\t\t<img decoding=\"async\" width=\"225\" height=\"300\" src=\"https:\/\/mtgqn.org\/wp-content\/uploads\/2020\/11\/Sr-Chanh-225x300.jpg\" class=\"attachment-medium size-medium wp-image-3049\" alt=\"\" srcset=\"https:\/\/mtgqn.org\/wp-content\/uploads\/2020\/11\/Sr-Chanh-225x300.jpg 225w, https:\/\/mtgqn.org\/wp-content\/uploads\/2020\/11\/Sr-Chanh.jpg 480w\" sizes=\"(max-width: 225px) 100vw, 225px\" \/>\t\t\t\t\t\t\t\t\t\t\t\t\t\t\t<\/div>\n\t\t\t\t<\/div>\n\t\t\t\t\t<\/div>\n\t\t<\/div>\n\t\t\t\t\t<\/div>\n\t\t<\/section>\n\t\t\t\t<\/div>","protected":false},"excerpt":{"rendered":"<p>Y T\u1ebf &amp; X\u00e3 H\u1ed9i Phu\u0323c vu\u0323 ta\u0323i vi\u00ea\u0323n d\u01b0\u01a1\u0303ng la\u0303o, th\u0103m vi\u00ea\u0301ng ng\u01b0\u1eddi gi\u00e0 c\u1ea3 neo \u0111\u01a1n &amp; ca\u0301c tu\u0300 nh\u00e2n, gi\u00fap \u0111\u01a1\u0303 ca\u0301c gia \u0111\u00ecnh thi\u00ea\u0301u th\u00f4\u0301n &amp; nghe\u0300o kh\u00f4\u0309. Health Care and Social Work Our sisters minister at Convalescence homes, visit the elders, the sick and the home-bound. In the society, our &hellip;<\/p>\n<p class=\"read-more\"> <a class=\"\" href=\"https:\/\/mtgqn.org\/vi\/y-te\/\"> <span class=\"screen-reader-text\">Y T\u1ebf &amp; X\u00e3 H\u1ed9i<\/span> Read More &raquo;<\/a><\/p>","protected":false},"author":1,"featured_media":0,"parent":0,"menu_order":0,"comment_status":"closed","ping_status":"closed","template":"","meta":{"site-sidebar-layout":"no-sidebar","site-content-layout":"page-builder","ast-global-header-display":"","ast-banner-title-visibility":"","ast-main-header-display":"","ast-hfb-above-header-display":"","ast-hfb-below-header-display":"","ast-hfb-mobile-header-display":"","site-post-title":"disabled","ast-breadcrumbs-content":"","ast-featured-img":"disabled","footer-sml-layout":"","theme-transparent-header-meta":"default","adv-header-id-meta":"","stick-header-meta":"","header-above-stick-meta":"","header-main-stick-meta":"","header-below-stick-meta":"","footnotes":""},"class_list":["post-1294","page","type-page","status-publish","hentry"],"_links":{"self":[{"href":"https:\/\/mtgqn.org\/vi\/wp-json\/wp\/v2\/pages\/1294","targetHints":{"allow":["GET"]}}],"collection":[{"href":"https:\/\/mtgqn.org\/vi\/wp-json\/wp\/v2\/pages"}],"about":[{"href":"https:\/\/mtgqn.org\/vi\/wp-json\/wp\/v2\/types\/page"}],"author":[{"embeddable":true,"href":"https:\/\/mtgqn.org\/vi\/wp-json\/wp\/v2\/users\/1"}],"replies":[{"embeddable":true,"href":"https:\/\/mtgqn.org\/vi\/wp-json\/wp\/v2\/comments?post=1294"}],"version-history":[{"count":26,"href":"https:\/\/mtgqn.org\/vi\/wp-json\/wp\/v2\/pages\/1294\/revisions"}],"predecessor-version":[{"id":4503,"href":"https:\/\/mtgqn.org\/vi\/wp-json\/wp\/v2\/pages\/1294\/revisions\/4503"}],"wp:attachment":[{"href":"https:\/\/mtgqn.org\/vi\/wp-json\/wp\/v2\/media?parent=1294"}],"curies":[{"name":"wp","href":"https:\/\/api.w.org\/{rel}","templated":true}]}}