{"id":1302,"date":"2020-08-25T06:17:16","date_gmt":"2020-08-25T06:17:16","guid":{"rendered":"http:\/\/newhome.mtgqn.org\/?page_id=1302"},"modified":"2022-10-23T06:46:19","modified_gmt":"2022-10-23T06:46:19","slug":"chuyen-on-goi","status":"publish","type":"page","link":"https:\/\/mtgqn.org\/vi\/chuyen-on-goi\/","title":{"rendered":"\u01a0n G\u1ecdi"},"content":{"rendered":"<div data-elementor-type=\"wp-page\" data-elementor-id=\"1302\" class=\"elementor elementor-1302\">\n\t\t\t\t\t\t<section class=\"elementor-section elementor-top-section elementor-element elementor-element-40f5c1f elementor-section-boxed elementor-section-height-default elementor-section-height-default\" data-id=\"40f5c1f\" data-element_type=\"section\" data-no-translation=\"\">\n\t\t\t\t\t\t<div class=\"elementor-container elementor-column-gap-default\">\n\t\t\t\t\t<div class=\"elementor-column elementor-col-50 elementor-top-column elementor-element elementor-element-d62afe0\" data-id=\"d62afe0\" data-element_type=\"column\">\n\t\t\t<div class=\"elementor-widget-wrap elementor-element-populated\">\n\t\t\t\t\t\t<div class=\"elementor-element elementor-element-caccb10 elementor-widget elementor-widget-heading\" data-id=\"caccb10\" data-element_type=\"widget\" data-widget_type=\"heading.default\">\n\t\t\t\t<div class=\"elementor-widget-container\">\n\t\t\t\t\t<h1 class=\"elementor-heading-title elementor-size-default\">\u0110\u1ebfn v\u00e0 Xem <\/h1>\t\t\t\t<\/div>\n\t\t\t\t<\/div>\n\t\t\t\t<div class=\"elementor-element elementor-element-4804100 elementor-widget-divider--view-line elementor-widget elementor-widget-divider\" data-id=\"4804100\" data-element_type=\"widget\" data-widget_type=\"divider.default\">\n\t\t\t\t<div class=\"elementor-widget-container\">\n\t\t\t\t\t\t\t<div class=\"elementor-divider\">\n\t\t\t<span class=\"elementor-divider-separator\">\n\t\t\t\t\t\t<\/span>\n\t\t<\/div>\n\t\t\t\t\t\t<\/div>\n\t\t\t\t<\/div>\n\t\t\t\t<div class=\"elementor-element elementor-element-5f73483 elementor-widget-divider--view-line elementor-widget elementor-widget-divider\" data-id=\"5f73483\" data-element_type=\"widget\" data-widget_type=\"divider.default\">\n\t\t\t\t<div class=\"elementor-widget-container\">\n\t\t\t\t\t\t\t<div class=\"elementor-divider\">\n\t\t\t<span class=\"elementor-divider-separator\">\n\t\t\t\t\t\t<\/span>\n\t\t<\/div>\n\t\t\t\t\t\t<\/div>\n\t\t\t\t<\/div>\n\t\t\t\t<div class=\"elementor-element elementor-element-692fbcb elementor-widget elementor-widget-text-editor\" data-id=\"692fbcb\" data-element_type=\"widget\" data-widget_type=\"text-editor.default\">\n\t\t\t\t<div class=\"elementor-widget-container\">\n\t\t\t\t\t\t\t\t\t<p>&#8220;\u0110\u1ebfn v\u00e0 Xem&#8221; l\u00e0 l\u1eddi m\u1eddi g\u1ecdi c\u1ee7a Ch\u00faa Gi\u00easu cho c\u00e1c m\u00f4n \u0111\u1ec7 \u0111\u1ea7u ti\u00ean. Ch\u00faa Gi\u00easu v\u1eabn v\u00e0 \u0111ang ti\u1ebfp t\u1ee5c m\u1eddi g\u1ecdi bi\u1ebft bao nhi\u00eau t\u00e2m h\u1ed3n &#8220;\u0110\u1ebfn v\u00e0 Xem&#8221; n\u01a1i Ng\u00e0i \u1edf trong m\u1ed9t H\u1ed9i D\u00f2ng.<\/p>\n<p>N\u1ebfu b\u1ea1n \u0111ang khao kh\u00e1t t\u00ecm ki\u1ebfm Thi\u00ean Ch\u00faa, qu\u00fd S\u01a1 th\u00e2n m\u1eddi b\u1ea1n tham d\u1ef1 c\u00e1c bu\u1ed5i ti\u0303nh t\u00e2m &#8220;\u0110\u1ebfn v\u00e0 Xem&#8221; \u0111\u1ec3 t\u00ecm Th\u00e1nh \u00fd Ch\u00faa cho \u0111\u1eddi s\u1ed1ng v\u00e0 \u01a1n g\u1ecdi c\u1ee7a m\u00ecnh.<\/p>\t\t\t\t\t\t\t\t<\/div>\n\t\t\t\t<\/div>\n\t\t\t\t<div class=\"elementor-element elementor-element-ddb46cf elementor-widget elementor-widget-text-editor\" data-id=\"ddb46cf\" data-element_type=\"widget\" data-widget_type=\"text-editor.default\">\n\t\t\t\t<div class=\"elementor-widget-container\">\n\t\t\t\t\t\t\t\t\t<h2><strong>\u00a0 \u00a0 \u00a0 \u00a0 \u00a0Kinh C\u00e2\u0300u Cho \u01a0n Thi\u00ean Tri\u00ea\u0323u<\/strong><\/h2><p>L\u1ea1y Ch\u00faa Gi\u00easu, x\u01b0a Ch\u00faa \u0111\u00e3 ch\u1ecdn c\u00e1c m\u00f4n \u0111\u1ec7 \u0111\u1ea7u ti\u00ean \u0111\u1ec3 bi\u1ebfn h\u1ecd th\u00e0nh nh\u1eefng ng\u01b0\u1eddi \u0111\u00e1nh c\u00e1 ph\u1ea7n h\u1ed3n, xin l\u00e0m cho l\u1eddi Ch\u00faa g\u1ecdi ng\u1ecdt ng\u00e0o thu\u1edf x\u01b0a \u201cH\u00e3y theo Th\u1ea7y\u201d b\u00e2y gi\u1edd l\u1ea1i ti\u1ebfp t\u1ee5c vang l\u00ean. Xin Ch\u00faa ban cho c\u00e1c thanh ni\u00ean nam n\u1eef bi\u1ebft mau m\u1eafn \u0111\u00e1p l\u1eddi Ch\u00faa m\u1eddi g\u1ecdi.<\/p><p>Xin Ch\u00faa ph\u00f9 h\u1ed9 c\u00e1c \u0111\u1ee9c gi\u00e1m m\u1ee5c, c\u00e1c linh m\u1ee5c v\u00e0 nh\u1eefng ng\u01b0\u1eddi \u0111ang d\u00e2ng m\u00ecnh cho vi\u1ec7c truy\u1ec1n gi\u00e1o. Xin Ch\u00faa ban \u01a1n ki\u00ean tr\u00ec cho c\u00e1c ch\u1ee7ng sinh c\u1ee7a ch\u00fang con, v\u00e0 nh\u1eefng ai \u0111ang hi\u1ebfn m\u00ecnh ph\u1ee5ng s\u1ef1 Ch\u00faa.<\/p><p>L\u1ea1y M\u1eb9 Maria, M\u1eb9 Thi\u00ean Ch\u00faa, l\u00e0 g\u01b0\u01a1ng m\u1eabu \u01a0n Thi\u00ean Tri\u1ec7u, xin M\u1eb9 gi\u00fap ch\u00fang con bi\u1ebft \u0111\u00e1p l\u1eddi Ch\u00faa g\u1ecdi \u0111\u1ec3 c\u00f4\u0323ng t\u00e1c v\u00e0o ch\u01b0\u01a1ng tr\u00ecnh c\u1ee9u chu\u1ed9c c\u1ee7a Ng\u00e0i. Amen.<\/p><p><em>(do \u0110\u1ee9c Th\u00e1nh Cha Gioan-Phaol\u00f4 II so\u1ea1n)<\/em><\/p>\t\t\t\t\t\t\t\t<\/div>\n\t\t\t\t<\/div>\n\t\t\t\t\t<\/div>\n\t\t<\/div>\n\t\t\t\t<div class=\"elementor-column elementor-col-50 elementor-top-column elementor-element elementor-element-9473174\" data-id=\"9473174\" data-element_type=\"column\">\n\t\t\t<div class=\"elementor-widget-wrap elementor-element-populated\">\n\t\t\t\t\t\t<div class=\"elementor-element elementor-element-33f49b9 elementor-widget elementor-widget-video\" data-id=\"33f49b9\" data-element_type=\"widget\" data-settings=\"{&quot;video_type&quot;:&quot;hosted&quot;,&quot;controls&quot;:&quot;yes&quot;}\" data-widget_type=\"video.default\">\n\t\t\t\t<div class=\"elementor-widget-container\">\n\t\t\t\t\t\t\t<div class=\"e-hosted-video elementor-wrapper elementor-open-inline\">\n\t\t\t\t\t<video class=\"elementor-video\" src=\"http:\/\/mtgqn.org\/wp-content\/uploads\/2020\/11\/CS.mov\" controls=\"\" preload=\"metadata\" controlslist=\"nodownload\"><\/video>\n\t\t\t\t<\/div>\n\t\t\t\t\t\t<\/div>\n\t\t\t\t<\/div>\n\t\t\t\t<div class=\"elementor-element elementor-element-d1489c5 elementor-widget elementor-widget-image\" data-id=\"d1489c5\" data-element_type=\"widget\" data-widget_type=\"image.default\">\n\t\t\t\t<div class=\"elementor-widget-container\">\n\t\t\t\t\t\t\t\t\t\t\t\t\t\t\t<img fetchpriority=\"high\" decoding=\"async\" width=\"900\" height=\"552\" src=\"https:\/\/mtgqn.org\/wp-content\/uploads\/2022\/10\/Vocation.jpg\" class=\"attachment-full size-full wp-image-7421\" alt=\"\" srcset=\"https:\/\/mtgqn.org\/wp-content\/uploads\/2022\/10\/Vocation.jpg 900w, https:\/\/mtgqn.org\/wp-content\/uploads\/2022\/10\/Vocation-300x184.jpg 300w, https:\/\/mtgqn.org\/wp-content\/uploads\/2022\/10\/Vocation-768x471.jpg 768w, https:\/\/mtgqn.org\/wp-content\/uploads\/2022\/10\/Vocation-16x10.jpg 16w\" sizes=\"(max-width: 900px) 100vw, 900px\" \/>\t\t\t\t\t\t\t\t\t\t\t\t\t\t\t<\/div>\n\t\t\t\t<\/div>\n\t\t\t\t\t<\/div>\n\t\t<\/div>\n\t\t\t\t\t<\/div>\n\t\t<\/section>\n\t\t\t\t<section class=\"elementor-section elementor-top-section elementor-element elementor-element-98f76fd elementor-section-boxed elementor-section-height-default elementor-section-height-default\" data-id=\"98f76fd\" data-element_type=\"section\">\n\t\t\t\t\t\t<div class=\"elementor-container elementor-column-gap-default\">\n\t\t\t\t\t<div class=\"elementor-column elementor-col-100 elementor-top-column elementor-element elementor-element-59110d6\" data-id=\"59110d6\" data-element_type=\"column\">\n\t\t\t<div class=\"elementor-widget-wrap\">\n\t\t\t\t\t\t\t<\/div>\n\t\t<\/div>\n\t\t\t\t\t<\/div>\n\t\t<\/section>\n\t\t\t\t<section class=\"elementor-section elementor-top-section elementor-element elementor-element-58b84d9 elementor-section-boxed elementor-section-height-default elementor-section-height-default\" data-id=\"58b84d9\" data-element_type=\"section\" data-no-translation=\"\">\n\t\t\t\t\t\t<div class=\"elementor-container elementor-column-gap-default\">\n\t\t\t\t\t<div class=\"elementor-column elementor-col-100 elementor-top-column elementor-element elementor-element-8308e90\" data-id=\"8308e90\" data-element_type=\"column\">\n\t\t\t<div class=\"elementor-widget-wrap elementor-element-populated\">\n\t\t\t\t\t\t<div class=\"elementor-element elementor-element-3fa4843 elementor-widget elementor-widget-heading\" data-id=\"3fa4843\" data-element_type=\"widget\" data-widget_type=\"heading.default\">\n\t\t\t\t<div class=\"elementor-widget-container\">\n\t\t\t\t\t<h2 class=\"elementor-heading-title elementor-size-default\">H\u00ecnh \u1ea3nh c\u00e1c bu\u1ed5i ti\u0303nh t\u00e2m<\/h2>\t\t\t\t<\/div>\n\t\t\t\t<\/div>\n\t\t\t\t<div class=\"elementor-element elementor-element-73a3cf7 elementor-arrows-position-inside elementor-pagination-position-outside elementor-widget elementor-widget-image-carousel\" data-id=\"73a3cf7\" data-element_type=\"widget\" data-settings=\"{&quot;navigation&quot;:&quot;both&quot;,&quot;autoplay&quot;:&quot;yes&quot;,&quot;pause_on_hover&quot;:&quot;yes&quot;,&quot;pause_on_interaction&quot;:&quot;yes&quot;,&quot;autoplay_speed&quot;:5000,&quot;infinite&quot;:&quot;yes&quot;,&quot;speed&quot;:500}\" data-widget_type=\"image-carousel.default\">\n\t\t\t\t<div class=\"elementor-widget-container\">\n\t\t\t\t\t\t\t<div class=\"elementor-image-carousel-wrapper swiper\" role=\"region\" aria-roledescription=\"carousel\" aria-label=\"B\u0103ng chuy\u1ec1n h\u00ecnh \u1ea3nh\" dir=\"ltr\">\n\t\t\t<div class=\"elementor-image-carousel swiper-wrapper\" aria-live=\"off\">\n\t\t\t\t\t\t\t\t<div class=\"swiper-slide\" role=\"group\" aria-roledescription=\"slide\" aria-label=\"1 tr\u00ean 19\"><figure class=\"swiper-slide-inner\"><img decoding=\"async\" class=\"swiper-slide-image\" src=\"https:\/\/mtgqn.org\/wp-content\/uploads\/2020\/09\/IMG_5859-scaled.jpg\" alt=\"IMG_5859\" \/><\/figure><\/div><div class=\"swiper-slide\" role=\"group\" aria-roledescription=\"slide\" aria-label=\"2 tr\u00ean 19\"><figure class=\"swiper-slide-inner\"><img decoding=\"async\" class=\"swiper-slide-image\" src=\"https:\/\/mtgqn.org\/wp-content\/uploads\/2020\/09\/IMG_5840-scaled.jpg\" alt=\"IMG_5840\" \/><\/figure><\/div><div class=\"swiper-slide\" role=\"group\" aria-roledescription=\"slide\" aria-label=\"3 tr\u00ean 19\"><figure class=\"swiper-slide-inner\"><img decoding=\"async\" class=\"swiper-slide-image\" src=\"https:\/\/mtgqn.org\/wp-content\/uploads\/2020\/09\/IMG_5740-scaled.jpg\" alt=\"IMG_5740\" \/><\/figure><\/div><div class=\"swiper-slide\" role=\"group\" aria-roledescription=\"slide\" aria-label=\"4 tr\u00ean 19\"><figure class=\"swiper-slide-inner\"><img decoding=\"async\" class=\"swiper-slide-image\" src=\"https:\/\/mtgqn.org\/wp-content\/uploads\/2020\/09\/IMG_5733-scaled.jpg\" alt=\"IMG_5733\" \/><\/figure><\/div><div class=\"swiper-slide\" role=\"group\" aria-roledescription=\"slide\" aria-label=\"5 tr\u00ean 19\"><figure class=\"swiper-slide-inner\"><img decoding=\"async\" class=\"swiper-slide-image\" src=\"https:\/\/mtgqn.org\/wp-content\/uploads\/2020\/09\/20200725_104902-scaled.jpg\" alt=\"20200725_104902\" \/><\/figure><\/div><div class=\"swiper-slide\" role=\"group\" aria-roledescription=\"slide\" aria-label=\"6 tr\u00ean 19\"><figure class=\"swiper-slide-inner\"><img decoding=\"async\" class=\"swiper-slide-image\" src=\"https:\/\/mtgqn.org\/wp-content\/uploads\/2020\/09\/20200725_104632-scaled.jpg\" alt=\"20200725_104632\" \/><\/figure><\/div><div class=\"swiper-slide\" role=\"group\" aria-roledescription=\"slide\" aria-label=\"7 tr\u00ean 19\"><figure class=\"swiper-slide-inner\"><img decoding=\"async\" class=\"swiper-slide-image\" src=\"https:\/\/mtgqn.org\/wp-content\/uploads\/2020\/08\/CS-2020.jpg\" alt=\"C&amp;S 2020\" \/><\/figure><\/div><div class=\"swiper-slide\" role=\"group\" aria-roledescription=\"slide\" aria-label=\"8 tr\u00ean 19\"><figure class=\"swiper-slide-inner\"><img decoding=\"async\" class=\"swiper-slide-image\" src=\"https:\/\/mtgqn.org\/wp-content\/uploads\/2020\/09\/20191116_203834_750-2.jpg\" alt=\"20191116_203834_750 (2)\" \/><\/figure><\/div><div class=\"swiper-slide\" role=\"group\" aria-roledescription=\"slide\" aria-label=\"9 tr\u00ean 19\"><figure class=\"swiper-slide-inner\"><img decoding=\"async\" class=\"swiper-slide-image\" src=\"https:\/\/mtgqn.org\/wp-content\/uploads\/2020\/05\/IMG_0487-scaled.jpg\" alt=\"IMG_0487\" \/><\/figure><\/div><div class=\"swiper-slide\" role=\"group\" aria-roledescription=\"slide\" aria-label=\"10 tr\u00ean 19\"><figure class=\"swiper-slide-inner\"><img decoding=\"async\" class=\"swiper-slide-image\" src=\"https:\/\/mtgqn.org\/wp-content\/uploads\/2020\/08\/CS_Dec2019_2-scaled.jpg\" alt=\"C&amp;S_Dec2019_2\" \/><\/figure><\/div><div class=\"swiper-slide\" role=\"group\" aria-roledescription=\"slide\" aria-label=\"11 tr\u00ean 19\"><figure class=\"swiper-slide-inner\"><img decoding=\"async\" class=\"swiper-slide-image\" src=\"https:\/\/mtgqn.org\/wp-content\/uploads\/2020\/09\/20200725_170224-scaled.jpg\" alt=\"20200725_170224\" \/><\/figure><\/div><div class=\"swiper-slide\" role=\"group\" aria-roledescription=\"slide\" aria-label=\"12 tr\u00ean 19\"><figure class=\"swiper-slide-inner\"><img decoding=\"async\" class=\"swiper-slide-image\" src=\"https:\/\/mtgqn.org\/wp-content\/uploads\/2020\/11\/CS-Taize-3-scaled.jpg\" alt=\"C&amp;S Taize 3\" \/><\/figure><\/div><div class=\"swiper-slide\" role=\"group\" aria-roledescription=\"slide\" aria-label=\"13 tr\u00ean 19\"><figure class=\"swiper-slide-inner\"><img decoding=\"async\" class=\"swiper-slide-image\" src=\"https:\/\/mtgqn.org\/wp-content\/uploads\/2020\/11\/CS-Taize-2-scaled.jpg\" alt=\"C&amp;S Taize 2\" \/><\/figure><\/div><div class=\"swiper-slide\" role=\"group\" aria-roledescription=\"slide\" aria-label=\"14 tr\u00ean 19\"><figure class=\"swiper-slide-inner\"><img decoding=\"async\" class=\"swiper-slide-image\" src=\"https:\/\/mtgqn.org\/wp-content\/uploads\/2020\/11\/fun-scaled.jpg\" alt=\"fun\" \/><\/figure><\/div><div class=\"swiper-slide\" role=\"group\" aria-roledescription=\"slide\" aria-label=\"15 tr\u00ean 19\"><figure class=\"swiper-slide-inner\"><img decoding=\"async\" class=\"swiper-slide-image\" src=\"https:\/\/mtgqn.org\/wp-content\/uploads\/2020\/11\/CS-Christmas-6-scaled.jpg\" alt=\"C&amp;S Christmas 6\" \/><\/figure><\/div><div class=\"swiper-slide\" role=\"group\" aria-roledescription=\"slide\" aria-label=\"16 tr\u00ean 19\"><figure class=\"swiper-slide-inner\"><img decoding=\"async\" class=\"swiper-slide-image\" src=\"https:\/\/mtgqn.org\/wp-content\/uploads\/2020\/11\/CS-Christmas-2-scaled.jpg\" alt=\"C&amp;S Christmas 2\" \/><\/figure><\/div><div class=\"swiper-slide\" role=\"group\" aria-roledescription=\"slide\" aria-label=\"17 tr\u00ean 19\"><figure class=\"swiper-slide-inner\"><img decoding=\"async\" class=\"swiper-slide-image\" src=\"https:\/\/mtgqn.org\/wp-content\/uploads\/2020\/11\/CS-chrismas-4-scaled.jpg\" alt=\"C&amp;S chrismas 4\" \/><\/figure><\/div><div class=\"swiper-slide\" role=\"group\" aria-roledescription=\"slide\" aria-label=\"18 tr\u00ean 19\"><figure class=\"swiper-slide-inner\"><img decoding=\"async\" class=\"swiper-slide-image\" src=\"https:\/\/mtgqn.org\/wp-content\/uploads\/2020\/11\/CS-activity-3-scaled.jpg\" alt=\"C&amp;S activity 3\" \/><\/figure><\/div><div class=\"swiper-slide\" role=\"group\" aria-roledescription=\"slide\" aria-label=\"19 tr\u00ean 19\"><figure class=\"swiper-slide-inner\"><img decoding=\"async\" class=\"swiper-slide-image\" src=\"https:\/\/mtgqn.org\/wp-content\/uploads\/2020\/11\/CS-scaled.jpg\" alt=\"C&amp;S\" \/><\/figure><\/div>\t\t\t<\/div>\n\t\t\t\t\t\t\t\t\t\t\t\t<div class=\"elementor-swiper-button elementor-swiper-button-prev\" role=\"button\" tabindex=\"0\">\n\t\t\t\t\t\t<i aria-hidden=\"true\" class=\"eicon-chevron-left\"><\/i>\t\t\t\t\t<\/div>\n\t\t\t\t\t<div class=\"elementor-swiper-button elementor-swiper-button-next\" role=\"button\" tabindex=\"0\">\n\t\t\t\t\t\t<i aria-hidden=\"true\" class=\"eicon-chevron-right\"><\/i>\t\t\t\t\t<\/div>\n\t\t\t\t\n\t\t\t\t\t\t\t\t\t<div class=\"swiper-pagination\"><\/div>\n\t\t\t\t\t\t\t\t\t<\/div>\n\t\t\t\t\t\t<\/div>\n\t\t\t\t<\/div>\n\t\t\t\t\t<\/div>\n\t\t<\/div>\n\t\t\t\t\t<\/div>\n\t\t<\/section>\n\t\t\t\t<\/div>","protected":false},"excerpt":{"rendered":"<p>\u0110\u1ebfn v\u00e0 Xem &#8220;\u0110\u1ebfn v\u00e0 Xem&#8221; l\u00e0 l\u1eddi m\u1eddi g\u1ecdi c\u1ee7a Ch\u00faa Gi\u00easu cho c\u00e1c m\u00f4n \u0111\u1ec7 \u0111\u1ea7u ti\u00ean. Ch\u00faa Gi\u00easu v\u1eabn v\u00e0 \u0111ang ti\u1ebfp t\u1ee5c m\u1eddi g\u1ecdi bi\u1ebft bao nhi\u00eau t\u00e2m h\u1ed3n &#8220;\u0110\u1ebfn v\u00e0 Xem&#8221; n\u01a1i Ng\u00e0i \u1edf trong m\u1ed9t H\u1ed9i D\u00f2ng. N\u1ebfu b\u1ea1n \u0111ang khao kh\u00e1t t\u00ecm ki\u1ebfm Thi\u00ean Ch\u00faa, qu\u00fd S\u01a1 th\u00e2n &hellip;<\/p>\n<p class=\"read-more\"> <a class=\"\" href=\"https:\/\/mtgqn.org\/vi\/chuyen-on-goi\/\"> <span class=\"screen-reader-text\">\u01a0n G\u1ecdi<\/span> Read More &raquo;<\/a><\/p>","protected":false},"author":1,"featured_media":0,"parent":0,"menu_order":0,"comment_status":"closed","ping_status":"closed","template":"","meta":{"site-sidebar-layout":"no-sidebar","site-content-layout":"page-builder","ast-global-header-display":"","ast-banner-title-visibility":"","ast-main-header-display":"","ast-hfb-above-header-display":"","ast-hfb-below-header-display":"","ast-hfb-mobile-header-display":"","site-post-title":"disabled","ast-breadcrumbs-content":"","ast-featured-img":"disabled","footer-sml-layout":"","theme-transparent-header-meta":"default","adv-header-id-meta":"","stick-header-meta":"","header-above-stick-meta":"","header-main-stick-meta":"","header-below-stick-meta":"","footnotes":""},"class_list":["post-1302","page","type-page","status-publish","hentry"],"_links":{"self":[{"href":"https:\/\/mtgqn.org\/vi\/wp-json\/wp\/v2\/pages\/1302","targetHints":{"allow":["GET"]}}],"collection":[{"href":"https:\/\/mtgqn.org\/vi\/wp-json\/wp\/v2\/pages"}],"about":[{"href":"https:\/\/mtgqn.org\/vi\/wp-json\/wp\/v2\/types\/page"}],"author":[{"embeddable":true,"href":"https:\/\/mtgqn.org\/vi\/wp-json\/wp\/v2\/users\/1"}],"replies":[{"embeddable":true,"href":"https:\/\/mtgqn.org\/vi\/wp-json\/wp\/v2\/comments?post=1302"}],"version-history":[{"count":175,"href":"https:\/\/mtgqn.org\/vi\/wp-json\/wp\/v2\/pages\/1302\/revisions"}],"predecessor-version":[{"id":7430,"href":"https:\/\/mtgqn.org\/vi\/wp-json\/wp\/v2\/pages\/1302\/revisions\/7430"}],"wp:attachment":[{"href":"https:\/\/mtgqn.org\/vi\/wp-json\/wp\/v2\/media?parent=1302"}],"curies":[{"name":"wp","href":"https:\/\/api.w.org\/{rel}","templated":true}]}}