{"id":1306,"date":"2020-08-25T06:18:39","date_gmt":"2020-08-25T06:18:39","guid":{"rendered":"http:\/\/newhome.mtgqn.org\/?page_id=1306"},"modified":"2025-10-20T05:20:31","modified_gmt":"2025-10-20T05:20:31","slug":"qa","status":"publish","type":"page","link":"https:\/\/mtgqn.org\/vi\/qa\/","title":{"rendered":"Giai \u0110o\u1ea1n Hu\u1ea5n Luy\u1ec7n"},"content":{"rendered":"<div data-elementor-type=\"wp-page\" data-elementor-id=\"1306\" class=\"elementor elementor-1306\">\n\t\t\t\t\t\t<section class=\"elementor-section elementor-top-section elementor-element elementor-element-2a2af0b elementor-section-boxed elementor-section-height-default elementor-section-height-default\" data-id=\"2a2af0b\" data-element_type=\"section\" data-no-translation=\"\">\n\t\t\t\t\t\t<div class=\"elementor-container elementor-column-gap-default\">\n\t\t\t\t\t<div class=\"elementor-column elementor-col-100 elementor-top-column elementor-element elementor-element-8034092\" data-id=\"8034092\" data-element_type=\"column\">\n\t\t\t<div class=\"elementor-widget-wrap elementor-element-populated\">\n\t\t\t\t\t\t<div class=\"elementor-element elementor-element-fc4e4d3 elementor-widget elementor-widget-heading\" data-id=\"fc4e4d3\" data-element_type=\"widget\" data-widget_type=\"heading.default\">\n\t\t\t\t<div class=\"elementor-widget-container\">\n\t\t\t\t\t<h1 class=\"elementor-heading-title elementor-size-default\">Giai \u0110o\u1ea1n Hu\u1ea5n Luy\u1ec7n<\/h1>\t\t\t\t<\/div>\n\t\t\t\t<\/div>\n\t\t\t\t<div class=\"elementor-element elementor-element-f2486cb elementor-widget-divider--view-line elementor-widget elementor-widget-divider\" data-id=\"f2486cb\" data-element_type=\"widget\" data-widget_type=\"divider.default\">\n\t\t\t\t<div class=\"elementor-widget-container\">\n\t\t\t\t\t\t\t<div class=\"elementor-divider\">\n\t\t\t<span class=\"elementor-divider-separator\">\n\t\t\t\t\t\t<\/span>\n\t\t<\/div>\n\t\t\t\t\t\t<\/div>\n\t\t\t\t<\/div>\n\t\t\t\t<div class=\"elementor-element elementor-element-a3a8147 elementor-widget-divider--view-line elementor-widget elementor-widget-divider\" data-id=\"a3a8147\" data-element_type=\"widget\" data-widget_type=\"divider.default\">\n\t\t\t\t<div class=\"elementor-widget-container\">\n\t\t\t\t\t\t\t<div class=\"elementor-divider\">\n\t\t\t<span class=\"elementor-divider-separator\">\n\t\t\t\t\t\t<\/span>\n\t\t<\/div>\n\t\t\t\t\t\t<\/div>\n\t\t\t\t<\/div>\n\t\t\t\t\t<\/div>\n\t\t<\/div>\n\t\t\t\t\t<\/div>\n\t\t<\/section>\n\t\t\t\t<section class=\"elementor-section elementor-top-section elementor-element elementor-element-6d90181 elementor-section-boxed elementor-section-height-default elementor-section-height-default\" data-id=\"6d90181\" data-element_type=\"section\" data-no-translation=\"\">\n\t\t\t\t\t\t<div class=\"elementor-container elementor-column-gap-default\">\n\t\t\t\t\t<div class=\"elementor-column elementor-col-100 elementor-top-column elementor-element elementor-element-338527b\" data-id=\"338527b\" data-element_type=\"column\">\n\t\t\t<div class=\"elementor-widget-wrap elementor-element-populated\">\n\t\t\t\t\t\t<div class=\"elementor-element elementor-element-580911a elementor-widget elementor-widget-heading\" data-id=\"580911a\" data-element_type=\"widget\" data-widget_type=\"heading.default\">\n\t\t\t\t<div class=\"elementor-widget-container\">\n\t\t\t\t\t<h2 class=\"elementor-heading-title elementor-size-default\">Thanh Tuy\u1ec3n <\/h2>\t\t\t\t<\/div>\n\t\t\t\t<\/div>\n\t\t\t\t<div class=\"elementor-element elementor-element-ed2d2fe elementor-widget elementor-widget-text-editor\" data-id=\"ed2d2fe\" data-element_type=\"widget\" data-widget_type=\"text-editor.default\">\n\t\t\t\t<div class=\"elementor-widget-container\">\n\t\t\t\t\t\t\t\t\t<p><img fetchpriority=\"high\" decoding=\"async\" class=\"alignright wp-image-2408 size-medium\" src=\"http:\/\/mtgqn.org\/wp-content\/uploads\/2020\/09\/IMG_0718-225x300.jpg\" alt=\"\" width=\"225\" height=\"300\" srcset=\"https:\/\/mtgqn.org\/wp-content\/uploads\/2020\/09\/IMG_0718-225x300.jpg 225w, https:\/\/mtgqn.org\/wp-content\/uploads\/2020\/09\/IMG_0718-768x1024.jpg 768w, https:\/\/mtgqn.org\/wp-content\/uploads\/2020\/09\/IMG_0718-1152x1536.jpg 1152w, https:\/\/mtgqn.org\/wp-content\/uploads\/2020\/09\/IMG_0718-1536x2048.jpg 1536w, https:\/\/mtgqn.org\/wp-content\/uploads\/2020\/09\/IMG_0718-scaled.jpg 1920w\" sizes=\"(max-width: 225px) 100vw, 225px\" \/>Thanh tuy\u1ec3n l\u00e0 nh\u1eefng b\u1ea1n n\u1eef tr\u00ean 18 tu\u1ed5i nghe \u0111\u01b0\u1ee3c l\u1eddi m\u1eddi g\u1ecdi c\u1ee7a Ch\u00faa Gi\u00easu: &#8220;H\u00e3y theo Th\u1ea7y!&#8221; v\u00e0 c\u00e1c b\u1ea1n \u0111\u00e1p l\u1ea1i l\u1eddi m\u1eddi g\u1ecdi \u0111\u00f3 qua vi\u1ec7c gia nh\u1eadp c\u1ed9ng \u0111o\u00e0n Thanh tuy\u1ec3n c\u1ee7a H\u1ed9i D\u00f2ng.\u00a0<\/p><p>M\u1ee5c \u0111\u00edch giai \u0111o\u1ea1i Thanh tuy\u1ec3n l\u00e0 gi\u00fap cho \u1ee9ng sinh t\u00ecm hi\u1ec3u, th\u00edch nghi v\u00e0 nh\u1eadn ra nh\u1eefng d\u1ea5u ch\u1ec9 ph\u00f9 h\u1ee3p v\u1edbi \u01a1n g\u1ecdi M\u1ebfn Th\u00e1nh Gi\u00e1.<\/p><p>Th\u1eddi h\u1ea1n Thanh tuy\u1ec3n t\u1ed1i thi\u1ec3u l\u00e0 m\u1ed9t n\u0103m.<\/p>\t\t\t\t\t\t\t\t<\/div>\n\t\t\t\t<\/div>\n\t\t\t\t\t<\/div>\n\t\t<\/div>\n\t\t\t\t\t<\/div>\n\t\t<\/section>\n\t\t\t\t<section class=\"elementor-section elementor-top-section elementor-element elementor-element-39b9ace elementor-section-boxed elementor-section-height-default elementor-section-height-default\" data-id=\"39b9ace\" data-element_type=\"section\">\n\t\t\t\t\t\t<div class=\"elementor-container elementor-column-gap-default\">\n\t\t\t\t\t<div class=\"elementor-column elementor-col-100 elementor-top-column elementor-element elementor-element-9a3ab76\" data-id=\"9a3ab76\" data-element_type=\"column\">\n\t\t\t<div class=\"elementor-widget-wrap elementor-element-populated\">\n\t\t\t\t\t\t<div class=\"elementor-element elementor-element-6cf682a elementor-widget elementor-widget-heading\" data-id=\"6cf682a\" data-element_type=\"widget\" data-widget_type=\"heading.default\">\n\t\t\t\t<div class=\"elementor-widget-container\">\n\t\t\t\t\t<h2 class=\"elementor-heading-title elementor-size-default\">Ti\u1ec1n T\u1eadp Vi\u1ec7n<\/h2>\t\t\t\t<\/div>\n\t\t\t\t<\/div>\n\t\t\t\t\t<\/div>\n\t\t<\/div>\n\t\t\t\t\t<\/div>\n\t\t<\/section>\n\t\t\t\t<section class=\"elementor-section elementor-top-section elementor-element elementor-element-0b9ea21 elementor-section-boxed elementor-section-height-default elementor-section-height-default\" data-id=\"0b9ea21\" data-element_type=\"section\" data-settings=\"{&quot;background_background&quot;:&quot;classic&quot;}\" data-no-translation=\"\">\n\t\t\t\t\t\t<div class=\"elementor-container elementor-column-gap-default\">\n\t\t\t\t\t<div class=\"elementor-column elementor-col-100 elementor-top-column elementor-element elementor-element-d794fbb\" data-id=\"d794fbb\" data-element_type=\"column\">\n\t\t\t<div class=\"elementor-widget-wrap elementor-element-populated\">\n\t\t\t\t\t\t<div class=\"elementor-element elementor-element-0859370 elementor-widget elementor-widget-text-editor\" data-id=\"0859370\" data-element_type=\"widget\" data-widget_type=\"text-editor.default\">\n\t\t\t\t<div class=\"elementor-widget-container\">\n\t\t\t\t\t\t\t\t\t<p>\u00a0<\/p><p><span style=\"font-size: 14.0pt; font-family: 'Times New Roman'; mso-fareast-font-family: '\uff2d\uff33 \u660e\u671d'; mso-fareast-theme-font: minor-fareast; mso-ansi-language: EN-US; mso-fareast-language: EN-US; mso-bidi-language: AR-SA;\"><img decoding=\"async\" class=\"size-medium wp-image-2937 alignright\" src=\"http:\/\/mtgqn.org\/wp-content\/uploads\/2020\/11\/IMG_0009-225x300.jpg\" alt=\"\" width=\"225\" height=\"300\" srcset=\"https:\/\/mtgqn.org\/wp-content\/uploads\/2020\/11\/IMG_0009-225x300.jpg 225w, https:\/\/mtgqn.org\/wp-content\/uploads\/2020\/11\/IMG_0009-768x1024.jpg 768w, https:\/\/mtgqn.org\/wp-content\/uploads\/2020\/11\/IMG_0009-1152x1536.jpg 1152w, https:\/\/mtgqn.org\/wp-content\/uploads\/2020\/11\/IMG_0009-1536x2048.jpg 1536w, https:\/\/mtgqn.org\/wp-content\/uploads\/2020\/11\/IMG_0009-scaled.jpg 1920w\" sizes=\"(max-width: 225px) 100vw, 225px\" \/>M\u1ee5c \u0111\u00edch c\u1ee7a giai \u0111o\u1ea1n Ti\u1ec1n T\u1eadp vi\u1ec7n l\u00e0 gi\u00fap \u1ee9ng sinh nh\u1eadt bi\u1ebft \u01a1n g\u1ecdi c\u1ee7a m\u00ecnh v\u00e0 c\u1ee7a H\u1ed9i D\u00f2ng. \u0110\u00e2y c\u0169ng l\u00e0 giai \u0111o\u1ea1n \u0111\u1ec3 chu\u1ea9n b\u1ecb \u1ee9ng sinh v\u00e0o T\u1eadp vi\u1ec7n b\u1eb1ng c\u00e1ch \u0111\u00e0o s\u00e2u v\u00e0o \u0111\u1eddi s\u1ed1ng \u0111\u1ee9c tin, \u0111\u1eddi s\u1ed1ng c\u1ea7u nguy\u1ec7n qua Ph\u1ee5ng v\u1ee5 v\u00e0 nguy\u1ec7n ng\u1eafm, ti\u1ec3u s\u1eed c\u1ee7a \u0110\u1ea5ng S\u00e1ng l\u1eadp v\u00e0 truy\u1ec1n th\u1ed1ng H\u1ed9i d\u00f2ng.<\/span><\/p><p>Th\u1eddi h\u1ea1n Ti\u1ec1n t\u1eadp t\u1ed1i thi\u1ec3u l\u00e0 s\u00e1u th\u00e1ng.<\/p>\t\t\t\t\t\t\t\t<\/div>\n\t\t\t\t<\/div>\n\t\t\t\t\t<\/div>\n\t\t<\/div>\n\t\t\t\t\t<\/div>\n\t\t<\/section>\n\t\t\t\t<section class=\"elementor-section elementor-top-section elementor-element elementor-element-9797e93 elementor-section-boxed elementor-section-height-default elementor-section-height-default\" data-id=\"9797e93\" data-element_type=\"section\">\n\t\t\t\t\t\t<div class=\"elementor-container elementor-column-gap-default\">\n\t\t\t\t\t<div class=\"elementor-column elementor-col-100 elementor-top-column elementor-element elementor-element-8717d8e\" data-id=\"8717d8e\" data-element_type=\"column\">\n\t\t\t<div class=\"elementor-widget-wrap elementor-element-populated\">\n\t\t\t\t\t\t<div class=\"elementor-element elementor-element-d805ec7 elementor-widget elementor-widget-heading\" data-id=\"d805ec7\" data-element_type=\"widget\" data-widget_type=\"heading.default\">\n\t\t\t\t<div class=\"elementor-widget-container\">\n\t\t\t\t\t<h2 class=\"elementor-heading-title elementor-size-default\">T\u1eadp Vi\u1ec7n<\/h2>\t\t\t\t<\/div>\n\t\t\t\t<\/div>\n\t\t\t\t\t<\/div>\n\t\t<\/div>\n\t\t\t\t\t<\/div>\n\t\t<\/section>\n\t\t\t\t<section class=\"elementor-section elementor-top-section elementor-element elementor-element-8270412 elementor-section-boxed elementor-section-height-default elementor-section-height-default\" data-id=\"8270412\" data-element_type=\"section\">\n\t\t\t\t\t\t<div class=\"elementor-container elementor-column-gap-default\">\n\t\t\t\t\t<div class=\"elementor-column elementor-col-66 elementor-top-column elementor-element elementor-element-6f9f4dc\" data-id=\"6f9f4dc\" data-element_type=\"column\">\n\t\t\t<div class=\"elementor-widget-wrap elementor-element-populated\">\n\t\t\t\t\t\t<div class=\"elementor-element elementor-element-58e030f elementor-widget elementor-widget-heading\" data-id=\"58e030f\" data-element_type=\"widget\" data-widget_type=\"heading.default\">\n\t\t\t\t<div class=\"elementor-widget-container\">\n\t\t\t\t\t<h3 class=\"elementor-heading-title elementor-size-default\">Giai \u0111o\u1ea1n T\u1eadp sinh l\u00e0 th\u1eddi gian&nbsp; qua tr\u1ecdng nh\u1ea5t trong h\u00e0nh tr\u00ecnh hu\u1ea5n luy\u1ec7n \u0111\u1ec3 gi\u00fap \u1ee9ng sinh nh\u1eadn bi\u1ebft ch\u1eafc ch\u1eafn v\u00e0 r\u00f5 r\u00e0ng h\u01a1n \u01a1n g\u1ecdi c\u1ee7a m\u00ecnh v\u00e0 H\u1ed9i d\u00f2ng, th\u1ef1c nghi\u1ec7m l\u1ed1i s\u1ed1ng c\u1ee7a H\u1ed9i d\u00f2ng, h\u1ecdc h\u1ecfi v\u1ec1 ba l\u1eddi Kh\u1ea5n Ph\u00fac \u00c2m, u\u1ed1n n\u1eafn tr\u00ed tu\u1ec7 v\u00e0 tr\u00e1i tim theo \u0111\u1eb7c s\u1ee7ng D\u00f2ng M\u1ebfn Th\u00e1nh Gi\u00e1.\n\nTh\u1eddi h\u1ea1n T\u1eadp sinh l\u00e0 hai n\u0103m. <\/h3>\t\t\t\t<\/div>\n\t\t\t\t<\/div>\n\t\t\t\t\t<\/div>\n\t\t<\/div>\n\t\t\t\t<div class=\"elementor-column elementor-col-33 elementor-top-column elementor-element elementor-element-49df5ff\" data-id=\"49df5ff\" data-element_type=\"column\">\n\t\t\t<div class=\"elementor-widget-wrap elementor-element-populated\">\n\t\t\t\t\t\t<div class=\"elementor-element elementor-element-ac4cb7a elementor-widget elementor-widget-image\" data-id=\"ac4cb7a\" data-element_type=\"widget\" data-widget_type=\"image.default\">\n\t\t\t\t<div class=\"elementor-widget-container\">\n\t\t\t\t\t\t\t\t\t\t\t\t\t\t\t<img decoding=\"async\" width=\"200\" height=\"300\" src=\"https:\/\/mtgqn.org\/wp-content\/uploads\/2020\/09\/Nha-Tap_Trang-Ashley-1-200x300.jpg\" class=\"attachment-medium size-medium wp-image-1760\" alt=\"\" srcset=\"https:\/\/mtgqn.org\/wp-content\/uploads\/2020\/09\/Nha-Tap_Trang-Ashley-1-200x300.jpg 200w, https:\/\/mtgqn.org\/wp-content\/uploads\/2020\/09\/Nha-Tap_Trang-Ashley-1-684x1024.jpg 684w, https:\/\/mtgqn.org\/wp-content\/uploads\/2020\/09\/Nha-Tap_Trang-Ashley-1-768x1150.jpg 768w, https:\/\/mtgqn.org\/wp-content\/uploads\/2020\/09\/Nha-Tap_Trang-Ashley-1-1025x1536.jpg 1025w, https:\/\/mtgqn.org\/wp-content\/uploads\/2020\/09\/Nha-Tap_Trang-Ashley-1-1367x2048.jpg 1367w, https:\/\/mtgqn.org\/wp-content\/uploads\/2020\/09\/Nha-Tap_Trang-Ashley-1-scaled.jpg 1709w\" sizes=\"(max-width: 200px) 100vw, 200px\" \/>\t\t\t\t\t\t\t\t\t\t\t\t\t\t\t<\/div>\n\t\t\t\t<\/div>\n\t\t\t\t\t<\/div>\n\t\t<\/div>\n\t\t\t\t\t<\/div>\n\t\t<\/section>\n\t\t\t\t<section class=\"elementor-section elementor-top-section elementor-element elementor-element-f243d1f elementor-section-boxed elementor-section-height-default elementor-section-height-default\" data-id=\"f243d1f\" data-element_type=\"section\" data-settings=\"{&quot;background_background&quot;:&quot;classic&quot;}\" data-no-translation=\"\">\n\t\t\t\t\t\t<div class=\"elementor-container elementor-column-gap-default\">\n\t\t\t\t\t<div class=\"elementor-column elementor-col-100 elementor-top-column elementor-element elementor-element-9d3674b\" data-id=\"9d3674b\" data-element_type=\"column\">\n\t\t\t<div class=\"elementor-widget-wrap elementor-element-populated\">\n\t\t\t\t\t\t<div class=\"elementor-element elementor-element-9654613 elementor-widget elementor-widget-heading\" data-id=\"9654613\" data-element_type=\"widget\" data-widget_type=\"heading.default\">\n\t\t\t\t<div class=\"elementor-widget-container\">\n\t\t\t\t\t<h2 class=\"elementor-heading-title elementor-size-default\">H\u1ecdc Vi\u1ec7n<\/h2>\t\t\t\t<\/div>\n\t\t\t\t<\/div>\n\t\t\t\t<div class=\"elementor-element elementor-element-ae5bfe7 elementor-widget elementor-widget-text-editor\" data-id=\"ae5bfe7\" data-element_type=\"widget\" data-widget_type=\"text-editor.default\">\n\t\t\t\t<div class=\"elementor-widget-container\">\n\t\t\t\t\t\t\t\t\t<p><img loading=\"lazy\" decoding=\"async\" class=\"wp-image-2941 alignleft\" src=\"http:\/\/mtgqn.org\/wp-content\/uploads\/2020\/11\/IMG_7650-scaled-e1604874022810-209x300.jpg\" alt=\"\" width=\"215\" height=\"308\" srcset=\"https:\/\/mtgqn.org\/wp-content\/uploads\/2020\/11\/IMG_7650-scaled-e1604874022810-209x300.jpg 209w, https:\/\/mtgqn.org\/wp-content\/uploads\/2020\/11\/IMG_7650-scaled-e1604874022810-714x1024.jpg 714w, https:\/\/mtgqn.org\/wp-content\/uploads\/2020\/11\/IMG_7650-scaled-e1604874022810-768x1102.jpg 768w, https:\/\/mtgqn.org\/wp-content\/uploads\/2020\/11\/IMG_7650-scaled-e1604874022810.jpg 1030w\" sizes=\"(max-width: 215px) 100vw, 215px\" \/><\/p><p><img loading=\"lazy\" decoding=\"async\" class=\"size-medium wp-image-1973 alignright\" src=\"http:\/\/mtgqn.org\/wp-content\/uploads\/2020\/09\/2014LeKhan-338-scaled-e1604865313597-138x300.jpg\" alt=\"\" width=\"138\" height=\"300\" srcset=\"https:\/\/mtgqn.org\/wp-content\/uploads\/2020\/09\/2014LeKhan-338-scaled-e1604865313597-138x300.jpg 138w, https:\/\/mtgqn.org\/wp-content\/uploads\/2020\/09\/2014LeKhan-338-scaled-e1604865313597-471x1024.jpg 471w, https:\/\/mtgqn.org\/wp-content\/uploads\/2020\/09\/2014LeKhan-338-scaled-e1604865313597-768x1669.jpg 768w, https:\/\/mtgqn.org\/wp-content\/uploads\/2020\/09\/2014LeKhan-338-scaled-e1604865313597-707x1536.jpg 707w, https:\/\/mtgqn.org\/wp-content\/uploads\/2020\/09\/2014LeKhan-338-scaled-e1604865313597-942x2048.jpg 942w, https:\/\/mtgqn.org\/wp-content\/uploads\/2020\/09\/2014LeKhan-338-scaled-e1604865313597.jpg 1004w\" sizes=\"(max-width: 138px) 100vw, 138px\" \/>Giai \u0111o\u1ea1n Kh\u1ea5n t\u1ea1m l\u00e0 th\u1eddi gian kh\u1ea5n sinh d\u00e2ng hi\u1ebfn tr\u1ecdn v\u1eb9n v\u00e0 d\u1ee9t kho\u00e1t cho Ch\u00faa Kit\u00f4 theo \u0111\u1eb7c s\u1ee7ng v\u00e0 n\u1ebfp s\u1ed1ng ri\u00eang c\u1ee7a H\u1ed9i d\u00f2ng, v\u00e0 vi\u1ec7c tu\u00e2n gi\u1eef Ba l\u1eddi Khuy\u00ean Ph\u00fac \u00c2m.<\/p><p>Th\u1eddi h\u1ea1n kh\u1ea5n t\u1ea1m t\u1ed1i thi\u1ec3u l\u00e0 n\u0103m n\u0103m tr\u01b0\u1edbc khi kh\u1ea5n tr\u1ecdn.<\/p>\t\t\t\t\t\t\t\t<\/div>\n\t\t\t\t<\/div>\n\t\t\t\t\t<\/div>\n\t\t<\/div>\n\t\t\t\t\t<\/div>\n\t\t<\/section>\n\t\t\t\t<section class=\"elementor-section elementor-top-section elementor-element elementor-element-c4b0579 elementor-section-boxed elementor-section-height-default elementor-section-height-default\" data-id=\"c4b0579\" data-element_type=\"section\">\n\t\t\t\t\t\t<div class=\"elementor-container elementor-column-gap-default\">\n\t\t\t\t\t<div class=\"elementor-column elementor-col-66 elementor-top-column elementor-element elementor-element-f7f8267\" data-id=\"f7f8267\" data-element_type=\"column\">\n\t\t\t<div class=\"elementor-widget-wrap elementor-element-populated\">\n\t\t\t\t\t\t<div class=\"elementor-element elementor-element-7fb45c9 elementor-widget elementor-widget-heading\" data-id=\"7fb45c9\" data-element_type=\"widget\" data-widget_type=\"heading.default\">\n\t\t\t\t<div class=\"elementor-widget-container\">\n\t\t\t\t\t<h3 class=\"elementor-heading-title elementor-size-default\">Novitiate stage is the most important formation period assisting novices to clearly affirm their vocations and the Congregation\u2019s, to experience the life of the Congregation, to study the Evangelical Vows, to conform their minds and hearts to the Lambertian Spirituality.\n\nThe stage of Novitiate lasts at least two years.<\/h3>\t\t\t\t<\/div>\n\t\t\t\t<\/div>\n\t\t\t\t\t<\/div>\n\t\t<\/div>\n\t\t\t\t<div class=\"elementor-column elementor-col-33 elementor-top-column elementor-element elementor-element-80e2121\" data-id=\"80e2121\" data-element_type=\"column\">\n\t\t\t<div class=\"elementor-widget-wrap elementor-element-populated\">\n\t\t\t\t\t\t<div class=\"elementor-element elementor-element-3dd42b8 elementor-widget elementor-widget-image\" data-id=\"3dd42b8\" data-element_type=\"widget\" data-widget_type=\"image.default\">\n\t\t\t\t<div class=\"elementor-widget-container\">\n\t\t\t\t\t\t\t\t\t\t\t\t\t\t\t<img decoding=\"async\" width=\"200\" height=\"300\" src=\"https:\/\/mtgqn.org\/wp-content\/uploads\/2020\/09\/Nha-Tap_Trang-Ashley-1-200x300.jpg\" class=\"attachment-medium size-medium wp-image-1760\" alt=\"\" srcset=\"https:\/\/mtgqn.org\/wp-content\/uploads\/2020\/09\/Nha-Tap_Trang-Ashley-1-200x300.jpg 200w, https:\/\/mtgqn.org\/wp-content\/uploads\/2020\/09\/Nha-Tap_Trang-Ashley-1-684x1024.jpg 684w, https:\/\/mtgqn.org\/wp-content\/uploads\/2020\/09\/Nha-Tap_Trang-Ashley-1-768x1150.jpg 768w, https:\/\/mtgqn.org\/wp-content\/uploads\/2020\/09\/Nha-Tap_Trang-Ashley-1-1025x1536.jpg 1025w, https:\/\/mtgqn.org\/wp-content\/uploads\/2020\/09\/Nha-Tap_Trang-Ashley-1-1367x2048.jpg 1367w, https:\/\/mtgqn.org\/wp-content\/uploads\/2020\/09\/Nha-Tap_Trang-Ashley-1-scaled.jpg 1709w\" sizes=\"(max-width: 200px) 100vw, 200px\" \/>\t\t\t\t\t\t\t\t\t\t\t\t\t\t\t<\/div>\n\t\t\t\t<\/div>\n\t\t\t\t\t<\/div>\n\t\t<\/div>\n\t\t\t\t\t<\/div>\n\t\t<\/section>\n\t\t\t\t<\/div>","protected":false},"excerpt":{"rendered":"<p>Giai \u0110o\u1ea1n Hu\u1ea5n Luy\u1ec7n Thanh Tuy\u1ec3n Thanh tuy\u1ec3n l\u00e0 nh\u1eefng b\u1ea1n n\u1eef tr\u00ean 18 tu\u1ed5i nghe \u0111\u01b0\u1ee3c l\u1eddi m\u1eddi g\u1ecdi c\u1ee7a Ch\u00faa Gi\u00easu: &#8220;H\u00e3y theo Th\u1ea7y!&#8221; v\u00e0 c\u00e1c b\u1ea1n \u0111\u00e1p l\u1ea1i l\u1eddi m\u1eddi g\u1ecdi \u0111\u00f3 qua vi\u1ec7c gia nh\u1eadp c\u1ed9ng \u0111o\u00e0n Thanh tuy\u1ec3n c\u1ee7a H\u1ed9i D\u00f2ng.\u00a0 M\u1ee5c \u0111\u00edch giai \u0111o\u1ea1i Thanh tuy\u1ec3n l\u00e0 gi\u00fap cho &hellip;<\/p>\n<p class=\"read-more\"> <a class=\"\" href=\"https:\/\/mtgqn.org\/vi\/qa\/\"> <span class=\"screen-reader-text\">Giai \u0110o\u1ea1n Hu\u1ea5n Luy\u1ec7n<\/span> Read More &raquo;<\/a><\/p>","protected":false},"author":1,"featured_media":0,"parent":0,"menu_order":0,"comment_status":"closed","ping_status":"closed","template":"","meta":{"site-sidebar-layout":"no-sidebar","site-content-layout":"page-builder","ast-global-header-display":"","ast-banner-title-visibility":"","ast-main-header-display":"","ast-hfb-above-header-display":"","ast-hfb-below-header-display":"","ast-hfb-mobile-header-display":"","site-post-title":"disabled","ast-breadcrumbs-content":"","ast-featured-img":"disabled","footer-sml-layout":"","theme-transparent-header-meta":"default","adv-header-id-meta":"","stick-header-meta":"","header-above-stick-meta":"","header-main-stick-meta":"","header-below-stick-meta":"","footnotes":""},"class_list":["post-1306","page","type-page","status-publish","hentry"],"_links":{"self":[{"href":"https:\/\/mtgqn.org\/vi\/wp-json\/wp\/v2\/pages\/1306","targetHints":{"allow":["GET"]}}],"collection":[{"href":"https:\/\/mtgqn.org\/vi\/wp-json\/wp\/v2\/pages"}],"about":[{"href":"https:\/\/mtgqn.org\/vi\/wp-json\/wp\/v2\/types\/page"}],"author":[{"embeddable":true,"href":"https:\/\/mtgqn.org\/vi\/wp-json\/wp\/v2\/users\/1"}],"replies":[{"embeddable":true,"href":"https:\/\/mtgqn.org\/vi\/wp-json\/wp\/v2\/comments?post=1306"}],"version-history":[{"count":54,"href":"https:\/\/mtgqn.org\/vi\/wp-json\/wp\/v2\/pages\/1306\/revisions"}],"predecessor-version":[{"id":7894,"href":"https:\/\/mtgqn.org\/vi\/wp-json\/wp\/v2\/pages\/1306\/revisions\/7894"}],"wp:attachment":[{"href":"https:\/\/mtgqn.org\/vi\/wp-json\/wp\/v2\/media?parent=1306"}],"curies":[{"name":"wp","href":"https:\/\/api.w.org\/{rel}","templated":true}]}}